{"id":387,"date":"2021-12-16T14:14:47","date_gmt":"2021-12-16T17:14:47","guid":{"rendered":"http:\/\/www.pcncontabilidade.com.br\/new\/?page_id=387"},"modified":"2021-12-23T16:33:41","modified_gmt":"2021-12-23T19:33:41","slug":"profissionais-autonomos","status":"publish","type":"page","link":"https:\/\/www.pcncontabilidade.com.br\/new\/profissionais-autonomos\/","title":{"rendered":"Profissionais Aut\u00f4nomos"},"content":{"rendered":"\n<pre class=\"wp-block-verse has-medium-font-size\">Todo profissional que exerce atividade remunerada, deve estar em dia com as suas obriga\u00e7\u00f5es fiscais. Seja a obten\u00e7\u00e3o de licen\u00e7as ( Alvar\u00e1, Inscri\u00e7\u00e3o em Conselho, Autoriza\u00e7\u00e3o de Atividades), seja atrav\u00e9s do recolhimento de impostos.<\/pre>\n\n\n\n<hr class=\"wp-block-separator has-text-color has-background has-vivid-cyan-blue-background-color has-vivid-cyan-blue-color is-style-wide\"\/>\n\n\n\n<div class=\"wp-block-group\"><div class=\"wp-block-group__inner-container is-layout-flow wp-block-group-is-layout-flow\">\n<div class=\"wp-block-columns is-layout-flex wp-container-core-columns-is-layout-9d6595d7 wp-block-columns-is-layout-flex\">\n<div class=\"wp-block-column is-layout-flow wp-block-column-is-layout-flow\" style=\"flex-basis:100%\">\n<div class=\"wp-block-columns is-layout-flex wp-container-core-columns-is-layout-9d6595d7 wp-block-columns-is-layout-flex\">\n<div class=\"wp-block-column is-layout-flow wp-block-column-is-layout-flow\">\n<div class=\"wp-block-media-text alignwide is-stacked-on-mobile is-image-fill\"><figure class=\"wp-block-media-text__media\" style=\"background-image:url(https:\/\/www.pcncontabilidade.com.br\/new\/wp-content\/uploads\/2021\/12\/hacerse-autonomo-1024x1024.jpg);background-position:50% 50%\"><img loading=\"lazy\" decoding=\"async\" width=\"1024\" height=\"1024\" src=\"https:\/\/www.pcncontabilidade.com.br\/new\/wp-content\/uploads\/2021\/12\/hacerse-autonomo-1024x1024.jpg\" alt=\"\" class=\"wp-image-388 size-full\" srcset=\"https:\/\/www.pcncontabilidade.com.br\/new\/wp-content\/uploads\/2021\/12\/hacerse-autonomo-1024x1024.jpg 1024w, https:\/\/www.pcncontabilidade.com.br\/new\/wp-content\/uploads\/2021\/12\/hacerse-autonomo-300x300.jpg 300w, https:\/\/www.pcncontabilidade.com.br\/new\/wp-content\/uploads\/2021\/12\/hacerse-autonomo-150x150.jpg 150w, https:\/\/www.pcncontabilidade.com.br\/new\/wp-content\/uploads\/2021\/12\/hacerse-autonomo-768x768.jpg 768w, https:\/\/www.pcncontabilidade.com.br\/new\/wp-content\/uploads\/2021\/12\/hacerse-autonomo-1536x1536.jpg 1536w, https:\/\/www.pcncontabilidade.com.br\/new\/wp-content\/uploads\/2021\/12\/hacerse-autonomo.jpg 1667w\" sizes=\"auto, (max-width: 1024px) 100vw, 1024px\" \/><\/figure><div class=\"wp-block-media-text__content\">\n<p style=\"font-size:18px\">Nossa fun\u00e7\u00e3o \u00e9 auxili\u00e1-lo na burocracia, bem como, oferecer os servi\u00e7os cont\u00e1beis pertinentes a sua atividade e forma de trabalho. Seja por meio do nosso Recursos Humanos (Contrata\u00e7\u00f5es, Demiss\u00f5es, F\u00e9rias, Promo\u00e7\u00f5es), nosso Depto Fiscal (Livro Caixa, DMED, DIRF, RAIS), Nosso Depto de Legaliza\u00e7\u00e3o(Alvar\u00e1, Bombeiros, SICAF, CNES), seja pelo nosso Depto Cont\u00e1bil( IRPF, Livros Fiscais, Escritura\u00e7\u00e3o).<\/p>\n<\/div><\/div>\n<\/div>\n<\/div>\n<\/div>\n<\/div>\n<\/div><\/div>\n\n\n\n<p><\/p>\n","protected":false},"excerpt":{"rendered":"<p>Todo profissional que exerce atividade remunerada, deve estar em dia com as suas obriga\u00e7\u00f5es fiscais. Seja a obten\u00e7\u00e3o de licen\u00e7as ( Alvar\u00e1, Inscri\u00e7\u00e3o em Conselho, Autoriza\u00e7\u00e3o de Atividades), seja atrav\u00e9s do recolhimento de impostos. Nossa fun\u00e7\u00e3o \u00e9 auxili\u00e1-lo na burocracia, bem como, oferecer os servi\u00e7os cont\u00e1beis pertinentes a sua atividade e forma de trabalho. Seja por meio do nosso Recursos Humanos (Contrata\u00e7\u00f5es, Demiss\u00f5es, F\u00e9rias, Promo\u00e7\u00f5es),&hellip; <\/p>\n","protected":false},"author":1,"featured_media":389,"parent":0,"menu_order":0,"comment_status":"closed","ping_status":"closed","template":"","meta":{"_mi_skip_tracking":false,"footnotes":""},"class_list":["post-387","page","type-page","status-publish","has-post-thumbnail","hentry","clearfix"],"yoast_head":"<!-- This site is optimized with the Yoast SEO plugin v27.5 - https:\/\/yoast.com\/product\/yoast-seo-wordpress\/ -->\n<title>PCN Contabilidade | Profissionais Aut\u00f4nomos<\/title>\n<meta name=\"description\" content=\"% Profissionais Aut\u00f4nomos\" \/>\n<meta name=\"robots\" content=\"index, follow, max-snippet:-1, max-image-preview:large, max-video-preview:-1\" \/>\n<link rel=\"canonical\" href=\"https:\/\/www.pcncontabilidade.com.br\/new\/profissionais-autonomos\/\" \/>\n<meta property=\"og:locale\" content=\"pt_BR\" \/>\n<meta property=\"og:type\" content=\"article\" \/>\n<meta property=\"og:title\" content=\"PCN Contabilidade | Profissionais Aut\u00f4nomos\" \/>\n<meta property=\"og:description\" content=\"% Profissionais Aut\u00f4nomos\" \/>\n<meta property=\"og:url\" content=\"https:\/\/www.pcncontabilidade.com.br\/new\/profissionais-autonomos\/\" \/>\n<meta property=\"article:modified_time\" content=\"2021-12-23T19:33:41+00:00\" \/>\n<meta property=\"og:image\" content=\"https:\/\/www.pcncontabilidade.com.br\/new\/wp-content\/uploads\/2021\/12\/autonomos.png\" \/>\n\t<meta property=\"og:image:width\" content=\"300\" \/>\n\t<meta property=\"og:image:height\" content=\"293\" \/>\n\t<meta property=\"og:image:type\" content=\"image\/png\" \/>\n<meta name=\"twitter:card\" content=\"summary_large_image\" \/>\n<meta name=\"twitter:label1\" content=\"Est. tempo de leitura\" \/>\n\t<meta name=\"twitter:data1\" content=\"1 minuto\" \/>\n<script type=\"application\/ld+json\" class=\"yoast-schema-graph\">{\"@context\":\"https:\\\/\\\/schema.org\",\"@graph\":[{\"@type\":\"WebPage\",\"@id\":\"https:\\\/\\\/www.pcncontabilidade.com.br\\\/new\\\/profissionais-autonomos\\\/\",\"url\":\"https:\\\/\\\/www.pcncontabilidade.com.br\\\/new\\\/profissionais-autonomos\\\/\",\"name\":\"PCN Contabilidade | Profissionais Aut\u00f4nomos\",\"isPartOf\":{\"@id\":\"https:\\\/\\\/www.pcncontabilidade.com.br\\\/new\\\/#website\"},\"primaryImageOfPage\":{\"@id\":\"https:\\\/\\\/www.pcncontabilidade.com.br\\\/new\\\/profissionais-autonomos\\\/#primaryimage\"},\"image\":{\"@id\":\"https:\\\/\\\/www.pcncontabilidade.com.br\\\/new\\\/profissionais-autonomos\\\/#primaryimage\"},\"thumbnailUrl\":\"https:\\\/\\\/www.pcncontabilidade.com.br\\\/new\\\/wp-content\\\/uploads\\\/2021\\\/12\\\/autonomos.png\",\"datePublished\":\"2021-12-16T17:14:47+00:00\",\"dateModified\":\"2021-12-23T19:33:41+00:00\",\"description\":\"% Profissionais Aut\u00f4nomos\",\"breadcrumb\":{\"@id\":\"https:\\\/\\\/www.pcncontabilidade.com.br\\\/new\\\/profissionais-autonomos\\\/#breadcrumb\"},\"inLanguage\":\"pt-BR\",\"potentialAction\":[{\"@type\":\"ReadAction\",\"target\":[\"https:\\\/\\\/www.pcncontabilidade.com.br\\\/new\\\/profissionais-autonomos\\\/\"]}]},{\"@type\":\"ImageObject\",\"inLanguage\":\"pt-BR\",\"@id\":\"https:\\\/\\\/www.pcncontabilidade.com.br\\\/new\\\/profissionais-autonomos\\\/#primaryimage\",\"url\":\"https:\\\/\\\/www.pcncontabilidade.com.br\\\/new\\\/wp-content\\\/uploads\\\/2021\\\/12\\\/autonomos.png\",\"contentUrl\":\"https:\\\/\\\/www.pcncontabilidade.com.br\\\/new\\\/wp-content\\\/uploads\\\/2021\\\/12\\\/autonomos.png\",\"width\":300,\"height\":293},{\"@type\":\"BreadcrumbList\",\"@id\":\"https:\\\/\\\/www.pcncontabilidade.com.br\\\/new\\\/profissionais-autonomos\\\/#breadcrumb\",\"itemListElement\":[{\"@type\":\"ListItem\",\"position\":1,\"name\":\"In\u00edcio\",\"item\":\"https:\\\/\\\/www.pcncontabilidade.com.br\\\/new\\\/\"},{\"@type\":\"ListItem\",\"position\":2,\"name\":\"Profissionais Aut\u00f4nomos\"}]},{\"@type\":\"WebSite\",\"@id\":\"https:\\\/\\\/www.pcncontabilidade.com.br\\\/new\\\/#website\",\"url\":\"https:\\\/\\\/www.pcncontabilidade.com.br\\\/new\\\/\",\"name\":\"\",\"description\":\"Contabilidade de sucesso\",\"publisher\":{\"@id\":\"https:\\\/\\\/www.pcncontabilidade.com.br\\\/new\\\/#organization\"},\"potentialAction\":[{\"@type\":\"SearchAction\",\"target\":{\"@type\":\"EntryPoint\",\"urlTemplate\":\"https:\\\/\\\/www.pcncontabilidade.com.br\\\/new\\\/?s={search_term_string}\"},\"query-input\":{\"@type\":\"PropertyValueSpecification\",\"valueRequired\":true,\"valueName\":\"search_term_string\"}}],\"inLanguage\":\"pt-BR\"},{\"@type\":\"Organization\",\"@id\":\"https:\\\/\\\/www.pcncontabilidade.com.br\\\/new\\\/#organization\",\"name\":\"PCN Contabilidade\",\"url\":\"https:\\\/\\\/www.pcncontabilidade.com.br\\\/new\\\/\",\"logo\":{\"@type\":\"ImageObject\",\"inLanguage\":\"pt-BR\",\"@id\":\"https:\\\/\\\/www.pcncontabilidade.com.br\\\/new\\\/#\\\/schema\\\/logo\\\/image\\\/\",\"url\":\"http:\\\/\\\/www.pcncontabilidade.com.br\\\/new\\\/wp-content\\\/uploads\\\/2021\\\/03\\\/logoBranco-2-e1615847764799.png\",\"contentUrl\":\"http:\\\/\\\/www.pcncontabilidade.com.br\\\/new\\\/wp-content\\\/uploads\\\/2021\\\/03\\\/logoBranco-2-e1615847764799.png\",\"width\":200,\"height\":70,\"caption\":\"PCN Contabilidade\"},\"image\":{\"@id\":\"https:\\\/\\\/www.pcncontabilidade.com.br\\\/new\\\/#\\\/schema\\\/logo\\\/image\\\/\"}}]}<\/script>\n<!-- \/ Yoast SEO plugin. -->","yoast_head_json":{"title":"PCN Contabilidade | Profissionais Aut\u00f4nomos","description":"% Profissionais Aut\u00f4nomos","robots":{"index":"index","follow":"follow","max-snippet":"max-snippet:-1","max-image-preview":"max-image-preview:large","max-video-preview":"max-video-preview:-1"},"canonical":"https:\/\/www.pcncontabilidade.com.br\/new\/profissionais-autonomos\/","og_locale":"pt_BR","og_type":"article","og_title":"PCN Contabilidade | Profissionais Aut\u00f4nomos","og_description":"% Profissionais Aut\u00f4nomos","og_url":"https:\/\/www.pcncontabilidade.com.br\/new\/profissionais-autonomos\/","article_modified_time":"2021-12-23T19:33:41+00:00","og_image":[{"width":300,"height":293,"url":"https:\/\/www.pcncontabilidade.com.br\/new\/wp-content\/uploads\/2021\/12\/autonomos.png","type":"image\/png"}],"twitter_card":"summary_large_image","twitter_misc":{"Est. tempo de leitura":"1 minuto"},"schema":{"@context":"https:\/\/schema.org","@graph":[{"@type":"WebPage","@id":"https:\/\/www.pcncontabilidade.com.br\/new\/profissionais-autonomos\/","url":"https:\/\/www.pcncontabilidade.com.br\/new\/profissionais-autonomos\/","name":"PCN Contabilidade | Profissionais Aut\u00f4nomos","isPartOf":{"@id":"https:\/\/www.pcncontabilidade.com.br\/new\/#website"},"primaryImageOfPage":{"@id":"https:\/\/www.pcncontabilidade.com.br\/new\/profissionais-autonomos\/#primaryimage"},"image":{"@id":"https:\/\/www.pcncontabilidade.com.br\/new\/profissionais-autonomos\/#primaryimage"},"thumbnailUrl":"https:\/\/www.pcncontabilidade.com.br\/new\/wp-content\/uploads\/2021\/12\/autonomos.png","datePublished":"2021-12-16T17:14:47+00:00","dateModified":"2021-12-23T19:33:41+00:00","description":"% Profissionais Aut\u00f4nomos","breadcrumb":{"@id":"https:\/\/www.pcncontabilidade.com.br\/new\/profissionais-autonomos\/#breadcrumb"},"inLanguage":"pt-BR","potentialAction":[{"@type":"ReadAction","target":["https:\/\/www.pcncontabilidade.com.br\/new\/profissionais-autonomos\/"]}]},{"@type":"ImageObject","inLanguage":"pt-BR","@id":"https:\/\/www.pcncontabilidade.com.br\/new\/profissionais-autonomos\/#primaryimage","url":"https:\/\/www.pcncontabilidade.com.br\/new\/wp-content\/uploads\/2021\/12\/autonomos.png","contentUrl":"https:\/\/www.pcncontabilidade.com.br\/new\/wp-content\/uploads\/2021\/12\/autonomos.png","width":300,"height":293},{"@type":"BreadcrumbList","@id":"https:\/\/www.pcncontabilidade.com.br\/new\/profissionais-autonomos\/#breadcrumb","itemListElement":[{"@type":"ListItem","position":1,"name":"In\u00edcio","item":"https:\/\/www.pcncontabilidade.com.br\/new\/"},{"@type":"ListItem","position":2,"name":"Profissionais Aut\u00f4nomos"}]},{"@type":"WebSite","@id":"https:\/\/www.pcncontabilidade.com.br\/new\/#website","url":"https:\/\/www.pcncontabilidade.com.br\/new\/","name":"","description":"Contabilidade de sucesso","publisher":{"@id":"https:\/\/www.pcncontabilidade.com.br\/new\/#organization"},"potentialAction":[{"@type":"SearchAction","target":{"@type":"EntryPoint","urlTemplate":"https:\/\/www.pcncontabilidade.com.br\/new\/?s={search_term_string}"},"query-input":{"@type":"PropertyValueSpecification","valueRequired":true,"valueName":"search_term_string"}}],"inLanguage":"pt-BR"},{"@type":"Organization","@id":"https:\/\/www.pcncontabilidade.com.br\/new\/#organization","name":"PCN Contabilidade","url":"https:\/\/www.pcncontabilidade.com.br\/new\/","logo":{"@type":"ImageObject","inLanguage":"pt-BR","@id":"https:\/\/www.pcncontabilidade.com.br\/new\/#\/schema\/logo\/image\/","url":"http:\/\/www.pcncontabilidade.com.br\/new\/wp-content\/uploads\/2021\/03\/logoBranco-2-e1615847764799.png","contentUrl":"http:\/\/www.pcncontabilidade.com.br\/new\/wp-content\/uploads\/2021\/03\/logoBranco-2-e1615847764799.png","width":200,"height":70,"caption":"PCN Contabilidade"},"image":{"@id":"https:\/\/www.pcncontabilidade.com.br\/new\/#\/schema\/logo\/image\/"}}]}},"_links":{"self":[{"href":"https:\/\/www.pcncontabilidade.com.br\/new\/wp-json\/wp\/v2\/pages\/387","targetHints":{"allow":["GET"]}}],"collection":[{"href":"https:\/\/www.pcncontabilidade.com.br\/new\/wp-json\/wp\/v2\/pages"}],"about":[{"href":"https:\/\/www.pcncontabilidade.com.br\/new\/wp-json\/wp\/v2\/types\/page"}],"author":[{"embeddable":true,"href":"https:\/\/www.pcncontabilidade.com.br\/new\/wp-json\/wp\/v2\/users\/1"}],"replies":[{"embeddable":true,"href":"https:\/\/www.pcncontabilidade.com.br\/new\/wp-json\/wp\/v2\/comments?post=387"}],"version-history":[{"count":3,"href":"https:\/\/www.pcncontabilidade.com.br\/new\/wp-json\/wp\/v2\/pages\/387\/revisions"}],"predecessor-version":[{"id":562,"href":"https:\/\/www.pcncontabilidade.com.br\/new\/wp-json\/wp\/v2\/pages\/387\/revisions\/562"}],"wp:featuredmedia":[{"embeddable":true,"href":"https:\/\/www.pcncontabilidade.com.br\/new\/wp-json\/wp\/v2\/media\/389"}],"wp:attachment":[{"href":"https:\/\/www.pcncontabilidade.com.br\/new\/wp-json\/wp\/v2\/media?parent=387"}],"curies":[{"name":"wp","href":"https:\/\/api.w.org\/{rel}","templated":true}]}}