{"id":376,"date":"2021-12-16T14:06:43","date_gmt":"2021-12-16T17:06:43","guid":{"rendered":"http:\/\/www.pcncontabilidade.com.br\/new\/?page_id=376"},"modified":"2022-01-04T16:38:39","modified_gmt":"2022-01-04T19:38:39","slug":"prestador-de-servicos","status":"publish","type":"page","link":"https:\/\/www.pcncontabilidade.com.br\/new\/prestador-de-servicos\/","title":{"rendered":"Servi\u00e7o \/ Com\u00e9rcio"},"content":{"rendered":"\n<pre class=\"wp-block-verse has-medium-font-size\">O prestador de servi\u00e7os, pode estar organizado como empresa, e\/ou de maneira aut\u00f4noma. Ao constituir uma empresa \u00e9 fundamental estar ciente de todos os tr\u00e2mites burocr\u00e1ticos: Confec\u00e7\u00e3o de Contrato Social, solicita\u00e7\u00e3o de Alvar\u00e1, Inscri\u00e7\u00e3o na Receita Federal, Alvar\u00e1 do CBM, Inscri\u00e7\u00e3o na Vigil\u00e2ncia Sanit\u00e1ria.<\/pre>\n\n\n\n<p><\/p>\n\n\n\n<hr class=\"wp-block-separator has-text-color has-background has-vivid-cyan-blue-background-color has-vivid-cyan-blue-color is-style-wide\"\/>\n\n\n\n<div class=\"wp-block-media-text alignwide is-stacked-on-mobile is-image-fill\" style=\"grid-template-columns:40% auto\"><figure class=\"wp-block-media-text__media\" style=\"background-image:url(https:\/\/www.pcncontabilidade.com.br\/new\/wp-content\/uploads\/2021\/12\/unnamed.png);background-position:52% 50%\"><img loading=\"lazy\" decoding=\"async\" width=\"464\" height=\"464\" src=\"https:\/\/www.pcncontabilidade.com.br\/new\/wp-content\/uploads\/2021\/12\/unnamed.png\" alt=\"\" class=\"wp-image-438 size-full\" srcset=\"https:\/\/www.pcncontabilidade.com.br\/new\/wp-content\/uploads\/2021\/12\/unnamed.png 464w, https:\/\/www.pcncontabilidade.com.br\/new\/wp-content\/uploads\/2021\/12\/unnamed-300x300.png 300w, https:\/\/www.pcncontabilidade.com.br\/new\/wp-content\/uploads\/2021\/12\/unnamed-150x150.png 150w\" sizes=\"auto, (max-width: 464px) 100vw, 464px\" \/><\/figure><div class=\"wp-block-media-text__content\">\n<p>Mantenha seu neg\u00f3cio digital legalizado e evite problemas com o fisco. Atendemos com integra\u00e7\u00e3o as plataformas digitais do mercado.<\/p>\n\n\n\n<p>Ap\u00f3s a obten\u00e7\u00e3o das licen\u00e7as cab\u00edveis, o Prestador de Servi\u00e7os tamb\u00e9m deve se atentar para rotina mensal da empresa, na qual, atividades corriqueiras se tornam obriga\u00e7\u00f5es. Tais como: Escritura\u00e7\u00e3o das Entradas e Sa\u00eddas, Emiss\u00e3o de Notas Fiscais, Concilia\u00e7\u00e3o Banc\u00e1ria entre outras rotinas.<\/p>\n\n\n\n<p>Outro ponto importante \u00e9 a contrata\u00e7\u00e3o de funcion\u00e1rios, obedecendo o piso, os prazos legais e as Leis Trabalhistas. Com o advento do E-social, tornou-se ainda mais importante a figura do setor de Recursos Humanos, uma vez que a realiza\u00e7\u00e3o de rotinas trabalhistas (admiss\u00e3o, demiss\u00e3o, f\u00e9rias) fora dos prazos estabelecidos podem acarretar duras multas.<\/p>\n\n\n\n<p>Nosso papel \u00e9 oferecer subs\u00eddios, ferramentas e apoio t\u00e9cnico para que a sua empresa esteja totalmente apta e regularizada perante a legisla\u00e7\u00e3o brasileira. Com isso, ainda entregamos relat\u00f3rios cont\u00e1beis-gerenciais para o aux\u00edlio na tomada de decis\u00e3o.<\/p>\n<\/div><\/div>\n\n\n\n<hr class=\"wp-block-separator\"\/>\n\n\n\t\t<div class=\"wppsac-wrap wppsac-slick-slider-wrp wppsac-clearfix \" data-conf=\"{&quot;dots&quot;:&quot;true&quot;,&quot;arrows&quot;:&quot;true&quot;,&quot;autoplay&quot;:&quot;true&quot;,&quot;autoplay_interval&quot;:3000,&quot;speed&quot;:500,&quot;rtl&quot;:&quot;false&quot;,&quot;lazyload&quot;:&quot;&quot;}\">\r\n\t\t\t<div id=\"wppsac-post-slider-1\" class=\"wppsac-post-slider-init wppsac-post-slider design-4\">\r\n\t\t\t\t<div class=\"wppsac-post-slides\">\r\n\t<div class=\"wppsac-post-list\">\r\n\t\t<div class=\"wppsac-post-list-content\">\r\n\t\t\t\t\t\t<div class=\"wp-medium-5 wpcolumns\">\r\n\t\t\t\t<div class=\"wppsac-post-image-bg\">\r\n\t\t\t\t\t<a href=\"https:\/\/www.pcncontabilidade.com.br\/new\/2022\/02\/02\/mb-loureiro-representacoes\/\">\r\n\t\t\t\t\t\t<img decoding=\"async\" class=\"wppsac-post-image\"  src=\"https:\/\/www.pcncontabilidade.com.br\/new\/wp-content\/uploads\/2022\/02\/Design-sem-nome.png\" alt=\"MB LOUREIRO REPRESENTA\u00c7\u00d5ES\" \/>\r\n\t\t\t\t\t<\/a>\r\n\t\t\t\t<\/div>\r\n\t\t\t<\/div>\r\n\t\t\t\r\n\t\t\t<div class=\" wp-medium-7  wpcolumns\">\r\n\t\t\t\t\r\n\t\t\t\t<h2 class=\"wppsac-post-title\">\r\n\t\t\t\t\t<a href=\"https:\/\/www.pcncontabilidade.com.br\/new\/2022\/02\/02\/mb-loureiro-representacoes\/\">MB LOUREIRO REPRESENTA\u00c7\u00d5ES<\/a>\r\n\t\t\t\t<\/h2>\r\n\r\n\t\t\t\t\t\t\t\t<div class=\"wppsac-post-content\">\r\n\t\t\t\t\t<div class=\"wppsac-sub-content\">Todos os empreendimentos pequenos ou grandes, surgem e se fortalecem atrav\u00e9s de parcerias. Ningu\u00e9m \u00e9 bom sozinho. E com a MB LOUREIRO REPRESENTA\u00c7\u00d5ES n\u00e3o tem sido diferente: contamos com a parceria da PCN Contabilidade e seu comprometimento profissional. A PCN Contabilidade, notoriamente, preza pela seriedade, pelo acolhimento sincero e total respeito por n\u00f3s, seus clientes. Parab\u00e9ns, a toda equipe da PCN Contabilidade!!<\/div>\r\n\r\n\t\t\t\t\t\t\t\t\t<\/div>\r\n\t\t\t\t\t\t\t<\/div>\r\n\t\t<\/div>\r\n\t<\/div>\r\n<\/div><div class=\"wppsac-post-slides\">\r\n\t<div class=\"wppsac-post-list\">\r\n\t\t<div class=\"wppsac-post-list-content\">\r\n\t\t\t\t\t\t<div class=\"wp-medium-5 wpcolumns\">\r\n\t\t\t\t<div class=\"wppsac-post-image-bg\">\r\n\t\t\t\t\t<a href=\"https:\/\/www.pcncontabilidade.com.br\/new\/2022\/02\/02\/distribuidora-nossa-senhora-do-rosario\/\">\r\n\t\t\t\t\t\t<img decoding=\"async\" class=\"wppsac-post-image\"  src=\"https:\/\/www.pcncontabilidade.com.br\/new\/wp-content\/uploads\/2022\/02\/Design-sem-nome1.png\" alt=\"Distribuidora Nossa Senhora do Ros\u00e1rio\" \/>\r\n\t\t\t\t\t<\/a>\r\n\t\t\t\t<\/div>\r\n\t\t\t<\/div>\r\n\t\t\t\r\n\t\t\t<div class=\" wp-medium-7  wpcolumns\">\r\n\t\t\t\t\r\n\t\t\t\t<h2 class=\"wppsac-post-title\">\r\n\t\t\t\t\t<a href=\"https:\/\/www.pcncontabilidade.com.br\/new\/2022\/02\/02\/distribuidora-nossa-senhora-do-rosario\/\">Distribuidora Nossa Senhora do Ros\u00e1rio<\/a>\r\n\t\t\t\t<\/h2>\r\n\r\n\t\t\t\t\t\t\t\t<div class=\"wppsac-post-content\">\r\n\t\t\t\t\t<div class=\"wppsac-sub-content\">A PCN Contabilidade \u00e9 uma empresa que transmite uma imensa credibilidade pela seriedade e pelo atendimento sempre atencioso. Para n\u00f3s, da Distribuidora Nossa Senhora do Ros\u00e1rio, tem sido uma feliz experi\u00eancia e contar com os seus servi\u00e7os. Al\u00e9m de uma excelente acessoria cont\u00e1bil, sempre com presteza e uma imensa simpatia de todos da equipe, contamos com not\u00e1vel dilig\u00eancia com que cuidam de nossa contabilidade.Estamos inteiramente satisfeitos!!! Longa vida a essa parceria!!<\/div>\r\n\r\n\t\t\t\t\t\t\t\t\t<\/div>\r\n\t\t\t\t\t\t\t<\/div>\r\n\t\t<\/div>\r\n\t<\/div>\r\n<\/div><div class=\"wppsac-post-slides\">\r\n\t<div class=\"wppsac-post-list\">\r\n\t\t<div class=\"wppsac-post-list-content\">\r\n\t\t\t\t\t\t<div class=\"wp-medium-5 wpcolumns\">\r\n\t\t\t\t<div class=\"wppsac-post-image-bg\">\r\n\t\t\t\t\t<a href=\"https:\/\/www.pcncontabilidade.com.br\/new\/2022\/01\/04\/brenda-jacomo-nutricionista\/\">\r\n\t\t\t\t\t\t<img decoding=\"async\" class=\"wppsac-post-image\"  src=\"https:\/\/www.pcncontabilidade.com.br\/new\/wp-content\/uploads\/2022\/01\/Jacomo.png\" alt=\"Brenda Jacomo &#8211; Nutricionista\" \/>\r\n\t\t\t\t\t<\/a>\r\n\t\t\t\t<\/div>\r\n\t\t\t<\/div>\r\n\t\t\t\r\n\t\t\t<div class=\" wp-medium-7  wpcolumns\">\r\n\t\t\t\t\r\n\t\t\t\t<h2 class=\"wppsac-post-title\">\r\n\t\t\t\t\t<a href=\"https:\/\/www.pcncontabilidade.com.br\/new\/2022\/01\/04\/brenda-jacomo-nutricionista\/\">Brenda Jacomo &#8211; Nutricionista<\/a>\r\n\t\t\t\t<\/h2>\r\n\r\n\t\t\t\t\t\t\t\t<div class=\"wppsac-post-content\">\r\n\t\t\t\t\t<div class=\"wppsac-sub-content\">Na PCN contabilidade eu tive muito mais que uma presta\u00e7\u00e3o de servi\u00e7o, eu tive apoio, carinho e todas as minhas d\u00favidas esclarecidas. Na PCN tenho confian\u00e7a do trabalho feito e muito bem feito. Sou eternamente grata!<\/div>\r\n\r\n\t\t\t\t\t\t\t\t\t<\/div>\r\n\t\t\t\t\t\t\t<\/div>\r\n\t\t<\/div>\r\n\t<\/div>\r\n<\/div><div class=\"wppsac-post-slides\">\r\n\t<div class=\"wppsac-post-list\">\r\n\t\t<div class=\"wppsac-post-list-content\">\r\n\t\t\t\t\t\t<div class=\"wp-medium-5 wpcolumns\">\r\n\t\t\t\t<div class=\"wppsac-post-image-bg\">\r\n\t\t\t\t\t<a href=\"https:\/\/www.pcncontabilidade.com.br\/new\/2021\/12\/29\/rodrigo-trota-rt-turismo-e-eventos\/\">\r\n\t\t\t\t\t\t<img decoding=\"async\" class=\"wppsac-post-image\"  src=\"https:\/\/www.pcncontabilidade.com.br\/new\/wp-content\/uploads\/2021\/12\/Design-sem-nome2.png\" alt=\"Rodrigo Trota &#8211; RT Turismo e Eventos\" \/>\r\n\t\t\t\t\t<\/a>\r\n\t\t\t\t<\/div>\r\n\t\t\t<\/div>\r\n\t\t\t\r\n\t\t\t<div class=\" wp-medium-7  wpcolumns\">\r\n\t\t\t\t\r\n\t\t\t\t<h2 class=\"wppsac-post-title\">\r\n\t\t\t\t\t<a href=\"https:\/\/www.pcncontabilidade.com.br\/new\/2021\/12\/29\/rodrigo-trota-rt-turismo-e-eventos\/\">Rodrigo Trota &#8211; RT Turismo e Eventos<\/a>\r\n\t\t\t\t<\/h2>\r\n\r\n\t\t\t\t\t\t\t\t<div class=\"wppsac-post-content\">\r\n\t\t\t\t\t<div class=\"wppsac-sub-content\">Os servi\u00e7os prestados pela PCN CONTABILIDADE s\u00e3o de grande qualidade e efici\u00eancia. \u00c9 de confian\u00e7a e recomend\u00e1vel, para uma parceria de sucesso<\/div>\r\n\r\n\t\t\t\t\t\t\t\t\t<\/div>\r\n\t\t\t\t\t\t\t<\/div>\r\n\t\t<\/div>\r\n\t<\/div>\r\n<\/div><div class=\"wppsac-post-slides\">\r\n\t<div class=\"wppsac-post-list\">\r\n\t\t<div class=\"wppsac-post-list-content\">\r\n\t\t\t\t\t\t<div class=\"wp-medium-5 wpcolumns\">\r\n\t\t\t\t<div class=\"wppsac-post-image-bg\">\r\n\t\t\t\t\t<a href=\"https:\/\/www.pcncontabilidade.com.br\/new\/2021\/12\/29\/manuela-ornellas-peixaria-divina-provide%cc%82ncia\/\">\r\n\t\t\t\t\t\t<img decoding=\"async\" class=\"wppsac-post-image\"  src=\"https:\/\/www.pcncontabilidade.com.br\/new\/wp-content\/uploads\/2021\/12\/WhatsApp-Image-2021-12-28-at-16.29.38.jpeg\" alt=\"Manuela Ornelas, Peixaria Divina Provide\u0302ncia\" \/>\r\n\t\t\t\t\t<\/a>\r\n\t\t\t\t<\/div>\r\n\t\t\t<\/div>\r\n\t\t\t\r\n\t\t\t<div class=\" wp-medium-7  wpcolumns\">\r\n\t\t\t\t\r\n\t\t\t\t<h2 class=\"wppsac-post-title\">\r\n\t\t\t\t\t<a href=\"https:\/\/www.pcncontabilidade.com.br\/new\/2021\/12\/29\/manuela-ornellas-peixaria-divina-provide%cc%82ncia\/\">Manuela Ornelas, Peixaria Divina Provide\u0302ncia<\/a>\r\n\t\t\t\t<\/h2>\r\n\r\n\t\t\t\t\t\t\t\t<div class=\"wppsac-post-content\">\r\n\t\t\t\t\t<div class=\"wppsac-sub-content\">A palavra que define a PCN Contabilidade \u00e9 Seguran\u00e7a muito mais que uma contabilidade comum, o Paulo e sua equipe s\u00e3o especiais, com eles eu me sinto segura. Empreender \u00e9 uma coisa que as vezes d\u00e1 medo, ainda mais em um pa\u00eds onde as leis n\u00e3o favorecem muito a gente, mas quando passei minha loja pro escrit\u00f3rio do Paulo a sensa\u00e7\u00e3o que eu tenho hoje \u00e9 de real seguran\u00e7a. Ele trabalha de uma maneira que antecipa poss\u00edveis problemas, seja em qual departamento for, financeiro, fiscal, pessoal. Eu t\u00f4 muito muito satisfeita, vejo nele muito mais que um contador, hoje tenho ele como um mentor de verdade. Qualquer passo que eu vou dar no meu neg\u00f3cio eu ligo pra ele e pergunto o que ele acha. Eu estou realmente MUITO MUITO SATISFEITA, indico ele de olhos fechados pra qualquer empresa<\/div>\r\n\r\n\t\t\t\t\t\t\t\t\t<\/div>\r\n\t\t\t\t\t\t\t<\/div>\r\n\t\t<\/div>\r\n\t<\/div>\r\n<\/div>\t\t\t<\/div>\r\n\t\t<\/div>\r\n\t\n","protected":false},"excerpt":{"rendered":"<p>O prestador de servi\u00e7os, pode estar organizado como empresa, e\/ou de maneira aut\u00f4noma. Ao constituir uma empresa \u00e9 fundamental estar ciente de todos os tr\u00e2mites burocr\u00e1ticos: Confec\u00e7\u00e3o de Contrato Social, solicita\u00e7\u00e3o de Alvar\u00e1, Inscri\u00e7\u00e3o na Receita Federal, Alvar\u00e1 do CBM, Inscri\u00e7\u00e3o na Vigil\u00e2ncia Sanit\u00e1ria. Mantenha seu neg\u00f3cio digital legalizado e evite problemas com o fisco. Atendemos com integra\u00e7\u00e3o as plataformas digitais do mercado. Ap\u00f3s a&hellip; <\/p>\n","protected":false},"author":1,"featured_media":377,"parent":0,"menu_order":0,"comment_status":"closed","ping_status":"closed","template":"","meta":{"_mi_skip_tracking":false,"footnotes":""},"class_list":["post-376","page","type-page","status-publish","has-post-thumbnail","hentry","clearfix"],"yoast_head":"<!-- This site is optimized with the Yoast SEO plugin v27.5 - https:\/\/yoast.com\/product\/yoast-seo-wordpress\/ -->\n<title>PCN Contabilidade | Servi\u00e7o \/ Com\u00e9rcio<\/title>\n<meta name=\"description\" content=\"% Servi\u00e7o \/ Com\u00e9rcio\" \/>\n<meta name=\"robots\" content=\"index, follow, max-snippet:-1, max-image-preview:large, max-video-preview:-1\" \/>\n<link rel=\"canonical\" href=\"https:\/\/www.pcncontabilidade.com.br\/new\/prestador-de-servicos\/\" \/>\n<meta property=\"og:locale\" content=\"pt_BR\" \/>\n<meta property=\"og:type\" content=\"article\" \/>\n<meta property=\"og:title\" content=\"PCN Contabilidade | Servi\u00e7o \/ Com\u00e9rcio\" \/>\n<meta property=\"og:description\" content=\"% Servi\u00e7o \/ Com\u00e9rcio\" \/>\n<meta property=\"og:url\" content=\"https:\/\/www.pcncontabilidade.com.br\/new\/prestador-de-servicos\/\" \/>\n<meta property=\"article:modified_time\" content=\"2022-01-04T19:38:39+00:00\" \/>\n<meta property=\"og:image\" content=\"https:\/\/www.pcncontabilidade.com.br\/new\/wp-content\/uploads\/2021\/12\/prestador-de-servicos.png\" \/>\n\t<meta property=\"og:image:width\" content=\"300\" \/>\n\t<meta property=\"og:image:height\" content=\"293\" \/>\n\t<meta property=\"og:image:type\" content=\"image\/png\" \/>\n<meta name=\"twitter:card\" content=\"summary_large_image\" \/>\n<meta name=\"twitter:label1\" content=\"Est. tempo de leitura\" \/>\n\t<meta name=\"twitter:data1\" content=\"2 minutos\" \/>\n<script type=\"application\/ld+json\" class=\"yoast-schema-graph\">{\"@context\":\"https:\\\/\\\/schema.org\",\"@graph\":[{\"@type\":\"WebPage\",\"@id\":\"https:\\\/\\\/www.pcncontabilidade.com.br\\\/new\\\/prestador-de-servicos\\\/\",\"url\":\"https:\\\/\\\/www.pcncontabilidade.com.br\\\/new\\\/prestador-de-servicos\\\/\",\"name\":\"PCN Contabilidade | Servi\u00e7o \\\/ Com\u00e9rcio\",\"isPartOf\":{\"@id\":\"https:\\\/\\\/www.pcncontabilidade.com.br\\\/new\\\/#website\"},\"primaryImageOfPage\":{\"@id\":\"https:\\\/\\\/www.pcncontabilidade.com.br\\\/new\\\/prestador-de-servicos\\\/#primaryimage\"},\"image\":{\"@id\":\"https:\\\/\\\/www.pcncontabilidade.com.br\\\/new\\\/prestador-de-servicos\\\/#primaryimage\"},\"thumbnailUrl\":\"https:\\\/\\\/www.pcncontabilidade.com.br\\\/new\\\/wp-content\\\/uploads\\\/2021\\\/12\\\/prestador-de-servicos.png\",\"datePublished\":\"2021-12-16T17:06:43+00:00\",\"dateModified\":\"2022-01-04T19:38:39+00:00\",\"description\":\"% Servi\u00e7o \\\/ Com\u00e9rcio\",\"breadcrumb\":{\"@id\":\"https:\\\/\\\/www.pcncontabilidade.com.br\\\/new\\\/prestador-de-servicos\\\/#breadcrumb\"},\"inLanguage\":\"pt-BR\",\"potentialAction\":[{\"@type\":\"ReadAction\",\"target\":[\"https:\\\/\\\/www.pcncontabilidade.com.br\\\/new\\\/prestador-de-servicos\\\/\"]}]},{\"@type\":\"ImageObject\",\"inLanguage\":\"pt-BR\",\"@id\":\"https:\\\/\\\/www.pcncontabilidade.com.br\\\/new\\\/prestador-de-servicos\\\/#primaryimage\",\"url\":\"https:\\\/\\\/www.pcncontabilidade.com.br\\\/new\\\/wp-content\\\/uploads\\\/2021\\\/12\\\/prestador-de-servicos.png\",\"contentUrl\":\"https:\\\/\\\/www.pcncontabilidade.com.br\\\/new\\\/wp-content\\\/uploads\\\/2021\\\/12\\\/prestador-de-servicos.png\",\"width\":300,\"height\":293},{\"@type\":\"BreadcrumbList\",\"@id\":\"https:\\\/\\\/www.pcncontabilidade.com.br\\\/new\\\/prestador-de-servicos\\\/#breadcrumb\",\"itemListElement\":[{\"@type\":\"ListItem\",\"position\":1,\"name\":\"In\u00edcio\",\"item\":\"https:\\\/\\\/www.pcncontabilidade.com.br\\\/new\\\/\"},{\"@type\":\"ListItem\",\"position\":2,\"name\":\"Servi\u00e7o \\\/ Com\u00e9rcio\"}]},{\"@type\":\"WebSite\",\"@id\":\"https:\\\/\\\/www.pcncontabilidade.com.br\\\/new\\\/#website\",\"url\":\"https:\\\/\\\/www.pcncontabilidade.com.br\\\/new\\\/\",\"name\":\"\",\"description\":\"Contabilidade de sucesso\",\"publisher\":{\"@id\":\"https:\\\/\\\/www.pcncontabilidade.com.br\\\/new\\\/#organization\"},\"potentialAction\":[{\"@type\":\"SearchAction\",\"target\":{\"@type\":\"EntryPoint\",\"urlTemplate\":\"https:\\\/\\\/www.pcncontabilidade.com.br\\\/new\\\/?s={search_term_string}\"},\"query-input\":{\"@type\":\"PropertyValueSpecification\",\"valueRequired\":true,\"valueName\":\"search_term_string\"}}],\"inLanguage\":\"pt-BR\"},{\"@type\":\"Organization\",\"@id\":\"https:\\\/\\\/www.pcncontabilidade.com.br\\\/new\\\/#organization\",\"name\":\"PCN Contabilidade\",\"url\":\"https:\\\/\\\/www.pcncontabilidade.com.br\\\/new\\\/\",\"logo\":{\"@type\":\"ImageObject\",\"inLanguage\":\"pt-BR\",\"@id\":\"https:\\\/\\\/www.pcncontabilidade.com.br\\\/new\\\/#\\\/schema\\\/logo\\\/image\\\/\",\"url\":\"http:\\\/\\\/www.pcncontabilidade.com.br\\\/new\\\/wp-content\\\/uploads\\\/2021\\\/03\\\/logoBranco-2-e1615847764799.png\",\"contentUrl\":\"http:\\\/\\\/www.pcncontabilidade.com.br\\\/new\\\/wp-content\\\/uploads\\\/2021\\\/03\\\/logoBranco-2-e1615847764799.png\",\"width\":200,\"height\":70,\"caption\":\"PCN Contabilidade\"},\"image\":{\"@id\":\"https:\\\/\\\/www.pcncontabilidade.com.br\\\/new\\\/#\\\/schema\\\/logo\\\/image\\\/\"}}]}<\/script>\n<!-- \/ Yoast SEO plugin. -->","yoast_head_json":{"title":"PCN Contabilidade | Servi\u00e7o \/ Com\u00e9rcio","description":"% Servi\u00e7o \/ Com\u00e9rcio","robots":{"index":"index","follow":"follow","max-snippet":"max-snippet:-1","max-image-preview":"max-image-preview:large","max-video-preview":"max-video-preview:-1"},"canonical":"https:\/\/www.pcncontabilidade.com.br\/new\/prestador-de-servicos\/","og_locale":"pt_BR","og_type":"article","og_title":"PCN Contabilidade | Servi\u00e7o \/ Com\u00e9rcio","og_description":"% Servi\u00e7o \/ Com\u00e9rcio","og_url":"https:\/\/www.pcncontabilidade.com.br\/new\/prestador-de-servicos\/","article_modified_time":"2022-01-04T19:38:39+00:00","og_image":[{"width":300,"height":293,"url":"https:\/\/www.pcncontabilidade.com.br\/new\/wp-content\/uploads\/2021\/12\/prestador-de-servicos.png","type":"image\/png"}],"twitter_card":"summary_large_image","twitter_misc":{"Est. tempo de leitura":"2 minutos"},"schema":{"@context":"https:\/\/schema.org","@graph":[{"@type":"WebPage","@id":"https:\/\/www.pcncontabilidade.com.br\/new\/prestador-de-servicos\/","url":"https:\/\/www.pcncontabilidade.com.br\/new\/prestador-de-servicos\/","name":"PCN Contabilidade | Servi\u00e7o \/ Com\u00e9rcio","isPartOf":{"@id":"https:\/\/www.pcncontabilidade.com.br\/new\/#website"},"primaryImageOfPage":{"@id":"https:\/\/www.pcncontabilidade.com.br\/new\/prestador-de-servicos\/#primaryimage"},"image":{"@id":"https:\/\/www.pcncontabilidade.com.br\/new\/prestador-de-servicos\/#primaryimage"},"thumbnailUrl":"https:\/\/www.pcncontabilidade.com.br\/new\/wp-content\/uploads\/2021\/12\/prestador-de-servicos.png","datePublished":"2021-12-16T17:06:43+00:00","dateModified":"2022-01-04T19:38:39+00:00","description":"% Servi\u00e7o \/ Com\u00e9rcio","breadcrumb":{"@id":"https:\/\/www.pcncontabilidade.com.br\/new\/prestador-de-servicos\/#breadcrumb"},"inLanguage":"pt-BR","potentialAction":[{"@type":"ReadAction","target":["https:\/\/www.pcncontabilidade.com.br\/new\/prestador-de-servicos\/"]}]},{"@type":"ImageObject","inLanguage":"pt-BR","@id":"https:\/\/www.pcncontabilidade.com.br\/new\/prestador-de-servicos\/#primaryimage","url":"https:\/\/www.pcncontabilidade.com.br\/new\/wp-content\/uploads\/2021\/12\/prestador-de-servicos.png","contentUrl":"https:\/\/www.pcncontabilidade.com.br\/new\/wp-content\/uploads\/2021\/12\/prestador-de-servicos.png","width":300,"height":293},{"@type":"BreadcrumbList","@id":"https:\/\/www.pcncontabilidade.com.br\/new\/prestador-de-servicos\/#breadcrumb","itemListElement":[{"@type":"ListItem","position":1,"name":"In\u00edcio","item":"https:\/\/www.pcncontabilidade.com.br\/new\/"},{"@type":"ListItem","position":2,"name":"Servi\u00e7o \/ Com\u00e9rcio"}]},{"@type":"WebSite","@id":"https:\/\/www.pcncontabilidade.com.br\/new\/#website","url":"https:\/\/www.pcncontabilidade.com.br\/new\/","name":"","description":"Contabilidade de sucesso","publisher":{"@id":"https:\/\/www.pcncontabilidade.com.br\/new\/#organization"},"potentialAction":[{"@type":"SearchAction","target":{"@type":"EntryPoint","urlTemplate":"https:\/\/www.pcncontabilidade.com.br\/new\/?s={search_term_string}"},"query-input":{"@type":"PropertyValueSpecification","valueRequired":true,"valueName":"search_term_string"}}],"inLanguage":"pt-BR"},{"@type":"Organization","@id":"https:\/\/www.pcncontabilidade.com.br\/new\/#organization","name":"PCN Contabilidade","url":"https:\/\/www.pcncontabilidade.com.br\/new\/","logo":{"@type":"ImageObject","inLanguage":"pt-BR","@id":"https:\/\/www.pcncontabilidade.com.br\/new\/#\/schema\/logo\/image\/","url":"http:\/\/www.pcncontabilidade.com.br\/new\/wp-content\/uploads\/2021\/03\/logoBranco-2-e1615847764799.png","contentUrl":"http:\/\/www.pcncontabilidade.com.br\/new\/wp-content\/uploads\/2021\/03\/logoBranco-2-e1615847764799.png","width":200,"height":70,"caption":"PCN Contabilidade"},"image":{"@id":"https:\/\/www.pcncontabilidade.com.br\/new\/#\/schema\/logo\/image\/"}}]}},"_links":{"self":[{"href":"https:\/\/www.pcncontabilidade.com.br\/new\/wp-json\/wp\/v2\/pages\/376","targetHints":{"allow":["GET"]}}],"collection":[{"href":"https:\/\/www.pcncontabilidade.com.br\/new\/wp-json\/wp\/v2\/pages"}],"about":[{"href":"https:\/\/www.pcncontabilidade.com.br\/new\/wp-json\/wp\/v2\/types\/page"}],"author":[{"embeddable":true,"href":"https:\/\/www.pcncontabilidade.com.br\/new\/wp-json\/wp\/v2\/users\/1"}],"replies":[{"embeddable":true,"href":"https:\/\/www.pcncontabilidade.com.br\/new\/wp-json\/wp\/v2\/comments?post=376"}],"version-history":[{"count":17,"href":"https:\/\/www.pcncontabilidade.com.br\/new\/wp-json\/wp\/v2\/pages\/376\/revisions"}],"predecessor-version":[{"id":595,"href":"https:\/\/www.pcncontabilidade.com.br\/new\/wp-json\/wp\/v2\/pages\/376\/revisions\/595"}],"wp:featuredmedia":[{"embeddable":true,"href":"https:\/\/www.pcncontabilidade.com.br\/new\/wp-json\/wp\/v2\/media\/377"}],"wp:attachment":[{"href":"https:\/\/www.pcncontabilidade.com.br\/new\/wp-json\/wp\/v2\/media?parent=376"}],"curies":[{"name":"wp","href":"https:\/\/api.w.org\/{rel}","templated":true}]}}