{"id":249,"date":"2021-03-16T12:44:09","date_gmt":"2021-03-16T15:44:09","guid":{"rendered":"http:\/\/www.pcncontabilidade.com.br\/new\/?page_id=249"},"modified":"2021-12-20T18:50:03","modified_gmt":"2021-12-20T21:50:03","slug":"escrituracao-do-livro-caixa","status":"publish","type":"page","link":"https:\/\/www.pcncontabilidade.com.br\/new\/escrituracao-do-livro-caixa\/","title":{"rendered":"Escritura\u00e7\u00e3o do livro caixa"},"content":{"rendered":"\n<div class=\"wp-block-media-text alignwide has-media-on-the-right is-stacked-on-mobile is-vertically-aligned-top is-image-fill\"><figure class=\"wp-block-media-text__media\" style=\"background-image:url(https:\/\/www.pcncontabilidade.com.br\/new\/wp-content\/uploads\/2021\/03\/Livros-Contabeis.png);background-position:50% 50%\"><img loading=\"lazy\" decoding=\"async\" width=\"515\" height=\"478\" src=\"https:\/\/www.pcncontabilidade.com.br\/new\/wp-content\/uploads\/2021\/03\/Livros-Contabeis.png\" alt=\"\" class=\"wp-image-250 size-full\" srcset=\"https:\/\/www.pcncontabilidade.com.br\/new\/wp-content\/uploads\/2021\/03\/Livros-Contabeis.png 515w, https:\/\/www.pcncontabilidade.com.br\/new\/wp-content\/uploads\/2021\/03\/Livros-Contabeis-300x278.png 300w\" sizes=\"auto, (max-width: 515px) 100vw, 515px\" \/><\/figure><div class=\"wp-block-media-text__content\">\n<h3 class=\"wp-block-heading\"><strong>Carn\u00ea-le\u00e3o<\/strong><\/h3>\n\n\n\n<hr class=\"wp-block-separator is-style-wide\"\/>\n\n\n\n<p><strong>Escritura\u00e7\u00e3o do livro caixa<\/strong><\/p>\n\n\n\n<p>Os contribuintes pessoas f\u00edsicas que receberem rendimentos do trabalho n\u00e3o-assalariado (inclusive pelos titulares dos servi\u00e7os cartoriais e de registros e os leiloeiros) poder\u00e3o deduzir da receita, decorrente do exerc\u00edcio da respectiva atividade, as despesas de custeio necess\u00e1rias \u00e0 percep\u00e7\u00e3o da receita e \u00e0 manuten\u00e7\u00e3o da fonte produtora, desde que escrituradas em Livro Caixa e comprovadas com documenta\u00e7\u00e3o id\u00f4nea.<\/p>\n\n\n\n<p><strong>Despesas dedut\u00edveis<\/strong><\/p>\n\n\n\n<p>Poder\u00e3o ser deduzidas das receitas as despesas decorrentes do exerc\u00edcio da atividade profissional, devidamente escrituradas no Livro Caixa, tais como:<\/p>\n\n\n\n<ul class=\"wp-block-list\"><li>a remunera\u00e7\u00e3o paga a terceiros, com v\u00ednculo empregat\u00edcio, e os encargos trabalhistas e previdenci\u00e1rios;<\/li><li>os emolumentos pagos a terceiros, assim considerados os valores referentes \u00e0s retribui\u00e7\u00f5es pela execu\u00e7\u00e3o, dos serventu\u00e1rios p\u00fablicos, de atos cartor\u00e1rios, judiciais e extrajudiciais;<\/li><li>as despesas de custeio pagas necess\u00e1rias \u00e0 percep\u00e7\u00e3o da receita e \u00e0 manuten\u00e7\u00e3o da fonte produtora, desde que n\u00e3o haja nenhuma proibi\u00e7\u00e3o, tais como \u00e1gua, luz, telefone, aluguel, material de escrit\u00f3rio, medicamentos utilizados por profissionais na \u00e1rea de sa\u00fade no tratamento de seus pacientes etc.<\/li><\/ul>\n<\/div><\/div>\n","protected":false},"excerpt":{"rendered":"","protected":false},"author":1,"featured_media":0,"parent":0,"menu_order":0,"comment_status":"closed","ping_status":"closed","template":"","meta":{"_mi_skip_tracking":false,"footnotes":""},"class_list":["post-249","page","type-page","status-publish","hentry","clearfix"],"yoast_head":"<!-- This site is optimized with the Yoast SEO plugin v27.5 - https:\/\/yoast.com\/product\/yoast-seo-wordpress\/ -->\n<title>PCN Contabilidade | Escritura\u00e7\u00e3o do livro caixa<\/title>\n<meta name=\"description\" content=\"% Escritura\u00e7\u00e3o do livro caixa\" \/>\n<meta name=\"robots\" content=\"index, follow, max-snippet:-1, max-image-preview:large, max-video-preview:-1\" \/>\n<link rel=\"canonical\" href=\"https:\/\/www.pcncontabilidade.com.br\/new\/escrituracao-do-livro-caixa\/\" \/>\n<meta property=\"og:locale\" content=\"pt_BR\" \/>\n<meta property=\"og:type\" content=\"article\" \/>\n<meta property=\"og:title\" content=\"PCN Contabilidade | Escritura\u00e7\u00e3o do livro caixa\" \/>\n<meta property=\"og:description\" content=\"% Escritura\u00e7\u00e3o do livro caixa\" \/>\n<meta property=\"og:url\" content=\"https:\/\/www.pcncontabilidade.com.br\/new\/escrituracao-do-livro-caixa\/\" \/>\n<meta property=\"article:modified_time\" content=\"2021-12-20T21:50:03+00:00\" \/>\n<meta property=\"og:image\" content=\"http:\/\/www.pcncontabilidade.com.br\/new\/wp-content\/uploads\/2021\/03\/Livros-Contabeis.png\" \/>\n<meta name=\"twitter:card\" content=\"summary_large_image\" \/>\n<meta name=\"twitter:label1\" content=\"Est. tempo de leitura\" \/>\n\t<meta name=\"twitter:data1\" content=\"2 minutos\" \/>\n<script type=\"application\/ld+json\" class=\"yoast-schema-graph\">{\"@context\":\"https:\\\/\\\/schema.org\",\"@graph\":[{\"@type\":\"WebPage\",\"@id\":\"https:\\\/\\\/www.pcncontabilidade.com.br\\\/new\\\/escrituracao-do-livro-caixa\\\/\",\"url\":\"https:\\\/\\\/www.pcncontabilidade.com.br\\\/new\\\/escrituracao-do-livro-caixa\\\/\",\"name\":\"PCN Contabilidade | Escritura\u00e7\u00e3o do livro caixa\",\"isPartOf\":{\"@id\":\"https:\\\/\\\/www.pcncontabilidade.com.br\\\/new\\\/#website\"},\"primaryImageOfPage\":{\"@id\":\"https:\\\/\\\/www.pcncontabilidade.com.br\\\/new\\\/escrituracao-do-livro-caixa\\\/#primaryimage\"},\"image\":{\"@id\":\"https:\\\/\\\/www.pcncontabilidade.com.br\\\/new\\\/escrituracao-do-livro-caixa\\\/#primaryimage\"},\"thumbnailUrl\":\"http:\\\/\\\/www.pcncontabilidade.com.br\\\/new\\\/wp-content\\\/uploads\\\/2021\\\/03\\\/Livros-Contabeis.png\",\"datePublished\":\"2021-03-16T15:44:09+00:00\",\"dateModified\":\"2021-12-20T21:50:03+00:00\",\"description\":\"% Escritura\u00e7\u00e3o do livro caixa\",\"breadcrumb\":{\"@id\":\"https:\\\/\\\/www.pcncontabilidade.com.br\\\/new\\\/escrituracao-do-livro-caixa\\\/#breadcrumb\"},\"inLanguage\":\"pt-BR\",\"potentialAction\":[{\"@type\":\"ReadAction\",\"target\":[\"https:\\\/\\\/www.pcncontabilidade.com.br\\\/new\\\/escrituracao-do-livro-caixa\\\/\"]}]},{\"@type\":\"ImageObject\",\"inLanguage\":\"pt-BR\",\"@id\":\"https:\\\/\\\/www.pcncontabilidade.com.br\\\/new\\\/escrituracao-do-livro-caixa\\\/#primaryimage\",\"url\":\"https:\\\/\\\/www.pcncontabilidade.com.br\\\/new\\\/wp-content\\\/uploads\\\/2021\\\/03\\\/Livros-Contabeis.png\",\"contentUrl\":\"https:\\\/\\\/www.pcncontabilidade.com.br\\\/new\\\/wp-content\\\/uploads\\\/2021\\\/03\\\/Livros-Contabeis.png\",\"width\":515,\"height\":478},{\"@type\":\"BreadcrumbList\",\"@id\":\"https:\\\/\\\/www.pcncontabilidade.com.br\\\/new\\\/escrituracao-do-livro-caixa\\\/#breadcrumb\",\"itemListElement\":[{\"@type\":\"ListItem\",\"position\":1,\"name\":\"In\u00edcio\",\"item\":\"https:\\\/\\\/www.pcncontabilidade.com.br\\\/new\\\/\"},{\"@type\":\"ListItem\",\"position\":2,\"name\":\"Escritura\u00e7\u00e3o do livro caixa\"}]},{\"@type\":\"WebSite\",\"@id\":\"https:\\\/\\\/www.pcncontabilidade.com.br\\\/new\\\/#website\",\"url\":\"https:\\\/\\\/www.pcncontabilidade.com.br\\\/new\\\/\",\"name\":\"\",\"description\":\"Contabilidade de sucesso\",\"publisher\":{\"@id\":\"https:\\\/\\\/www.pcncontabilidade.com.br\\\/new\\\/#organization\"},\"potentialAction\":[{\"@type\":\"SearchAction\",\"target\":{\"@type\":\"EntryPoint\",\"urlTemplate\":\"https:\\\/\\\/www.pcncontabilidade.com.br\\\/new\\\/?s={search_term_string}\"},\"query-input\":{\"@type\":\"PropertyValueSpecification\",\"valueRequired\":true,\"valueName\":\"search_term_string\"}}],\"inLanguage\":\"pt-BR\"},{\"@type\":\"Organization\",\"@id\":\"https:\\\/\\\/www.pcncontabilidade.com.br\\\/new\\\/#organization\",\"name\":\"PCN Contabilidade\",\"url\":\"https:\\\/\\\/www.pcncontabilidade.com.br\\\/new\\\/\",\"logo\":{\"@type\":\"ImageObject\",\"inLanguage\":\"pt-BR\",\"@id\":\"https:\\\/\\\/www.pcncontabilidade.com.br\\\/new\\\/#\\\/schema\\\/logo\\\/image\\\/\",\"url\":\"http:\\\/\\\/www.pcncontabilidade.com.br\\\/new\\\/wp-content\\\/uploads\\\/2021\\\/03\\\/logoBranco-2-e1615847764799.png\",\"contentUrl\":\"http:\\\/\\\/www.pcncontabilidade.com.br\\\/new\\\/wp-content\\\/uploads\\\/2021\\\/03\\\/logoBranco-2-e1615847764799.png\",\"width\":200,\"height\":70,\"caption\":\"PCN Contabilidade\"},\"image\":{\"@id\":\"https:\\\/\\\/www.pcncontabilidade.com.br\\\/new\\\/#\\\/schema\\\/logo\\\/image\\\/\"}}]}<\/script>\n<!-- \/ Yoast SEO plugin. -->","yoast_head_json":{"title":"PCN Contabilidade | Escritura\u00e7\u00e3o do livro caixa","description":"% Escritura\u00e7\u00e3o do livro caixa","robots":{"index":"index","follow":"follow","max-snippet":"max-snippet:-1","max-image-preview":"max-image-preview:large","max-video-preview":"max-video-preview:-1"},"canonical":"https:\/\/www.pcncontabilidade.com.br\/new\/escrituracao-do-livro-caixa\/","og_locale":"pt_BR","og_type":"article","og_title":"PCN Contabilidade | Escritura\u00e7\u00e3o do livro caixa","og_description":"% Escritura\u00e7\u00e3o do livro caixa","og_url":"https:\/\/www.pcncontabilidade.com.br\/new\/escrituracao-do-livro-caixa\/","article_modified_time":"2021-12-20T21:50:03+00:00","og_image":[{"url":"http:\/\/www.pcncontabilidade.com.br\/new\/wp-content\/uploads\/2021\/03\/Livros-Contabeis.png","type":"","width":"","height":""}],"twitter_card":"summary_large_image","twitter_misc":{"Est. tempo de leitura":"2 minutos"},"schema":{"@context":"https:\/\/schema.org","@graph":[{"@type":"WebPage","@id":"https:\/\/www.pcncontabilidade.com.br\/new\/escrituracao-do-livro-caixa\/","url":"https:\/\/www.pcncontabilidade.com.br\/new\/escrituracao-do-livro-caixa\/","name":"PCN Contabilidade | Escritura\u00e7\u00e3o do livro caixa","isPartOf":{"@id":"https:\/\/www.pcncontabilidade.com.br\/new\/#website"},"primaryImageOfPage":{"@id":"https:\/\/www.pcncontabilidade.com.br\/new\/escrituracao-do-livro-caixa\/#primaryimage"},"image":{"@id":"https:\/\/www.pcncontabilidade.com.br\/new\/escrituracao-do-livro-caixa\/#primaryimage"},"thumbnailUrl":"http:\/\/www.pcncontabilidade.com.br\/new\/wp-content\/uploads\/2021\/03\/Livros-Contabeis.png","datePublished":"2021-03-16T15:44:09+00:00","dateModified":"2021-12-20T21:50:03+00:00","description":"% Escritura\u00e7\u00e3o do livro caixa","breadcrumb":{"@id":"https:\/\/www.pcncontabilidade.com.br\/new\/escrituracao-do-livro-caixa\/#breadcrumb"},"inLanguage":"pt-BR","potentialAction":[{"@type":"ReadAction","target":["https:\/\/www.pcncontabilidade.com.br\/new\/escrituracao-do-livro-caixa\/"]}]},{"@type":"ImageObject","inLanguage":"pt-BR","@id":"https:\/\/www.pcncontabilidade.com.br\/new\/escrituracao-do-livro-caixa\/#primaryimage","url":"https:\/\/www.pcncontabilidade.com.br\/new\/wp-content\/uploads\/2021\/03\/Livros-Contabeis.png","contentUrl":"https:\/\/www.pcncontabilidade.com.br\/new\/wp-content\/uploads\/2021\/03\/Livros-Contabeis.png","width":515,"height":478},{"@type":"BreadcrumbList","@id":"https:\/\/www.pcncontabilidade.com.br\/new\/escrituracao-do-livro-caixa\/#breadcrumb","itemListElement":[{"@type":"ListItem","position":1,"name":"In\u00edcio","item":"https:\/\/www.pcncontabilidade.com.br\/new\/"},{"@type":"ListItem","position":2,"name":"Escritura\u00e7\u00e3o do livro caixa"}]},{"@type":"WebSite","@id":"https:\/\/www.pcncontabilidade.com.br\/new\/#website","url":"https:\/\/www.pcncontabilidade.com.br\/new\/","name":"","description":"Contabilidade de sucesso","publisher":{"@id":"https:\/\/www.pcncontabilidade.com.br\/new\/#organization"},"potentialAction":[{"@type":"SearchAction","target":{"@type":"EntryPoint","urlTemplate":"https:\/\/www.pcncontabilidade.com.br\/new\/?s={search_term_string}"},"query-input":{"@type":"PropertyValueSpecification","valueRequired":true,"valueName":"search_term_string"}}],"inLanguage":"pt-BR"},{"@type":"Organization","@id":"https:\/\/www.pcncontabilidade.com.br\/new\/#organization","name":"PCN Contabilidade","url":"https:\/\/www.pcncontabilidade.com.br\/new\/","logo":{"@type":"ImageObject","inLanguage":"pt-BR","@id":"https:\/\/www.pcncontabilidade.com.br\/new\/#\/schema\/logo\/image\/","url":"http:\/\/www.pcncontabilidade.com.br\/new\/wp-content\/uploads\/2021\/03\/logoBranco-2-e1615847764799.png","contentUrl":"http:\/\/www.pcncontabilidade.com.br\/new\/wp-content\/uploads\/2021\/03\/logoBranco-2-e1615847764799.png","width":200,"height":70,"caption":"PCN Contabilidade"},"image":{"@id":"https:\/\/www.pcncontabilidade.com.br\/new\/#\/schema\/logo\/image\/"}}]}},"_links":{"self":[{"href":"https:\/\/www.pcncontabilidade.com.br\/new\/wp-json\/wp\/v2\/pages\/249","targetHints":{"allow":["GET"]}}],"collection":[{"href":"https:\/\/www.pcncontabilidade.com.br\/new\/wp-json\/wp\/v2\/pages"}],"about":[{"href":"https:\/\/www.pcncontabilidade.com.br\/new\/wp-json\/wp\/v2\/types\/page"}],"author":[{"embeddable":true,"href":"https:\/\/www.pcncontabilidade.com.br\/new\/wp-json\/wp\/v2\/users\/1"}],"replies":[{"embeddable":true,"href":"https:\/\/www.pcncontabilidade.com.br\/new\/wp-json\/wp\/v2\/comments?post=249"}],"version-history":[{"count":2,"href":"https:\/\/www.pcncontabilidade.com.br\/new\/wp-json\/wp\/v2\/pages\/249\/revisions"}],"predecessor-version":[{"id":524,"href":"https:\/\/www.pcncontabilidade.com.br\/new\/wp-json\/wp\/v2\/pages\/249\/revisions\/524"}],"wp:attachment":[{"href":"https:\/\/www.pcncontabilidade.com.br\/new\/wp-json\/wp\/v2\/media?parent=249"}],"curies":[{"name":"wp","href":"https:\/\/api.w.org\/{rel}","templated":true}]}}