{"id":245,"date":"2021-03-16T12:42:00","date_gmt":"2021-03-16T15:42:00","guid":{"rendered":"http:\/\/www.pcncontabilidade.com.br\/new\/?page_id=245"},"modified":"2021-12-20T18:47:50","modified_gmt":"2021-12-20T21:47:50","slug":"orientacao-previdenciaria","status":"publish","type":"page","link":"https:\/\/www.pcncontabilidade.com.br\/new\/orientacao-previdenciaria\/","title":{"rendered":"Orienta\u00e7\u00e3o Previdenci\u00e1ria"},"content":{"rendered":"\n<div class=\"wp-block-media-text alignwide has-media-on-the-right is-stacked-on-mobile is-vertically-aligned-top is-image-fill\"><figure class=\"wp-block-media-text__media\" style=\"background-image:url(https:\/\/www.pcncontabilidade.com.br\/new\/wp-content\/uploads\/2021\/03\/orientacaoPrevidenciaria-1024x521.png);background-position:31% 49%\"><img loading=\"lazy\" decoding=\"async\" width=\"1024\" height=\"521\" src=\"https:\/\/www.pcncontabilidade.com.br\/new\/wp-content\/uploads\/2021\/03\/orientacaoPrevidenciaria-1024x521.png\" alt=\"\" class=\"wp-image-246 size-large\" srcset=\"https:\/\/www.pcncontabilidade.com.br\/new\/wp-content\/uploads\/2021\/03\/orientacaoPrevidenciaria-1024x521.png 1024w, https:\/\/www.pcncontabilidade.com.br\/new\/wp-content\/uploads\/2021\/03\/orientacaoPrevidenciaria-300x153.png 300w, https:\/\/www.pcncontabilidade.com.br\/new\/wp-content\/uploads\/2021\/03\/orientacaoPrevidenciaria-768x391.png 768w, https:\/\/www.pcncontabilidade.com.br\/new\/wp-content\/uploads\/2021\/03\/orientacaoPrevidenciaria.png 1140w\" sizes=\"auto, (max-width: 1024px) 100vw, 1024px\" \/><\/figure><div class=\"wp-block-media-text__content\">\n<p>Orientamos na contagem de tempo (contribui\u00e7\u00f5es previdenci\u00e1rias);<\/p>\n\n\n\n<p>Regulariza\u00e7\u00e3o de per\u00edodos em aberto;<\/p>\n\n\n\n<p>Atualiza\u00e7\u00e3o de Cadastros;<\/p>\n\n\n\n<p>Pedidos de aux\u00edlios;<\/p>\n\n\n\n<h4 class=\"wp-block-heading\">Pedidos de Aposentadoria<\/h4>\n\n\n\n<p>\u201cO sonho de todo Segurado\u201d (paridade)&nbsp;perdurou de abril de 1989 \u00e1 dezembro de 1991.<\/p>\n\n\n\n<p>Ap\u00f3s a promulga\u00e7\u00e3o da Constitui\u00e7\u00e3o Federal de 1988, os benef\u00edcios previdenci\u00e1rios permaneciam sem qualquer reajuste, eis que n\u00e3o existia legisla\u00e7\u00e3o espec\u00edfica em vigor na \u00e9poca. Devido a not\u00f3rias defasagens, o legislador constituinte tratou de indicar um crit\u00e9rio provis\u00f3rio de reajuste, para vigorar at\u00e9 a implanta\u00e7\u00e3o dos planos de custeio de benef\u00edcios (grandes vil\u00f5es). Entrava em vigor a ADCT (Ato de Disposi\u00e7\u00f5es Constitucionais Transit\u00f3rias), que em seu art. 58 disp\u00f4s:<\/p>\n\n\n\n<hr class=\"wp-block-separator is-style-wide\"\/>\n\n\n\n<p style=\"font-size:12px\"><em>Art. 58 \u2013 Os benef\u00edcios de presta\u00e7\u00e3o continuada, mantidos pela previd\u00eancia social na data da promulga\u00e7\u00e3o da Constitui\u00e7\u00e3o, ter\u00e3o seus valores revistos, a fim de que seja restabelecido o poder aquisitivo, expresso em n\u00famero de sal\u00e1rios m\u00ednimos, que tinham na data de sua concess\u00e3o, obedecendo-se a esse crit\u00e9rio de atualiza\u00e7\u00e3o at\u00e9 a implanta\u00e7\u00e3o do plano de custeio e benef\u00edcios referidos no artigo seguinte.<\/em><\/p>\n\n\n\n<p style=\"font-size:12px\"><em>Par\u00e1grafo \u00fanico \u2013 As presta\u00e7\u00f5es mensais dos benef\u00edcios atualizadas de acordo com este artigo ser\u00e3o devidas e pagas a partir do s\u00e9timo m\u00eas a contar da promulga\u00e7\u00e3o da Constitui\u00e7\u00e3o.<\/em><\/p>\n\n\n\n<hr class=\"wp-block-separator is-style-wide\"\/>\n\n\n\n<p>O crit\u00e9rio era simples, consistia na divis\u00e3o do valor da renda mensal inicial pelo valor do sal\u00e1rio m\u00ednimo vigente na data da concess\u00e3o do benef\u00edcio, obtendo-se, a partir da\u00ed, o n\u00famero de sal\u00e1rios m\u00ednimos a que correspondia a renda mensal do segurado.<\/p>\n\n\n\n<p>Cessada ap\u00f3s a efetiva regulamenta\u00e7\u00e3o do plano de custeio dos benef\u00edcios (09\/12\/1991), n\u00e3o mais se pode cogitar a paridade dos benef\u00edcios previdenci\u00e1rios ao sal\u00e1rio m\u00ednimo, inclusive em raz\u00e3o do art. 7\u00ba, IV, in fine da CF\/88, norma inserta no corpo permanente da Carta Federal, que pro\u00edbe a vincula\u00e7\u00e3o do sal\u00e1rio m\u00ednimo para qualquer fim.<\/p>\n\n\n\n<p>Os Segurados n\u00e3o se contentam com a n\u00e3o paridade dos benef\u00edcios, eis que de reajustes imensamente inferiores, o que torna (com o tempo) seus vencimentos de baix\u00edssimo poder aquisitivo.<\/p>\n\n\n\n<p>Em suma, n\u00e3o procedem os pleitos que tem aportado em ju\u00edzo visando \u00e0 manuten\u00e7\u00e3o da equival\u00eancia dos benef\u00edcios ao sal\u00e1rio m\u00ednimo, eis que apenas o governo pode, quando lhe conv\u00e9m, infringir a norma constitucional (eis que a ADCT entrou em vigor ap\u00f3s a CF de 88).<\/p>\n<\/div><\/div>\n","protected":false},"excerpt":{"rendered":"","protected":false},"author":1,"featured_media":0,"parent":0,"menu_order":0,"comment_status":"closed","ping_status":"closed","template":"","meta":{"_mi_skip_tracking":false,"footnotes":""},"class_list":["post-245","page","type-page","status-publish","hentry","clearfix"],"yoast_head":"<!-- This site is optimized with the Yoast SEO plugin v27.5 - https:\/\/yoast.com\/product\/yoast-seo-wordpress\/ -->\n<title>PCN Contabilidade | Orienta\u00e7\u00e3o Previdenci\u00e1ria<\/title>\n<meta name=\"description\" content=\"% Orienta\u00e7\u00e3o Previdenci\u00e1ria\" \/>\n<meta name=\"robots\" content=\"index, follow, max-snippet:-1, max-image-preview:large, max-video-preview:-1\" \/>\n<link rel=\"canonical\" href=\"https:\/\/www.pcncontabilidade.com.br\/new\/orientacao-previdenciaria\/\" \/>\n<meta property=\"og:locale\" content=\"pt_BR\" \/>\n<meta property=\"og:type\" content=\"article\" \/>\n<meta property=\"og:title\" content=\"PCN Contabilidade | Orienta\u00e7\u00e3o Previdenci\u00e1ria\" \/>\n<meta property=\"og:description\" content=\"% Orienta\u00e7\u00e3o Previdenci\u00e1ria\" \/>\n<meta property=\"og:url\" content=\"https:\/\/www.pcncontabilidade.com.br\/new\/orientacao-previdenciaria\/\" \/>\n<meta property=\"article:modified_time\" content=\"2021-12-20T21:47:50+00:00\" \/>\n<meta property=\"og:image\" content=\"http:\/\/www.pcncontabilidade.com.br\/new\/wp-content\/uploads\/2021\/03\/orientacaoPrevidenciaria-1024x521.png\" \/>\n<meta name=\"twitter:card\" content=\"summary_large_image\" \/>\n<meta name=\"twitter:label1\" content=\"Est. tempo de leitura\" \/>\n\t<meta name=\"twitter:data1\" content=\"3 minutos\" \/>\n<script type=\"application\/ld+json\" class=\"yoast-schema-graph\">{\"@context\":\"https:\\\/\\\/schema.org\",\"@graph\":[{\"@type\":\"WebPage\",\"@id\":\"https:\\\/\\\/www.pcncontabilidade.com.br\\\/new\\\/orientacao-previdenciaria\\\/\",\"url\":\"https:\\\/\\\/www.pcncontabilidade.com.br\\\/new\\\/orientacao-previdenciaria\\\/\",\"name\":\"PCN Contabilidade | Orienta\u00e7\u00e3o Previdenci\u00e1ria\",\"isPartOf\":{\"@id\":\"https:\\\/\\\/www.pcncontabilidade.com.br\\\/new\\\/#website\"},\"primaryImageOfPage\":{\"@id\":\"https:\\\/\\\/www.pcncontabilidade.com.br\\\/new\\\/orientacao-previdenciaria\\\/#primaryimage\"},\"image\":{\"@id\":\"https:\\\/\\\/www.pcncontabilidade.com.br\\\/new\\\/orientacao-previdenciaria\\\/#primaryimage\"},\"thumbnailUrl\":\"http:\\\/\\\/www.pcncontabilidade.com.br\\\/new\\\/wp-content\\\/uploads\\\/2021\\\/03\\\/orientacaoPrevidenciaria-1024x521.png\",\"datePublished\":\"2021-03-16T15:42:00+00:00\",\"dateModified\":\"2021-12-20T21:47:50+00:00\",\"description\":\"% Orienta\u00e7\u00e3o Previdenci\u00e1ria\",\"breadcrumb\":{\"@id\":\"https:\\\/\\\/www.pcncontabilidade.com.br\\\/new\\\/orientacao-previdenciaria\\\/#breadcrumb\"},\"inLanguage\":\"pt-BR\",\"potentialAction\":[{\"@type\":\"ReadAction\",\"target\":[\"https:\\\/\\\/www.pcncontabilidade.com.br\\\/new\\\/orientacao-previdenciaria\\\/\"]}]},{\"@type\":\"ImageObject\",\"inLanguage\":\"pt-BR\",\"@id\":\"https:\\\/\\\/www.pcncontabilidade.com.br\\\/new\\\/orientacao-previdenciaria\\\/#primaryimage\",\"url\":\"https:\\\/\\\/www.pcncontabilidade.com.br\\\/new\\\/wp-content\\\/uploads\\\/2021\\\/03\\\/orientacaoPrevidenciaria.png\",\"contentUrl\":\"https:\\\/\\\/www.pcncontabilidade.com.br\\\/new\\\/wp-content\\\/uploads\\\/2021\\\/03\\\/orientacaoPrevidenciaria.png\",\"width\":1140,\"height\":580},{\"@type\":\"BreadcrumbList\",\"@id\":\"https:\\\/\\\/www.pcncontabilidade.com.br\\\/new\\\/orientacao-previdenciaria\\\/#breadcrumb\",\"itemListElement\":[{\"@type\":\"ListItem\",\"position\":1,\"name\":\"In\u00edcio\",\"item\":\"https:\\\/\\\/www.pcncontabilidade.com.br\\\/new\\\/\"},{\"@type\":\"ListItem\",\"position\":2,\"name\":\"Orienta\u00e7\u00e3o Previdenci\u00e1ria\"}]},{\"@type\":\"WebSite\",\"@id\":\"https:\\\/\\\/www.pcncontabilidade.com.br\\\/new\\\/#website\",\"url\":\"https:\\\/\\\/www.pcncontabilidade.com.br\\\/new\\\/\",\"name\":\"\",\"description\":\"Contabilidade de sucesso\",\"publisher\":{\"@id\":\"https:\\\/\\\/www.pcncontabilidade.com.br\\\/new\\\/#organization\"},\"potentialAction\":[{\"@type\":\"SearchAction\",\"target\":{\"@type\":\"EntryPoint\",\"urlTemplate\":\"https:\\\/\\\/www.pcncontabilidade.com.br\\\/new\\\/?s={search_term_string}\"},\"query-input\":{\"@type\":\"PropertyValueSpecification\",\"valueRequired\":true,\"valueName\":\"search_term_string\"}}],\"inLanguage\":\"pt-BR\"},{\"@type\":\"Organization\",\"@id\":\"https:\\\/\\\/www.pcncontabilidade.com.br\\\/new\\\/#organization\",\"name\":\"PCN Contabilidade\",\"url\":\"https:\\\/\\\/www.pcncontabilidade.com.br\\\/new\\\/\",\"logo\":{\"@type\":\"ImageObject\",\"inLanguage\":\"pt-BR\",\"@id\":\"https:\\\/\\\/www.pcncontabilidade.com.br\\\/new\\\/#\\\/schema\\\/logo\\\/image\\\/\",\"url\":\"http:\\\/\\\/www.pcncontabilidade.com.br\\\/new\\\/wp-content\\\/uploads\\\/2021\\\/03\\\/logoBranco-2-e1615847764799.png\",\"contentUrl\":\"http:\\\/\\\/www.pcncontabilidade.com.br\\\/new\\\/wp-content\\\/uploads\\\/2021\\\/03\\\/logoBranco-2-e1615847764799.png\",\"width\":200,\"height\":70,\"caption\":\"PCN Contabilidade\"},\"image\":{\"@id\":\"https:\\\/\\\/www.pcncontabilidade.com.br\\\/new\\\/#\\\/schema\\\/logo\\\/image\\\/\"}}]}<\/script>\n<!-- \/ Yoast SEO plugin. -->","yoast_head_json":{"title":"PCN Contabilidade | Orienta\u00e7\u00e3o Previdenci\u00e1ria","description":"% Orienta\u00e7\u00e3o Previdenci\u00e1ria","robots":{"index":"index","follow":"follow","max-snippet":"max-snippet:-1","max-image-preview":"max-image-preview:large","max-video-preview":"max-video-preview:-1"},"canonical":"https:\/\/www.pcncontabilidade.com.br\/new\/orientacao-previdenciaria\/","og_locale":"pt_BR","og_type":"article","og_title":"PCN Contabilidade | Orienta\u00e7\u00e3o Previdenci\u00e1ria","og_description":"% Orienta\u00e7\u00e3o Previdenci\u00e1ria","og_url":"https:\/\/www.pcncontabilidade.com.br\/new\/orientacao-previdenciaria\/","article_modified_time":"2021-12-20T21:47:50+00:00","og_image":[{"url":"http:\/\/www.pcncontabilidade.com.br\/new\/wp-content\/uploads\/2021\/03\/orientacaoPrevidenciaria-1024x521.png","type":"","width":"","height":""}],"twitter_card":"summary_large_image","twitter_misc":{"Est. tempo de leitura":"3 minutos"},"schema":{"@context":"https:\/\/schema.org","@graph":[{"@type":"WebPage","@id":"https:\/\/www.pcncontabilidade.com.br\/new\/orientacao-previdenciaria\/","url":"https:\/\/www.pcncontabilidade.com.br\/new\/orientacao-previdenciaria\/","name":"PCN Contabilidade | Orienta\u00e7\u00e3o Previdenci\u00e1ria","isPartOf":{"@id":"https:\/\/www.pcncontabilidade.com.br\/new\/#website"},"primaryImageOfPage":{"@id":"https:\/\/www.pcncontabilidade.com.br\/new\/orientacao-previdenciaria\/#primaryimage"},"image":{"@id":"https:\/\/www.pcncontabilidade.com.br\/new\/orientacao-previdenciaria\/#primaryimage"},"thumbnailUrl":"http:\/\/www.pcncontabilidade.com.br\/new\/wp-content\/uploads\/2021\/03\/orientacaoPrevidenciaria-1024x521.png","datePublished":"2021-03-16T15:42:00+00:00","dateModified":"2021-12-20T21:47:50+00:00","description":"% Orienta\u00e7\u00e3o Previdenci\u00e1ria","breadcrumb":{"@id":"https:\/\/www.pcncontabilidade.com.br\/new\/orientacao-previdenciaria\/#breadcrumb"},"inLanguage":"pt-BR","potentialAction":[{"@type":"ReadAction","target":["https:\/\/www.pcncontabilidade.com.br\/new\/orientacao-previdenciaria\/"]}]},{"@type":"ImageObject","inLanguage":"pt-BR","@id":"https:\/\/www.pcncontabilidade.com.br\/new\/orientacao-previdenciaria\/#primaryimage","url":"https:\/\/www.pcncontabilidade.com.br\/new\/wp-content\/uploads\/2021\/03\/orientacaoPrevidenciaria.png","contentUrl":"https:\/\/www.pcncontabilidade.com.br\/new\/wp-content\/uploads\/2021\/03\/orientacaoPrevidenciaria.png","width":1140,"height":580},{"@type":"BreadcrumbList","@id":"https:\/\/www.pcncontabilidade.com.br\/new\/orientacao-previdenciaria\/#breadcrumb","itemListElement":[{"@type":"ListItem","position":1,"name":"In\u00edcio","item":"https:\/\/www.pcncontabilidade.com.br\/new\/"},{"@type":"ListItem","position":2,"name":"Orienta\u00e7\u00e3o Previdenci\u00e1ria"}]},{"@type":"WebSite","@id":"https:\/\/www.pcncontabilidade.com.br\/new\/#website","url":"https:\/\/www.pcncontabilidade.com.br\/new\/","name":"","description":"Contabilidade de sucesso","publisher":{"@id":"https:\/\/www.pcncontabilidade.com.br\/new\/#organization"},"potentialAction":[{"@type":"SearchAction","target":{"@type":"EntryPoint","urlTemplate":"https:\/\/www.pcncontabilidade.com.br\/new\/?s={search_term_string}"},"query-input":{"@type":"PropertyValueSpecification","valueRequired":true,"valueName":"search_term_string"}}],"inLanguage":"pt-BR"},{"@type":"Organization","@id":"https:\/\/www.pcncontabilidade.com.br\/new\/#organization","name":"PCN Contabilidade","url":"https:\/\/www.pcncontabilidade.com.br\/new\/","logo":{"@type":"ImageObject","inLanguage":"pt-BR","@id":"https:\/\/www.pcncontabilidade.com.br\/new\/#\/schema\/logo\/image\/","url":"http:\/\/www.pcncontabilidade.com.br\/new\/wp-content\/uploads\/2021\/03\/logoBranco-2-e1615847764799.png","contentUrl":"http:\/\/www.pcncontabilidade.com.br\/new\/wp-content\/uploads\/2021\/03\/logoBranco-2-e1615847764799.png","width":200,"height":70,"caption":"PCN Contabilidade"},"image":{"@id":"https:\/\/www.pcncontabilidade.com.br\/new\/#\/schema\/logo\/image\/"}}]}},"_links":{"self":[{"href":"https:\/\/www.pcncontabilidade.com.br\/new\/wp-json\/wp\/v2\/pages\/245","targetHints":{"allow":["GET"]}}],"collection":[{"href":"https:\/\/www.pcncontabilidade.com.br\/new\/wp-json\/wp\/v2\/pages"}],"about":[{"href":"https:\/\/www.pcncontabilidade.com.br\/new\/wp-json\/wp\/v2\/types\/page"}],"author":[{"embeddable":true,"href":"https:\/\/www.pcncontabilidade.com.br\/new\/wp-json\/wp\/v2\/users\/1"}],"replies":[{"embeddable":true,"href":"https:\/\/www.pcncontabilidade.com.br\/new\/wp-json\/wp\/v2\/comments?post=245"}],"version-history":[{"count":2,"href":"https:\/\/www.pcncontabilidade.com.br\/new\/wp-json\/wp\/v2\/pages\/245\/revisions"}],"predecessor-version":[{"id":517,"href":"https:\/\/www.pcncontabilidade.com.br\/new\/wp-json\/wp\/v2\/pages\/245\/revisions\/517"}],"wp:attachment":[{"href":"https:\/\/www.pcncontabilidade.com.br\/new\/wp-json\/wp\/v2\/media?parent=245"}],"curies":[{"name":"wp","href":"https:\/\/api.w.org\/{rel}","templated":true}]}}