{"id":241,"date":"2021-03-16T12:40:01","date_gmt":"2021-03-16T15:40:01","guid":{"rendered":"http:\/\/www.pcncontabilidade.com.br\/new\/?page_id=241"},"modified":"2021-12-20T18:47:08","modified_gmt":"2021-12-20T21:47:08","slug":"pericia-enfase-em-calculos-trabalhistas","status":"publish","type":"page","link":"https:\/\/www.pcncontabilidade.com.br\/new\/pericia-enfase-em-calculos-trabalhistas\/","title":{"rendered":"Per\u00edcia (\u00canfase em c\u00e1lculos trabalhistas)"},"content":{"rendered":"\n<div class=\"wp-block-media-text alignwide is-stacked-on-mobile is-vertically-aligned-top is-image-fill\"><figure class=\"wp-block-media-text__media\" style=\"background-image:url(https:\/\/www.pcncontabilidade.com.br\/new\/wp-content\/uploads\/2021\/03\/pericia-1024x757.jpg);background-position:50% 50%\"><img loading=\"lazy\" decoding=\"async\" width=\"1024\" height=\"757\" src=\"https:\/\/www.pcncontabilidade.com.br\/new\/wp-content\/uploads\/2021\/03\/pericia-1024x757.jpg\" alt=\"\" class=\"wp-image-242 size-full\" srcset=\"https:\/\/www.pcncontabilidade.com.br\/new\/wp-content\/uploads\/2021\/03\/pericia-1024x757.jpg 1024w, https:\/\/www.pcncontabilidade.com.br\/new\/wp-content\/uploads\/2021\/03\/pericia-300x222.jpg 300w, https:\/\/www.pcncontabilidade.com.br\/new\/wp-content\/uploads\/2021\/03\/pericia-768x568.jpg 768w, https:\/\/www.pcncontabilidade.com.br\/new\/wp-content\/uploads\/2021\/03\/pericia.jpg 1100w\" sizes=\"auto, (max-width: 1024px) 100vw, 1024px\" \/><\/figure><div class=\"wp-block-media-text__content\">\n<p>Auxiliar T\u00e9cnico;<\/p>\n\n\n\n<p>Executamos c\u00e1lculos Judiciais, demonstrativos e auditorias.<\/p>\n\n\n\n<h4 class=\"wp-block-heading\">Tipos de c\u00e1lculos e \/ou servi\u00e7os:<\/h4>\n\n\n\n<ul class=\"wp-block-list\"><li>-Com v\u00ednculo empregat\u00edcio, ou reconhecimento de v\u00ednculo empregat\u00edcio<\/li><li>-Jornada de trabalho, hor\u00e1rios, cart\u00f5es ponto<\/li><li>-Verbas trabalhistas (horas extras, adicional noturno, RSR\u2019s, &nbsp; Insalubridade, periculosidade, horas extras intervalares), e demais verbas correlatas.<\/li><li>-Hist\u00f3rico recebido<\/li><li>-Abatimentos<\/li><li>-Reflexos em F\u00e9rias e 13\u00ba sal\u00e1rio<\/li><li>-FGTS<\/li><li>-C\u00e1lculo das contribui\u00e7\u00f5es previdenci\u00e1rias<\/li><li>-C\u00e1lculo do FGTS<\/li><li>-C\u00e1lculo do Imposto de renda<\/li><li>-Multas<\/li><li>-Indeniza\u00e7\u00f5es<\/li><li>-Corre\u00e7\u00e3o monet\u00e1ria \u2013 \u00e9poca e \u00edndices aplic\u00e1veis<\/li><li>-Juros morat\u00f3rios<\/li><li>-Quesitos<\/li><li>-Assistentes t\u00e9cnicos<\/li><li>-Ordem dos c\u00e1lculos<\/li><li>-Planilhas e programas utiliz\u00e1veis<\/li><\/ul>\n<\/div><\/div>\n","protected":false},"excerpt":{"rendered":"<p>Auxiliar T\u00e9cnico; Executamos c\u00e1lculos Judiciais, demonstrativos e auditorias. Tipos de c\u00e1lculos e \/ou servi\u00e7os: -Com v\u00ednculo empregat\u00edcio, ou reconhecimento de v\u00ednculo empregat\u00edcio -Jornada de trabalho, hor\u00e1rios, cart\u00f5es ponto -Verbas trabalhistas (horas extras, adicional noturno, RSR\u2019s, &nbsp; Insalubridade, periculosidade, horas extras intervalares), e demais verbas correlatas. -Hist\u00f3rico recebido -Abatimentos -Reflexos em F\u00e9rias e 13\u00ba sal\u00e1rio -FGTS -C\u00e1lculo das contribui\u00e7\u00f5es previdenci\u00e1rias -C\u00e1lculo do FGTS -C\u00e1lculo do Imposto&hellip; <\/p>\n","protected":false},"author":1,"featured_media":0,"parent":0,"menu_order":0,"comment_status":"closed","ping_status":"closed","template":"","meta":{"_mi_skip_tracking":false,"footnotes":""},"class_list":["post-241","page","type-page","status-publish","hentry","clearfix"],"yoast_head":"<!-- This site is optimized with the Yoast SEO plugin v27.5 - https:\/\/yoast.com\/product\/yoast-seo-wordpress\/ -->\n<title>PCN Contabilidade | Per\u00edcia (\u00canfase em c\u00e1lculos trabalhistas)<\/title>\n<meta name=\"description\" content=\"% Per\u00edcia (\u00canfase em c\u00e1lculos trabalhistas)\" \/>\n<meta name=\"robots\" content=\"index, follow, max-snippet:-1, max-image-preview:large, max-video-preview:-1\" \/>\n<link rel=\"canonical\" href=\"https:\/\/www.pcncontabilidade.com.br\/new\/pericia-enfase-em-calculos-trabalhistas\/\" \/>\n<meta property=\"og:locale\" content=\"pt_BR\" \/>\n<meta property=\"og:type\" content=\"article\" \/>\n<meta property=\"og:title\" content=\"PCN Contabilidade | Per\u00edcia (\u00canfase em c\u00e1lculos trabalhistas)\" \/>\n<meta property=\"og:description\" content=\"% Per\u00edcia (\u00canfase em c\u00e1lculos trabalhistas)\" \/>\n<meta property=\"og:url\" content=\"https:\/\/www.pcncontabilidade.com.br\/new\/pericia-enfase-em-calculos-trabalhistas\/\" \/>\n<meta property=\"article:modified_time\" content=\"2021-12-20T21:47:08+00:00\" \/>\n<meta property=\"og:image\" content=\"http:\/\/www.pcncontabilidade.com.br\/new\/wp-content\/uploads\/2021\/03\/pericia-1024x757.jpg\" \/>\n<meta name=\"twitter:card\" content=\"summary_large_image\" \/>\n<meta name=\"twitter:label1\" content=\"Est. tempo de leitura\" \/>\n\t<meta name=\"twitter:data1\" content=\"1 minuto\" \/>\n<script type=\"application\/ld+json\" class=\"yoast-schema-graph\">{\"@context\":\"https:\\\/\\\/schema.org\",\"@graph\":[{\"@type\":\"WebPage\",\"@id\":\"https:\\\/\\\/www.pcncontabilidade.com.br\\\/new\\\/pericia-enfase-em-calculos-trabalhistas\\\/\",\"url\":\"https:\\\/\\\/www.pcncontabilidade.com.br\\\/new\\\/pericia-enfase-em-calculos-trabalhistas\\\/\",\"name\":\"PCN Contabilidade | Per\u00edcia (\u00canfase em c\u00e1lculos trabalhistas)\",\"isPartOf\":{\"@id\":\"https:\\\/\\\/www.pcncontabilidade.com.br\\\/new\\\/#website\"},\"primaryImageOfPage\":{\"@id\":\"https:\\\/\\\/www.pcncontabilidade.com.br\\\/new\\\/pericia-enfase-em-calculos-trabalhistas\\\/#primaryimage\"},\"image\":{\"@id\":\"https:\\\/\\\/www.pcncontabilidade.com.br\\\/new\\\/pericia-enfase-em-calculos-trabalhistas\\\/#primaryimage\"},\"thumbnailUrl\":\"http:\\\/\\\/www.pcncontabilidade.com.br\\\/new\\\/wp-content\\\/uploads\\\/2021\\\/03\\\/pericia-1024x757.jpg\",\"datePublished\":\"2021-03-16T15:40:01+00:00\",\"dateModified\":\"2021-12-20T21:47:08+00:00\",\"description\":\"% Per\u00edcia (\u00canfase em c\u00e1lculos trabalhistas)\",\"breadcrumb\":{\"@id\":\"https:\\\/\\\/www.pcncontabilidade.com.br\\\/new\\\/pericia-enfase-em-calculos-trabalhistas\\\/#breadcrumb\"},\"inLanguage\":\"pt-BR\",\"potentialAction\":[{\"@type\":\"ReadAction\",\"target\":[\"https:\\\/\\\/www.pcncontabilidade.com.br\\\/new\\\/pericia-enfase-em-calculos-trabalhistas\\\/\"]}]},{\"@type\":\"ImageObject\",\"inLanguage\":\"pt-BR\",\"@id\":\"https:\\\/\\\/www.pcncontabilidade.com.br\\\/new\\\/pericia-enfase-em-calculos-trabalhistas\\\/#primaryimage\",\"url\":\"https:\\\/\\\/www.pcncontabilidade.com.br\\\/new\\\/wp-content\\\/uploads\\\/2021\\\/03\\\/pericia.jpg\",\"contentUrl\":\"https:\\\/\\\/www.pcncontabilidade.com.br\\\/new\\\/wp-content\\\/uploads\\\/2021\\\/03\\\/pericia.jpg\",\"width\":1100,\"height\":813},{\"@type\":\"BreadcrumbList\",\"@id\":\"https:\\\/\\\/www.pcncontabilidade.com.br\\\/new\\\/pericia-enfase-em-calculos-trabalhistas\\\/#breadcrumb\",\"itemListElement\":[{\"@type\":\"ListItem\",\"position\":1,\"name\":\"In\u00edcio\",\"item\":\"https:\\\/\\\/www.pcncontabilidade.com.br\\\/new\\\/\"},{\"@type\":\"ListItem\",\"position\":2,\"name\":\"Per\u00edcia (\u00canfase em c\u00e1lculos trabalhistas)\"}]},{\"@type\":\"WebSite\",\"@id\":\"https:\\\/\\\/www.pcncontabilidade.com.br\\\/new\\\/#website\",\"url\":\"https:\\\/\\\/www.pcncontabilidade.com.br\\\/new\\\/\",\"name\":\"\",\"description\":\"Contabilidade de sucesso\",\"publisher\":{\"@id\":\"https:\\\/\\\/www.pcncontabilidade.com.br\\\/new\\\/#organization\"},\"potentialAction\":[{\"@type\":\"SearchAction\",\"target\":{\"@type\":\"EntryPoint\",\"urlTemplate\":\"https:\\\/\\\/www.pcncontabilidade.com.br\\\/new\\\/?s={search_term_string}\"},\"query-input\":{\"@type\":\"PropertyValueSpecification\",\"valueRequired\":true,\"valueName\":\"search_term_string\"}}],\"inLanguage\":\"pt-BR\"},{\"@type\":\"Organization\",\"@id\":\"https:\\\/\\\/www.pcncontabilidade.com.br\\\/new\\\/#organization\",\"name\":\"PCN Contabilidade\",\"url\":\"https:\\\/\\\/www.pcncontabilidade.com.br\\\/new\\\/\",\"logo\":{\"@type\":\"ImageObject\",\"inLanguage\":\"pt-BR\",\"@id\":\"https:\\\/\\\/www.pcncontabilidade.com.br\\\/new\\\/#\\\/schema\\\/logo\\\/image\\\/\",\"url\":\"http:\\\/\\\/www.pcncontabilidade.com.br\\\/new\\\/wp-content\\\/uploads\\\/2021\\\/03\\\/logoBranco-2-e1615847764799.png\",\"contentUrl\":\"http:\\\/\\\/www.pcncontabilidade.com.br\\\/new\\\/wp-content\\\/uploads\\\/2021\\\/03\\\/logoBranco-2-e1615847764799.png\",\"width\":200,\"height\":70,\"caption\":\"PCN Contabilidade\"},\"image\":{\"@id\":\"https:\\\/\\\/www.pcncontabilidade.com.br\\\/new\\\/#\\\/schema\\\/logo\\\/image\\\/\"}}]}<\/script>\n<!-- \/ Yoast SEO plugin. -->","yoast_head_json":{"title":"PCN Contabilidade | Per\u00edcia (\u00canfase em c\u00e1lculos trabalhistas)","description":"% Per\u00edcia (\u00canfase em c\u00e1lculos trabalhistas)","robots":{"index":"index","follow":"follow","max-snippet":"max-snippet:-1","max-image-preview":"max-image-preview:large","max-video-preview":"max-video-preview:-1"},"canonical":"https:\/\/www.pcncontabilidade.com.br\/new\/pericia-enfase-em-calculos-trabalhistas\/","og_locale":"pt_BR","og_type":"article","og_title":"PCN Contabilidade | Per\u00edcia (\u00canfase em c\u00e1lculos trabalhistas)","og_description":"% Per\u00edcia (\u00canfase em c\u00e1lculos trabalhistas)","og_url":"https:\/\/www.pcncontabilidade.com.br\/new\/pericia-enfase-em-calculos-trabalhistas\/","article_modified_time":"2021-12-20T21:47:08+00:00","og_image":[{"url":"http:\/\/www.pcncontabilidade.com.br\/new\/wp-content\/uploads\/2021\/03\/pericia-1024x757.jpg","type":"","width":"","height":""}],"twitter_card":"summary_large_image","twitter_misc":{"Est. tempo de leitura":"1 minuto"},"schema":{"@context":"https:\/\/schema.org","@graph":[{"@type":"WebPage","@id":"https:\/\/www.pcncontabilidade.com.br\/new\/pericia-enfase-em-calculos-trabalhistas\/","url":"https:\/\/www.pcncontabilidade.com.br\/new\/pericia-enfase-em-calculos-trabalhistas\/","name":"PCN Contabilidade | Per\u00edcia (\u00canfase em c\u00e1lculos trabalhistas)","isPartOf":{"@id":"https:\/\/www.pcncontabilidade.com.br\/new\/#website"},"primaryImageOfPage":{"@id":"https:\/\/www.pcncontabilidade.com.br\/new\/pericia-enfase-em-calculos-trabalhistas\/#primaryimage"},"image":{"@id":"https:\/\/www.pcncontabilidade.com.br\/new\/pericia-enfase-em-calculos-trabalhistas\/#primaryimage"},"thumbnailUrl":"http:\/\/www.pcncontabilidade.com.br\/new\/wp-content\/uploads\/2021\/03\/pericia-1024x757.jpg","datePublished":"2021-03-16T15:40:01+00:00","dateModified":"2021-12-20T21:47:08+00:00","description":"% Per\u00edcia (\u00canfase em c\u00e1lculos trabalhistas)","breadcrumb":{"@id":"https:\/\/www.pcncontabilidade.com.br\/new\/pericia-enfase-em-calculos-trabalhistas\/#breadcrumb"},"inLanguage":"pt-BR","potentialAction":[{"@type":"ReadAction","target":["https:\/\/www.pcncontabilidade.com.br\/new\/pericia-enfase-em-calculos-trabalhistas\/"]}]},{"@type":"ImageObject","inLanguage":"pt-BR","@id":"https:\/\/www.pcncontabilidade.com.br\/new\/pericia-enfase-em-calculos-trabalhistas\/#primaryimage","url":"https:\/\/www.pcncontabilidade.com.br\/new\/wp-content\/uploads\/2021\/03\/pericia.jpg","contentUrl":"https:\/\/www.pcncontabilidade.com.br\/new\/wp-content\/uploads\/2021\/03\/pericia.jpg","width":1100,"height":813},{"@type":"BreadcrumbList","@id":"https:\/\/www.pcncontabilidade.com.br\/new\/pericia-enfase-em-calculos-trabalhistas\/#breadcrumb","itemListElement":[{"@type":"ListItem","position":1,"name":"In\u00edcio","item":"https:\/\/www.pcncontabilidade.com.br\/new\/"},{"@type":"ListItem","position":2,"name":"Per\u00edcia (\u00canfase em c\u00e1lculos trabalhistas)"}]},{"@type":"WebSite","@id":"https:\/\/www.pcncontabilidade.com.br\/new\/#website","url":"https:\/\/www.pcncontabilidade.com.br\/new\/","name":"","description":"Contabilidade de sucesso","publisher":{"@id":"https:\/\/www.pcncontabilidade.com.br\/new\/#organization"},"potentialAction":[{"@type":"SearchAction","target":{"@type":"EntryPoint","urlTemplate":"https:\/\/www.pcncontabilidade.com.br\/new\/?s={search_term_string}"},"query-input":{"@type":"PropertyValueSpecification","valueRequired":true,"valueName":"search_term_string"}}],"inLanguage":"pt-BR"},{"@type":"Organization","@id":"https:\/\/www.pcncontabilidade.com.br\/new\/#organization","name":"PCN Contabilidade","url":"https:\/\/www.pcncontabilidade.com.br\/new\/","logo":{"@type":"ImageObject","inLanguage":"pt-BR","@id":"https:\/\/www.pcncontabilidade.com.br\/new\/#\/schema\/logo\/image\/","url":"http:\/\/www.pcncontabilidade.com.br\/new\/wp-content\/uploads\/2021\/03\/logoBranco-2-e1615847764799.png","contentUrl":"http:\/\/www.pcncontabilidade.com.br\/new\/wp-content\/uploads\/2021\/03\/logoBranco-2-e1615847764799.png","width":200,"height":70,"caption":"PCN Contabilidade"},"image":{"@id":"https:\/\/www.pcncontabilidade.com.br\/new\/#\/schema\/logo\/image\/"}}]}},"_links":{"self":[{"href":"https:\/\/www.pcncontabilidade.com.br\/new\/wp-json\/wp\/v2\/pages\/241","targetHints":{"allow":["GET"]}}],"collection":[{"href":"https:\/\/www.pcncontabilidade.com.br\/new\/wp-json\/wp\/v2\/pages"}],"about":[{"href":"https:\/\/www.pcncontabilidade.com.br\/new\/wp-json\/wp\/v2\/types\/page"}],"author":[{"embeddable":true,"href":"https:\/\/www.pcncontabilidade.com.br\/new\/wp-json\/wp\/v2\/users\/1"}],"replies":[{"embeddable":true,"href":"https:\/\/www.pcncontabilidade.com.br\/new\/wp-json\/wp\/v2\/comments?post=241"}],"version-history":[{"count":2,"href":"https:\/\/www.pcncontabilidade.com.br\/new\/wp-json\/wp\/v2\/pages\/241\/revisions"}],"predecessor-version":[{"id":516,"href":"https:\/\/www.pcncontabilidade.com.br\/new\/wp-json\/wp\/v2\/pages\/241\/revisions\/516"}],"wp:attachment":[{"href":"https:\/\/www.pcncontabilidade.com.br\/new\/wp-json\/wp\/v2\/media?parent=241"}],"curies":[{"name":"wp","href":"https:\/\/api.w.org\/{rel}","templated":true}]}}