{"id":221,"date":"2021-03-16T12:14:57","date_gmt":"2021-03-16T15:14:57","guid":{"rendered":"http:\/\/www.pcncontabilidade.com.br\/new\/?page_id=221"},"modified":"2021-12-20T18:48:13","modified_gmt":"2021-12-20T21:48:13","slug":"cadastro-nacional-dos-estabelecimentos-de-saudecnes","status":"publish","type":"page","link":"https:\/\/www.pcncontabilidade.com.br\/new\/cadastro-nacional-dos-estabelecimentos-de-saudecnes\/","title":{"rendered":"Cadastro Nacional dos Estabelecimentos de Sa\u00fade(CNES)"},"content":{"rendered":"\n<div class=\"wp-block-media-text alignwide is-stacked-on-mobile is-vertically-aligned-top is-image-fill\"><figure class=\"wp-block-media-text__media\" style=\"background-image:url(https:\/\/www.pcncontabilidade.com.br\/new\/wp-content\/uploads\/2021\/03\/cnaes.jpg);background-position:50% 50%\"><img loading=\"lazy\" decoding=\"async\" width=\"900\" height=\"900\" src=\"https:\/\/www.pcncontabilidade.com.br\/new\/wp-content\/uploads\/2021\/03\/cnaes.jpg\" alt=\"\" class=\"wp-image-222 size-full\" srcset=\"https:\/\/www.pcncontabilidade.com.br\/new\/wp-content\/uploads\/2021\/03\/cnaes.jpg 900w, https:\/\/www.pcncontabilidade.com.br\/new\/wp-content\/uploads\/2021\/03\/cnaes-300x300.jpg 300w, https:\/\/www.pcncontabilidade.com.br\/new\/wp-content\/uploads\/2021\/03\/cnaes-150x150.jpg 150w, https:\/\/www.pcncontabilidade.com.br\/new\/wp-content\/uploads\/2021\/03\/cnaes-768x768.jpg 768w\" sizes=\"auto, (max-width: 900px) 100vw, 900px\" \/><\/figure><div class=\"wp-block-media-text__content\">\n<p>Trata-se do Cadastro dos Estabelecimentos de Sa\u00fade instalados no territ\u00f3rio nacional.<\/p>\n\n\n\n<h4 class=\"wp-block-heading\">Por que voc\u00ea precisa cadastrar o seu consult\u00f3rio no CNES?<\/h4>\n\n\n\n<p>Porque ao preencher os formul\u00e1rios, seus dados cadastrais constituir\u00e3o um dos pontos fundamentais para a elabora\u00e7\u00e3o do controle e avalia\u00e7\u00e3o da assist\u00eancia m\u00e9dica no pa\u00eds, ou seja, voc\u00ea contribuir\u00e1 para a forma\u00e7\u00e3o de um universo de estabelecimentos que cuidam da sa\u00fade da nossa popula\u00e7\u00e3o.<\/p>\n\n\n\n<h4 class=\"wp-block-heading\">Qual o objetivo do CNES?<\/h4>\n\n\n\n<p>O CNES visa atualizar as informa\u00e7\u00f5es relacionadas \u00e0s condi\u00e7\u00f5es de infra-estrutura e funcionamento dos Estabelecimentos de Sa\u00fade, sejam eles da rede de atendimento SUS ou particular. Paralelamente servir\u00e1 como base para operacionalizar os Sistemas de Informa\u00e7\u00f5es em Sa\u00fade, propiciar o conhecimento da realidade s\u00f3cio sanit\u00e1ria e possibilitar a formula\u00e7\u00e3o de pol\u00edticas de sa\u00fade, em todos os n\u00edveis de governo.<\/p>\n\n\n\n<h4 class=\"wp-block-heading\">Quem deve se cadastrar?<\/h4>\n\n\n\n<p>O cadastro compreende o conhecimento dos Estabelecimentos de Sa\u00fade nos aspectos de \u00c1rea F\u00edsica, Recursos Humanos, Equipamentos e Servi\u00e7os Ambulatoriais e Hospitalares. Abrange a totalidade dos Hospitais e servi\u00e7os ambulatoriais de sa\u00fade vinculados ao SUS e particulares. O n\u00famero do CNES \u00e9 obrigat\u00f3rio para celebra\u00e7\u00e3o de contratos ou aditivos contratuais entre prestadores de servi\u00e7os, assist\u00eancias odontol\u00f3gicas e operadoras de planos de sa\u00fade, conforme as resolu\u00e7\u00f5es normativas 108, 54, 49 e 42 da Ag\u00eancia Nacional de Sa\u00fade Suplementar (ANS). Portanto, o cirurgi\u00e3o-dentista que n\u00e3o for cadastrado ao CNES estar\u00e1 impossibilitado de se credenciar a qualquer Operadora de Planos Odontol\u00f3gicos.<\/p>\n\n\n\n<h4 class=\"wp-block-heading\">Como proceder para o cadastramento dos Estabelecimentos de Sa\u00fade sem v\u00ednculo com o SUS?<\/h4>\n\n\n\n<p>Para efetuar o cadastro \u00e9 necess\u00e1rio:<br>\u2013 estar com a situa\u00e7\u00e3o frente \u00e0 vigil\u00e2ncia sanit\u00e1ria atualizada.<br>\u2013 fazer o download do Manual do CNES.<\/p>\n\n\n\n<p>Neste manual constam todos os formul\u00e1rios que devem ser preenchido.<br>Ap\u00f3s o preenchimento e entrega dos formul\u00e1rios ao gestor local, que poder\u00e1 ser na Secretaria Municipal ou Estadual de Sa\u00fade, haver\u00e1 uma verifica\u00e7\u00e3o in loco de compet\u00eancia do gestor, a fim de validar as informa\u00e7\u00f5es prestadas pelos Estabelecimentos de Sa\u00fade nos formul\u00e1rios. O gestor encaminhar\u00e1 os dados ao DATASUS que incluir\u00e1 a unidade no Cadastro Nacional de Estabelecimento de Sa\u00fade. Depois de apurados, ser\u00e1 emitida a Certifica\u00e7\u00e3o do processo de cadastramento do Estado, sob responsabilidade do Minist\u00e9rio da Sa\u00fade.<\/p>\n\n\n\n<h4 class=\"wp-block-heading\">Dicas:<\/h4>\n\n\n\n<p>\u2013 Em casos de consult\u00f3rios com mais de um profissional, ser\u00e1 necess\u00e1rio apenas um n\u00famero de CNES;<br>\u2013 Profissionais que possu\u00edrem consult\u00f3rios em mais de um endere\u00e7o, dever\u00e3o providenciar um n\u00famero de CNES para cada, mesmo que os consult\u00f3rios se localizem no mesmo munic\u00edpio;<\/p>\n<\/div><\/div>\n\n\n\n<hr class=\"wp-block-separator is-style-wide\"\/>\n\n\n\n<h3 class=\"wp-block-heading\">Maiores Informa\u00e7\u00f5es:<\/h3>\n\n\n\n<p class=\"has-text-align-center\">\u2013 Site CNES:&nbsp;<a href=\"http:\/\/cnes.datasus.gov.br\/\">http:\/\/cnes.datasus.gov.br<\/a><\/p>\n","protected":false},"excerpt":{"rendered":"<p>Trata-se do Cadastro dos Estabelecimentos de Sa\u00fade instalados no territ\u00f3rio nacional. Por que voc\u00ea precisa cadastrar o seu consult\u00f3rio no CNES? Porque ao preencher os formul\u00e1rios, seus dados cadastrais constituir\u00e3o um dos pontos fundamentais para a elabora\u00e7\u00e3o do controle e avalia\u00e7\u00e3o da assist\u00eancia m\u00e9dica no pa\u00eds, ou seja, voc\u00ea contribuir\u00e1 para a forma\u00e7\u00e3o de um universo de estabelecimentos que cuidam da sa\u00fade da nossa popula\u00e7\u00e3o.&hellip; <\/p>\n","protected":false},"author":1,"featured_media":0,"parent":0,"menu_order":0,"comment_status":"closed","ping_status":"closed","template":"","meta":{"_mi_skip_tracking":false,"footnotes":""},"class_list":["post-221","page","type-page","status-publish","hentry","clearfix"],"yoast_head":"<!-- This site is optimized with the Yoast SEO plugin v27.5 - https:\/\/yoast.com\/product\/yoast-seo-wordpress\/ -->\n<title>PCN Contabilidade | Cadastro Nacional dos Estabelecimentos de Sa\u00fade(CNES)<\/title>\n<meta name=\"description\" content=\"% Cadastro Nacional dos Estabelecimentos de Sa\u00fade(CNES)\" \/>\n<meta name=\"robots\" content=\"index, follow, max-snippet:-1, max-image-preview:large, max-video-preview:-1\" \/>\n<link rel=\"canonical\" href=\"https:\/\/www.pcncontabilidade.com.br\/new\/cadastro-nacional-dos-estabelecimentos-de-saudecnes\/\" \/>\n<meta property=\"og:locale\" content=\"pt_BR\" \/>\n<meta property=\"og:type\" content=\"article\" \/>\n<meta property=\"og:title\" content=\"PCN Contabilidade | Cadastro Nacional dos Estabelecimentos de Sa\u00fade(CNES)\" \/>\n<meta property=\"og:description\" content=\"% Cadastro Nacional dos Estabelecimentos de Sa\u00fade(CNES)\" \/>\n<meta property=\"og:url\" content=\"https:\/\/www.pcncontabilidade.com.br\/new\/cadastro-nacional-dos-estabelecimentos-de-saudecnes\/\" \/>\n<meta property=\"article:modified_time\" content=\"2021-12-20T21:48:13+00:00\" \/>\n<meta property=\"og:image\" content=\"http:\/\/www.pcncontabilidade.com.br\/new\/wp-content\/uploads\/2021\/03\/cnaes.jpg\" \/>\n<meta name=\"twitter:card\" content=\"summary_large_image\" \/>\n<meta name=\"twitter:label1\" content=\"Est. tempo de leitura\" \/>\n\t<meta name=\"twitter:data1\" content=\"3 minutos\" \/>\n<script type=\"application\/ld+json\" class=\"yoast-schema-graph\">{\"@context\":\"https:\\\/\\\/schema.org\",\"@graph\":[{\"@type\":\"WebPage\",\"@id\":\"https:\\\/\\\/www.pcncontabilidade.com.br\\\/new\\\/cadastro-nacional-dos-estabelecimentos-de-saudecnes\\\/\",\"url\":\"https:\\\/\\\/www.pcncontabilidade.com.br\\\/new\\\/cadastro-nacional-dos-estabelecimentos-de-saudecnes\\\/\",\"name\":\"PCN Contabilidade | Cadastro Nacional dos Estabelecimentos de Sa\u00fade(CNES)\",\"isPartOf\":{\"@id\":\"https:\\\/\\\/www.pcncontabilidade.com.br\\\/new\\\/#website\"},\"primaryImageOfPage\":{\"@id\":\"https:\\\/\\\/www.pcncontabilidade.com.br\\\/new\\\/cadastro-nacional-dos-estabelecimentos-de-saudecnes\\\/#primaryimage\"},\"image\":{\"@id\":\"https:\\\/\\\/www.pcncontabilidade.com.br\\\/new\\\/cadastro-nacional-dos-estabelecimentos-de-saudecnes\\\/#primaryimage\"},\"thumbnailUrl\":\"http:\\\/\\\/www.pcncontabilidade.com.br\\\/new\\\/wp-content\\\/uploads\\\/2021\\\/03\\\/cnaes.jpg\",\"datePublished\":\"2021-03-16T15:14:57+00:00\",\"dateModified\":\"2021-12-20T21:48:13+00:00\",\"description\":\"% Cadastro Nacional dos Estabelecimentos de Sa\u00fade(CNES)\",\"breadcrumb\":{\"@id\":\"https:\\\/\\\/www.pcncontabilidade.com.br\\\/new\\\/cadastro-nacional-dos-estabelecimentos-de-saudecnes\\\/#breadcrumb\"},\"inLanguage\":\"pt-BR\",\"potentialAction\":[{\"@type\":\"ReadAction\",\"target\":[\"https:\\\/\\\/www.pcncontabilidade.com.br\\\/new\\\/cadastro-nacional-dos-estabelecimentos-de-saudecnes\\\/\"]}]},{\"@type\":\"ImageObject\",\"inLanguage\":\"pt-BR\",\"@id\":\"https:\\\/\\\/www.pcncontabilidade.com.br\\\/new\\\/cadastro-nacional-dos-estabelecimentos-de-saudecnes\\\/#primaryimage\",\"url\":\"https:\\\/\\\/www.pcncontabilidade.com.br\\\/new\\\/wp-content\\\/uploads\\\/2021\\\/03\\\/cnaes.jpg\",\"contentUrl\":\"https:\\\/\\\/www.pcncontabilidade.com.br\\\/new\\\/wp-content\\\/uploads\\\/2021\\\/03\\\/cnaes.jpg\",\"width\":900,\"height\":900},{\"@type\":\"BreadcrumbList\",\"@id\":\"https:\\\/\\\/www.pcncontabilidade.com.br\\\/new\\\/cadastro-nacional-dos-estabelecimentos-de-saudecnes\\\/#breadcrumb\",\"itemListElement\":[{\"@type\":\"ListItem\",\"position\":1,\"name\":\"In\u00edcio\",\"item\":\"https:\\\/\\\/www.pcncontabilidade.com.br\\\/new\\\/\"},{\"@type\":\"ListItem\",\"position\":2,\"name\":\"Cadastro Nacional dos Estabelecimentos de Sa\u00fade(CNES)\"}]},{\"@type\":\"WebSite\",\"@id\":\"https:\\\/\\\/www.pcncontabilidade.com.br\\\/new\\\/#website\",\"url\":\"https:\\\/\\\/www.pcncontabilidade.com.br\\\/new\\\/\",\"name\":\"\",\"description\":\"Contabilidade de sucesso\",\"publisher\":{\"@id\":\"https:\\\/\\\/www.pcncontabilidade.com.br\\\/new\\\/#organization\"},\"potentialAction\":[{\"@type\":\"SearchAction\",\"target\":{\"@type\":\"EntryPoint\",\"urlTemplate\":\"https:\\\/\\\/www.pcncontabilidade.com.br\\\/new\\\/?s={search_term_string}\"},\"query-input\":{\"@type\":\"PropertyValueSpecification\",\"valueRequired\":true,\"valueName\":\"search_term_string\"}}],\"inLanguage\":\"pt-BR\"},{\"@type\":\"Organization\",\"@id\":\"https:\\\/\\\/www.pcncontabilidade.com.br\\\/new\\\/#organization\",\"name\":\"PCN Contabilidade\",\"url\":\"https:\\\/\\\/www.pcncontabilidade.com.br\\\/new\\\/\",\"logo\":{\"@type\":\"ImageObject\",\"inLanguage\":\"pt-BR\",\"@id\":\"https:\\\/\\\/www.pcncontabilidade.com.br\\\/new\\\/#\\\/schema\\\/logo\\\/image\\\/\",\"url\":\"http:\\\/\\\/www.pcncontabilidade.com.br\\\/new\\\/wp-content\\\/uploads\\\/2021\\\/03\\\/logoBranco-2-e1615847764799.png\",\"contentUrl\":\"http:\\\/\\\/www.pcncontabilidade.com.br\\\/new\\\/wp-content\\\/uploads\\\/2021\\\/03\\\/logoBranco-2-e1615847764799.png\",\"width\":200,\"height\":70,\"caption\":\"PCN Contabilidade\"},\"image\":{\"@id\":\"https:\\\/\\\/www.pcncontabilidade.com.br\\\/new\\\/#\\\/schema\\\/logo\\\/image\\\/\"}}]}<\/script>\n<!-- \/ Yoast SEO plugin. -->","yoast_head_json":{"title":"PCN Contabilidade | Cadastro Nacional dos Estabelecimentos de Sa\u00fade(CNES)","description":"% Cadastro Nacional dos Estabelecimentos de Sa\u00fade(CNES)","robots":{"index":"index","follow":"follow","max-snippet":"max-snippet:-1","max-image-preview":"max-image-preview:large","max-video-preview":"max-video-preview:-1"},"canonical":"https:\/\/www.pcncontabilidade.com.br\/new\/cadastro-nacional-dos-estabelecimentos-de-saudecnes\/","og_locale":"pt_BR","og_type":"article","og_title":"PCN Contabilidade | Cadastro Nacional dos Estabelecimentos de Sa\u00fade(CNES)","og_description":"% Cadastro Nacional dos Estabelecimentos de Sa\u00fade(CNES)","og_url":"https:\/\/www.pcncontabilidade.com.br\/new\/cadastro-nacional-dos-estabelecimentos-de-saudecnes\/","article_modified_time":"2021-12-20T21:48:13+00:00","og_image":[{"url":"http:\/\/www.pcncontabilidade.com.br\/new\/wp-content\/uploads\/2021\/03\/cnaes.jpg","type":"","width":"","height":""}],"twitter_card":"summary_large_image","twitter_misc":{"Est. tempo de leitura":"3 minutos"},"schema":{"@context":"https:\/\/schema.org","@graph":[{"@type":"WebPage","@id":"https:\/\/www.pcncontabilidade.com.br\/new\/cadastro-nacional-dos-estabelecimentos-de-saudecnes\/","url":"https:\/\/www.pcncontabilidade.com.br\/new\/cadastro-nacional-dos-estabelecimentos-de-saudecnes\/","name":"PCN Contabilidade | Cadastro Nacional dos Estabelecimentos de Sa\u00fade(CNES)","isPartOf":{"@id":"https:\/\/www.pcncontabilidade.com.br\/new\/#website"},"primaryImageOfPage":{"@id":"https:\/\/www.pcncontabilidade.com.br\/new\/cadastro-nacional-dos-estabelecimentos-de-saudecnes\/#primaryimage"},"image":{"@id":"https:\/\/www.pcncontabilidade.com.br\/new\/cadastro-nacional-dos-estabelecimentos-de-saudecnes\/#primaryimage"},"thumbnailUrl":"http:\/\/www.pcncontabilidade.com.br\/new\/wp-content\/uploads\/2021\/03\/cnaes.jpg","datePublished":"2021-03-16T15:14:57+00:00","dateModified":"2021-12-20T21:48:13+00:00","description":"% Cadastro Nacional dos Estabelecimentos de Sa\u00fade(CNES)","breadcrumb":{"@id":"https:\/\/www.pcncontabilidade.com.br\/new\/cadastro-nacional-dos-estabelecimentos-de-saudecnes\/#breadcrumb"},"inLanguage":"pt-BR","potentialAction":[{"@type":"ReadAction","target":["https:\/\/www.pcncontabilidade.com.br\/new\/cadastro-nacional-dos-estabelecimentos-de-saudecnes\/"]}]},{"@type":"ImageObject","inLanguage":"pt-BR","@id":"https:\/\/www.pcncontabilidade.com.br\/new\/cadastro-nacional-dos-estabelecimentos-de-saudecnes\/#primaryimage","url":"https:\/\/www.pcncontabilidade.com.br\/new\/wp-content\/uploads\/2021\/03\/cnaes.jpg","contentUrl":"https:\/\/www.pcncontabilidade.com.br\/new\/wp-content\/uploads\/2021\/03\/cnaes.jpg","width":900,"height":900},{"@type":"BreadcrumbList","@id":"https:\/\/www.pcncontabilidade.com.br\/new\/cadastro-nacional-dos-estabelecimentos-de-saudecnes\/#breadcrumb","itemListElement":[{"@type":"ListItem","position":1,"name":"In\u00edcio","item":"https:\/\/www.pcncontabilidade.com.br\/new\/"},{"@type":"ListItem","position":2,"name":"Cadastro Nacional dos Estabelecimentos de Sa\u00fade(CNES)"}]},{"@type":"WebSite","@id":"https:\/\/www.pcncontabilidade.com.br\/new\/#website","url":"https:\/\/www.pcncontabilidade.com.br\/new\/","name":"","description":"Contabilidade de sucesso","publisher":{"@id":"https:\/\/www.pcncontabilidade.com.br\/new\/#organization"},"potentialAction":[{"@type":"SearchAction","target":{"@type":"EntryPoint","urlTemplate":"https:\/\/www.pcncontabilidade.com.br\/new\/?s={search_term_string}"},"query-input":{"@type":"PropertyValueSpecification","valueRequired":true,"valueName":"search_term_string"}}],"inLanguage":"pt-BR"},{"@type":"Organization","@id":"https:\/\/www.pcncontabilidade.com.br\/new\/#organization","name":"PCN Contabilidade","url":"https:\/\/www.pcncontabilidade.com.br\/new\/","logo":{"@type":"ImageObject","inLanguage":"pt-BR","@id":"https:\/\/www.pcncontabilidade.com.br\/new\/#\/schema\/logo\/image\/","url":"http:\/\/www.pcncontabilidade.com.br\/new\/wp-content\/uploads\/2021\/03\/logoBranco-2-e1615847764799.png","contentUrl":"http:\/\/www.pcncontabilidade.com.br\/new\/wp-content\/uploads\/2021\/03\/logoBranco-2-e1615847764799.png","width":200,"height":70,"caption":"PCN Contabilidade"},"image":{"@id":"https:\/\/www.pcncontabilidade.com.br\/new\/#\/schema\/logo\/image\/"}}]}},"_links":{"self":[{"href":"https:\/\/www.pcncontabilidade.com.br\/new\/wp-json\/wp\/v2\/pages\/221","targetHints":{"allow":["GET"]}}],"collection":[{"href":"https:\/\/www.pcncontabilidade.com.br\/new\/wp-json\/wp\/v2\/pages"}],"about":[{"href":"https:\/\/www.pcncontabilidade.com.br\/new\/wp-json\/wp\/v2\/types\/page"}],"author":[{"embeddable":true,"href":"https:\/\/www.pcncontabilidade.com.br\/new\/wp-json\/wp\/v2\/users\/1"}],"replies":[{"embeddable":true,"href":"https:\/\/www.pcncontabilidade.com.br\/new\/wp-json\/wp\/v2\/comments?post=221"}],"version-history":[{"count":3,"href":"https:\/\/www.pcncontabilidade.com.br\/new\/wp-json\/wp\/v2\/pages\/221\/revisions"}],"predecessor-version":[{"id":519,"href":"https:\/\/www.pcncontabilidade.com.br\/new\/wp-json\/wp\/v2\/pages\/221\/revisions\/519"}],"wp:attachment":[{"href":"https:\/\/www.pcncontabilidade.com.br\/new\/wp-json\/wp\/v2\/media?parent=221"}],"curies":[{"name":"wp","href":"https:\/\/api.w.org\/{rel}","templated":true}]}}