{"id":215,"date":"2021-03-16T12:11:07","date_gmt":"2021-03-16T15:11:07","guid":{"rendered":"http:\/\/www.pcncontabilidade.com.br\/new\/?page_id=215"},"modified":"2021-12-20T18:46:21","modified_gmt":"2021-12-20T21:46:21","slug":"departamento-pessoal","status":"publish","type":"page","link":"https:\/\/www.pcncontabilidade.com.br\/new\/departamento-pessoal\/","title":{"rendered":"Departamento Pessoal"},"content":{"rendered":"\n<div class=\"wp-block-media-text alignwide is-stacked-on-mobile is-vertically-aligned-top is-image-fill\" style=\"grid-template-columns:42% auto\"><figure class=\"wp-block-media-text__media\" style=\"background-image:url(https:\/\/www.pcncontabilidade.com.br\/new\/wp-content\/uploads\/2021\/03\/trabalhista.jpeg);background-position:50% 50%\"><img loading=\"lazy\" decoding=\"async\" width=\"709\" height=\"709\" src=\"https:\/\/www.pcncontabilidade.com.br\/new\/wp-content\/uploads\/2021\/03\/trabalhista.jpeg\" alt=\"\" class=\"wp-image-216 size-full\" srcset=\"https:\/\/www.pcncontabilidade.com.br\/new\/wp-content\/uploads\/2021\/03\/trabalhista.jpeg 709w, https:\/\/www.pcncontabilidade.com.br\/new\/wp-content\/uploads\/2021\/03\/trabalhista-300x300.jpeg 300w, https:\/\/www.pcncontabilidade.com.br\/new\/wp-content\/uploads\/2021\/03\/trabalhista-150x150.jpeg 150w\" sizes=\"auto, (max-width: 709px) 100vw, 709px\" \/><\/figure><div class=\"wp-block-media-text__content\">\n<p>Executamos todos os servi\u00e7os envolvidos na rotina do departamento pessoal a partir do registro do funcion\u00e1rio, dentre as quais destacamos:<\/p>\n\n\n\n<ul class=\"wp-block-list\"><li>Registro do Funcion\u00e1rio com toda a anota\u00e7\u00e3o e documenta\u00e7\u00e3o legal;<\/li><li>Folha de pagamento por centro de custos\/filiais, com rela\u00e7\u00e3o para o departamento financeiro e recibos de pagamento;<\/li><li>Guias de impostos relativos \u00e0 folha e outros servi\u00e7os de terceiros;<\/li><li>Controle e acompanhamento individual por funcion\u00e1rio (exames m\u00e9dicos, ao sair de f\u00e9rias e 13\u00ba sal\u00e1rio);<\/li><li>Relat\u00f3rios para or\u00e7amentos financeiro (provis\u00e3o de f\u00e9rias 13\u00ba sal\u00e1rio);<\/li><li>Rescis\u00f5es e homologa\u00e7\u00f5es;<\/li><li>Entrega de Obriga\u00e7\u00f5es peri\u00f3dicas. Ex.: RAIS \u2013 DIRF e outros;<\/li><li>Mapa de c\u00e1lculo para aquisi\u00e7\u00e3o de vale transporte;<\/li><li>Assessoria completa para a adequada administra\u00e7\u00e3o de pessoal no que diz respeito a legisla\u00e7\u00e3o do trabalho;<\/li><li>Comunica\u00e7\u00e3o ao cliente sobre as altera\u00e7\u00f5es legais que devem ser destacadas, incluindo diss\u00eddios da categoria;<\/li><li>Assessoria no atendimento \u00e0 agentes fiscais trabalhistas.<\/li><\/ul>\n<\/div><\/div>\n","protected":false},"excerpt":{"rendered":"<p>Executamos todos os servi\u00e7os envolvidos na rotina do departamento pessoal a partir do registro do funcion\u00e1rio, dentre as quais destacamos: Registro do Funcion\u00e1rio com toda a anota\u00e7\u00e3o e documenta\u00e7\u00e3o legal; Folha de pagamento por centro de custos\/filiais, com rela\u00e7\u00e3o para o departamento financeiro e recibos de pagamento; Guias de impostos relativos \u00e0 folha e outros servi\u00e7os de terceiros; Controle e acompanhamento individual por funcion\u00e1rio (exames&hellip; <\/p>\n","protected":false},"author":1,"featured_media":0,"parent":0,"menu_order":0,"comment_status":"closed","ping_status":"closed","template":"","meta":{"_mi_skip_tracking":false,"footnotes":""},"class_list":["post-215","page","type-page","status-publish","hentry","clearfix"],"yoast_head":"<!-- This site is optimized with the Yoast SEO plugin v27.5 - https:\/\/yoast.com\/product\/yoast-seo-wordpress\/ -->\n<title>PCN Contabilidade | Departamento Pessoal<\/title>\n<meta name=\"description\" content=\"% Departamento Pessoal\" \/>\n<meta name=\"robots\" content=\"index, follow, max-snippet:-1, max-image-preview:large, max-video-preview:-1\" \/>\n<link rel=\"canonical\" href=\"https:\/\/www.pcncontabilidade.com.br\/new\/departamento-pessoal\/\" \/>\n<meta property=\"og:locale\" content=\"pt_BR\" \/>\n<meta property=\"og:type\" content=\"article\" \/>\n<meta property=\"og:title\" content=\"PCN Contabilidade | Departamento Pessoal\" \/>\n<meta property=\"og:description\" content=\"% Departamento Pessoal\" \/>\n<meta property=\"og:url\" content=\"https:\/\/www.pcncontabilidade.com.br\/new\/departamento-pessoal\/\" \/>\n<meta property=\"article:modified_time\" content=\"2021-12-20T21:46:21+00:00\" \/>\n<meta property=\"og:image\" content=\"http:\/\/www.pcncontabilidade.com.br\/new\/wp-content\/uploads\/2021\/03\/trabalhista.jpeg\" \/>\n<meta name=\"twitter:card\" content=\"summary_large_image\" \/>\n<meta name=\"twitter:label1\" content=\"Est. tempo de leitura\" \/>\n\t<meta name=\"twitter:data1\" content=\"1 minuto\" \/>\n<script type=\"application\/ld+json\" class=\"yoast-schema-graph\">{\"@context\":\"https:\\\/\\\/schema.org\",\"@graph\":[{\"@type\":\"WebPage\",\"@id\":\"https:\\\/\\\/www.pcncontabilidade.com.br\\\/new\\\/departamento-pessoal\\\/\",\"url\":\"https:\\\/\\\/www.pcncontabilidade.com.br\\\/new\\\/departamento-pessoal\\\/\",\"name\":\"PCN Contabilidade | Departamento Pessoal\",\"isPartOf\":{\"@id\":\"https:\\\/\\\/www.pcncontabilidade.com.br\\\/new\\\/#website\"},\"primaryImageOfPage\":{\"@id\":\"https:\\\/\\\/www.pcncontabilidade.com.br\\\/new\\\/departamento-pessoal\\\/#primaryimage\"},\"image\":{\"@id\":\"https:\\\/\\\/www.pcncontabilidade.com.br\\\/new\\\/departamento-pessoal\\\/#primaryimage\"},\"thumbnailUrl\":\"http:\\\/\\\/www.pcncontabilidade.com.br\\\/new\\\/wp-content\\\/uploads\\\/2021\\\/03\\\/trabalhista.jpeg\",\"datePublished\":\"2021-03-16T15:11:07+00:00\",\"dateModified\":\"2021-12-20T21:46:21+00:00\",\"description\":\"% Departamento Pessoal\",\"breadcrumb\":{\"@id\":\"https:\\\/\\\/www.pcncontabilidade.com.br\\\/new\\\/departamento-pessoal\\\/#breadcrumb\"},\"inLanguage\":\"pt-BR\",\"potentialAction\":[{\"@type\":\"ReadAction\",\"target\":[\"https:\\\/\\\/www.pcncontabilidade.com.br\\\/new\\\/departamento-pessoal\\\/\"]}]},{\"@type\":\"ImageObject\",\"inLanguage\":\"pt-BR\",\"@id\":\"https:\\\/\\\/www.pcncontabilidade.com.br\\\/new\\\/departamento-pessoal\\\/#primaryimage\",\"url\":\"https:\\\/\\\/www.pcncontabilidade.com.br\\\/new\\\/wp-content\\\/uploads\\\/2021\\\/03\\\/trabalhista.jpeg\",\"contentUrl\":\"https:\\\/\\\/www.pcncontabilidade.com.br\\\/new\\\/wp-content\\\/uploads\\\/2021\\\/03\\\/trabalhista.jpeg\",\"width\":709,\"height\":709},{\"@type\":\"BreadcrumbList\",\"@id\":\"https:\\\/\\\/www.pcncontabilidade.com.br\\\/new\\\/departamento-pessoal\\\/#breadcrumb\",\"itemListElement\":[{\"@type\":\"ListItem\",\"position\":1,\"name\":\"In\u00edcio\",\"item\":\"https:\\\/\\\/www.pcncontabilidade.com.br\\\/new\\\/\"},{\"@type\":\"ListItem\",\"position\":2,\"name\":\"Departamento Pessoal\"}]},{\"@type\":\"WebSite\",\"@id\":\"https:\\\/\\\/www.pcncontabilidade.com.br\\\/new\\\/#website\",\"url\":\"https:\\\/\\\/www.pcncontabilidade.com.br\\\/new\\\/\",\"name\":\"\",\"description\":\"Contabilidade de sucesso\",\"publisher\":{\"@id\":\"https:\\\/\\\/www.pcncontabilidade.com.br\\\/new\\\/#organization\"},\"potentialAction\":[{\"@type\":\"SearchAction\",\"target\":{\"@type\":\"EntryPoint\",\"urlTemplate\":\"https:\\\/\\\/www.pcncontabilidade.com.br\\\/new\\\/?s={search_term_string}\"},\"query-input\":{\"@type\":\"PropertyValueSpecification\",\"valueRequired\":true,\"valueName\":\"search_term_string\"}}],\"inLanguage\":\"pt-BR\"},{\"@type\":\"Organization\",\"@id\":\"https:\\\/\\\/www.pcncontabilidade.com.br\\\/new\\\/#organization\",\"name\":\"PCN Contabilidade\",\"url\":\"https:\\\/\\\/www.pcncontabilidade.com.br\\\/new\\\/\",\"logo\":{\"@type\":\"ImageObject\",\"inLanguage\":\"pt-BR\",\"@id\":\"https:\\\/\\\/www.pcncontabilidade.com.br\\\/new\\\/#\\\/schema\\\/logo\\\/image\\\/\",\"url\":\"http:\\\/\\\/www.pcncontabilidade.com.br\\\/new\\\/wp-content\\\/uploads\\\/2021\\\/03\\\/logoBranco-2-e1615847764799.png\",\"contentUrl\":\"http:\\\/\\\/www.pcncontabilidade.com.br\\\/new\\\/wp-content\\\/uploads\\\/2021\\\/03\\\/logoBranco-2-e1615847764799.png\",\"width\":200,\"height\":70,\"caption\":\"PCN Contabilidade\"},\"image\":{\"@id\":\"https:\\\/\\\/www.pcncontabilidade.com.br\\\/new\\\/#\\\/schema\\\/logo\\\/image\\\/\"}}]}<\/script>\n<!-- \/ Yoast SEO plugin. -->","yoast_head_json":{"title":"PCN Contabilidade | Departamento Pessoal","description":"% Departamento Pessoal","robots":{"index":"index","follow":"follow","max-snippet":"max-snippet:-1","max-image-preview":"max-image-preview:large","max-video-preview":"max-video-preview:-1"},"canonical":"https:\/\/www.pcncontabilidade.com.br\/new\/departamento-pessoal\/","og_locale":"pt_BR","og_type":"article","og_title":"PCN Contabilidade | Departamento Pessoal","og_description":"% Departamento Pessoal","og_url":"https:\/\/www.pcncontabilidade.com.br\/new\/departamento-pessoal\/","article_modified_time":"2021-12-20T21:46:21+00:00","og_image":[{"url":"http:\/\/www.pcncontabilidade.com.br\/new\/wp-content\/uploads\/2021\/03\/trabalhista.jpeg","type":"","width":"","height":""}],"twitter_card":"summary_large_image","twitter_misc":{"Est. tempo de leitura":"1 minuto"},"schema":{"@context":"https:\/\/schema.org","@graph":[{"@type":"WebPage","@id":"https:\/\/www.pcncontabilidade.com.br\/new\/departamento-pessoal\/","url":"https:\/\/www.pcncontabilidade.com.br\/new\/departamento-pessoal\/","name":"PCN Contabilidade | Departamento Pessoal","isPartOf":{"@id":"https:\/\/www.pcncontabilidade.com.br\/new\/#website"},"primaryImageOfPage":{"@id":"https:\/\/www.pcncontabilidade.com.br\/new\/departamento-pessoal\/#primaryimage"},"image":{"@id":"https:\/\/www.pcncontabilidade.com.br\/new\/departamento-pessoal\/#primaryimage"},"thumbnailUrl":"http:\/\/www.pcncontabilidade.com.br\/new\/wp-content\/uploads\/2021\/03\/trabalhista.jpeg","datePublished":"2021-03-16T15:11:07+00:00","dateModified":"2021-12-20T21:46:21+00:00","description":"% Departamento Pessoal","breadcrumb":{"@id":"https:\/\/www.pcncontabilidade.com.br\/new\/departamento-pessoal\/#breadcrumb"},"inLanguage":"pt-BR","potentialAction":[{"@type":"ReadAction","target":["https:\/\/www.pcncontabilidade.com.br\/new\/departamento-pessoal\/"]}]},{"@type":"ImageObject","inLanguage":"pt-BR","@id":"https:\/\/www.pcncontabilidade.com.br\/new\/departamento-pessoal\/#primaryimage","url":"https:\/\/www.pcncontabilidade.com.br\/new\/wp-content\/uploads\/2021\/03\/trabalhista.jpeg","contentUrl":"https:\/\/www.pcncontabilidade.com.br\/new\/wp-content\/uploads\/2021\/03\/trabalhista.jpeg","width":709,"height":709},{"@type":"BreadcrumbList","@id":"https:\/\/www.pcncontabilidade.com.br\/new\/departamento-pessoal\/#breadcrumb","itemListElement":[{"@type":"ListItem","position":1,"name":"In\u00edcio","item":"https:\/\/www.pcncontabilidade.com.br\/new\/"},{"@type":"ListItem","position":2,"name":"Departamento Pessoal"}]},{"@type":"WebSite","@id":"https:\/\/www.pcncontabilidade.com.br\/new\/#website","url":"https:\/\/www.pcncontabilidade.com.br\/new\/","name":"","description":"Contabilidade de sucesso","publisher":{"@id":"https:\/\/www.pcncontabilidade.com.br\/new\/#organization"},"potentialAction":[{"@type":"SearchAction","target":{"@type":"EntryPoint","urlTemplate":"https:\/\/www.pcncontabilidade.com.br\/new\/?s={search_term_string}"},"query-input":{"@type":"PropertyValueSpecification","valueRequired":true,"valueName":"search_term_string"}}],"inLanguage":"pt-BR"},{"@type":"Organization","@id":"https:\/\/www.pcncontabilidade.com.br\/new\/#organization","name":"PCN Contabilidade","url":"https:\/\/www.pcncontabilidade.com.br\/new\/","logo":{"@type":"ImageObject","inLanguage":"pt-BR","@id":"https:\/\/www.pcncontabilidade.com.br\/new\/#\/schema\/logo\/image\/","url":"http:\/\/www.pcncontabilidade.com.br\/new\/wp-content\/uploads\/2021\/03\/logoBranco-2-e1615847764799.png","contentUrl":"http:\/\/www.pcncontabilidade.com.br\/new\/wp-content\/uploads\/2021\/03\/logoBranco-2-e1615847764799.png","width":200,"height":70,"caption":"PCN Contabilidade"},"image":{"@id":"https:\/\/www.pcncontabilidade.com.br\/new\/#\/schema\/logo\/image\/"}}]}},"_links":{"self":[{"href":"https:\/\/www.pcncontabilidade.com.br\/new\/wp-json\/wp\/v2\/pages\/215","targetHints":{"allow":["GET"]}}],"collection":[{"href":"https:\/\/www.pcncontabilidade.com.br\/new\/wp-json\/wp\/v2\/pages"}],"about":[{"href":"https:\/\/www.pcncontabilidade.com.br\/new\/wp-json\/wp\/v2\/types\/page"}],"author":[{"embeddable":true,"href":"https:\/\/www.pcncontabilidade.com.br\/new\/wp-json\/wp\/v2\/users\/1"}],"replies":[{"embeddable":true,"href":"https:\/\/www.pcncontabilidade.com.br\/new\/wp-json\/wp\/v2\/comments?post=215"}],"version-history":[{"count":6,"href":"https:\/\/www.pcncontabilidade.com.br\/new\/wp-json\/wp\/v2\/pages\/215\/revisions"}],"predecessor-version":[{"id":515,"href":"https:\/\/www.pcncontabilidade.com.br\/new\/wp-json\/wp\/v2\/pages\/215\/revisions\/515"}],"wp:attachment":[{"href":"https:\/\/www.pcncontabilidade.com.br\/new\/wp-json\/wp\/v2\/media?parent=215"}],"curies":[{"name":"wp","href":"https:\/\/api.w.org\/{rel}","templated":true}]}}