{"id":208,"date":"2021-03-16T12:07:06","date_gmt":"2021-03-16T15:07:06","guid":{"rendered":"http:\/\/www.pcncontabilidade.com.br\/new\/?page_id=208"},"modified":"2021-12-20T18:45:36","modified_gmt":"2021-12-20T21:45:36","slug":"legalizacao-de-empresas","status":"publish","type":"page","link":"https:\/\/www.pcncontabilidade.com.br\/new\/legalizacao-de-empresas\/","title":{"rendered":"Legaliza\u00e7\u00e3o de Empresas"},"content":{"rendered":"\n<div class=\"wp-block-media-text alignwide has-media-on-the-right is-stacked-on-mobile is-vertically-aligned-top is-image-fill\" style=\"grid-template-columns:auto 43%\"><figure class=\"wp-block-media-text__media\" style=\"background-image:url(https:\/\/www.pcncontabilidade.com.br\/new\/wp-content\/uploads\/2021\/03\/10-Legalizacao.png);background-position:50% 50%\"><img loading=\"lazy\" decoding=\"async\" width=\"512\" height=\"512\" src=\"https:\/\/www.pcncontabilidade.com.br\/new\/wp-content\/uploads\/2021\/03\/10-Legalizacao.png\" alt=\"\" class=\"wp-image-209 size-full\" srcset=\"https:\/\/www.pcncontabilidade.com.br\/new\/wp-content\/uploads\/2021\/03\/10-Legalizacao.png 512w, https:\/\/www.pcncontabilidade.com.br\/new\/wp-content\/uploads\/2021\/03\/10-Legalizacao-300x300.png 300w, https:\/\/www.pcncontabilidade.com.br\/new\/wp-content\/uploads\/2021\/03\/10-Legalizacao-150x150.png 150w\" sizes=\"auto, (max-width: 512px) 100vw, 512px\" \/><\/figure><div class=\"wp-block-media-text__content\">\n<p>Esta divis\u00e3o tem como alvo servir \u00e0s Empresas e as Pessoas F\u00edsicas, no atendimento \u00e0s exig\u00eancias junto aos \u00f3rg\u00e3os da administra\u00e7\u00e3o p\u00fablica, efetuando os registros pertinentes a cada setor, bem como resolvendo quest\u00e3o relativas \u00e0 pend\u00eancias f\u00edsicas e comerciais (protestos, requerimento, etc.)<\/p>\n\n\n\n<p>Elaboramos defesa na Esfera Administrativa sobre ocorr\u00eancias e exig\u00eancias descabidas da administra\u00e7\u00e3o p\u00fablica e fiscal.<\/p>\n\n\n\n<p>Com uma equipe treinada, fornecemos todo o apoio necess\u00e1rio para assessorar o cliente nas quest\u00f5es empresariais, executando o trabalho ou indicando o melhor caminho para a solu\u00e7\u00e3o dos problemas.<\/p>\n\n\n\n<p>As Pessoas F\u00edsicas contam tamb\u00e9m com um servi\u00e7o de planejamento, an\u00e1lise e pedido de aposentadoria e outros benef\u00edcios junto ao INSS.<\/p>\n<\/div><\/div>\n\n\n\n<p><\/p>\n","protected":false},"excerpt":{"rendered":"<p>Esta divis\u00e3o tem como alvo servir \u00e0s Empresas e as Pessoas F\u00edsicas, no atendimento \u00e0s exig\u00eancias junto aos \u00f3rg\u00e3os da administra\u00e7\u00e3o p\u00fablica, efetuando os registros pertinentes a cada setor, bem como resolvendo quest\u00e3o relativas \u00e0 pend\u00eancias f\u00edsicas e comerciais (protestos, requerimento, etc.) Elaboramos defesa na Esfera Administrativa sobre ocorr\u00eancias e exig\u00eancias descabidas da administra\u00e7\u00e3o p\u00fablica e fiscal. Com uma equipe treinada, fornecemos todo o apoio&hellip; <\/p>\n","protected":false},"author":1,"featured_media":0,"parent":0,"menu_order":0,"comment_status":"closed","ping_status":"closed","template":"","meta":{"_mi_skip_tracking":false,"footnotes":""},"class_list":["post-208","page","type-page","status-publish","hentry","clearfix"],"yoast_head":"<!-- This site is optimized with the Yoast SEO plugin v27.5 - https:\/\/yoast.com\/product\/yoast-seo-wordpress\/ -->\n<title>PCN Contabilidade | Legaliza\u00e7\u00e3o de Empresas<\/title>\n<meta name=\"description\" content=\"% Legaliza\u00e7\u00e3o de Empresas\" \/>\n<meta name=\"robots\" content=\"index, follow, max-snippet:-1, max-image-preview:large, max-video-preview:-1\" \/>\n<link rel=\"canonical\" href=\"https:\/\/www.pcncontabilidade.com.br\/new\/legalizacao-de-empresas\/\" \/>\n<meta property=\"og:locale\" content=\"pt_BR\" \/>\n<meta property=\"og:type\" content=\"article\" \/>\n<meta property=\"og:title\" content=\"PCN Contabilidade | Legaliza\u00e7\u00e3o de Empresas\" \/>\n<meta property=\"og:description\" content=\"% Legaliza\u00e7\u00e3o de Empresas\" \/>\n<meta property=\"og:url\" content=\"https:\/\/www.pcncontabilidade.com.br\/new\/legalizacao-de-empresas\/\" \/>\n<meta property=\"article:modified_time\" content=\"2021-12-20T21:45:36+00:00\" \/>\n<meta property=\"og:image\" content=\"http:\/\/www.pcncontabilidade.com.br\/new\/wp-content\/uploads\/2021\/03\/10-Legalizacao.png\" \/>\n<meta name=\"twitter:card\" content=\"summary_large_image\" \/>\n<meta name=\"twitter:label1\" content=\"Est. tempo de leitura\" \/>\n\t<meta name=\"twitter:data1\" content=\"1 minuto\" \/>\n<script type=\"application\/ld+json\" class=\"yoast-schema-graph\">{\"@context\":\"https:\\\/\\\/schema.org\",\"@graph\":[{\"@type\":\"WebPage\",\"@id\":\"https:\\\/\\\/www.pcncontabilidade.com.br\\\/new\\\/legalizacao-de-empresas\\\/\",\"url\":\"https:\\\/\\\/www.pcncontabilidade.com.br\\\/new\\\/legalizacao-de-empresas\\\/\",\"name\":\"PCN Contabilidade | Legaliza\u00e7\u00e3o de Empresas\",\"isPartOf\":{\"@id\":\"https:\\\/\\\/www.pcncontabilidade.com.br\\\/new\\\/#website\"},\"primaryImageOfPage\":{\"@id\":\"https:\\\/\\\/www.pcncontabilidade.com.br\\\/new\\\/legalizacao-de-empresas\\\/#primaryimage\"},\"image\":{\"@id\":\"https:\\\/\\\/www.pcncontabilidade.com.br\\\/new\\\/legalizacao-de-empresas\\\/#primaryimage\"},\"thumbnailUrl\":\"http:\\\/\\\/www.pcncontabilidade.com.br\\\/new\\\/wp-content\\\/uploads\\\/2021\\\/03\\\/10-Legalizacao.png\",\"datePublished\":\"2021-03-16T15:07:06+00:00\",\"dateModified\":\"2021-12-20T21:45:36+00:00\",\"description\":\"% Legaliza\u00e7\u00e3o de Empresas\",\"breadcrumb\":{\"@id\":\"https:\\\/\\\/www.pcncontabilidade.com.br\\\/new\\\/legalizacao-de-empresas\\\/#breadcrumb\"},\"inLanguage\":\"pt-BR\",\"potentialAction\":[{\"@type\":\"ReadAction\",\"target\":[\"https:\\\/\\\/www.pcncontabilidade.com.br\\\/new\\\/legalizacao-de-empresas\\\/\"]}]},{\"@type\":\"ImageObject\",\"inLanguage\":\"pt-BR\",\"@id\":\"https:\\\/\\\/www.pcncontabilidade.com.br\\\/new\\\/legalizacao-de-empresas\\\/#primaryimage\",\"url\":\"https:\\\/\\\/www.pcncontabilidade.com.br\\\/new\\\/wp-content\\\/uploads\\\/2021\\\/03\\\/10-Legalizacao.png\",\"contentUrl\":\"https:\\\/\\\/www.pcncontabilidade.com.br\\\/new\\\/wp-content\\\/uploads\\\/2021\\\/03\\\/10-Legalizacao.png\",\"width\":512,\"height\":512},{\"@type\":\"BreadcrumbList\",\"@id\":\"https:\\\/\\\/www.pcncontabilidade.com.br\\\/new\\\/legalizacao-de-empresas\\\/#breadcrumb\",\"itemListElement\":[{\"@type\":\"ListItem\",\"position\":1,\"name\":\"In\u00edcio\",\"item\":\"https:\\\/\\\/www.pcncontabilidade.com.br\\\/new\\\/\"},{\"@type\":\"ListItem\",\"position\":2,\"name\":\"Legaliza\u00e7\u00e3o de Empresas\"}]},{\"@type\":\"WebSite\",\"@id\":\"https:\\\/\\\/www.pcncontabilidade.com.br\\\/new\\\/#website\",\"url\":\"https:\\\/\\\/www.pcncontabilidade.com.br\\\/new\\\/\",\"name\":\"\",\"description\":\"Contabilidade de sucesso\",\"publisher\":{\"@id\":\"https:\\\/\\\/www.pcncontabilidade.com.br\\\/new\\\/#organization\"},\"potentialAction\":[{\"@type\":\"SearchAction\",\"target\":{\"@type\":\"EntryPoint\",\"urlTemplate\":\"https:\\\/\\\/www.pcncontabilidade.com.br\\\/new\\\/?s={search_term_string}\"},\"query-input\":{\"@type\":\"PropertyValueSpecification\",\"valueRequired\":true,\"valueName\":\"search_term_string\"}}],\"inLanguage\":\"pt-BR\"},{\"@type\":\"Organization\",\"@id\":\"https:\\\/\\\/www.pcncontabilidade.com.br\\\/new\\\/#organization\",\"name\":\"PCN Contabilidade\",\"url\":\"https:\\\/\\\/www.pcncontabilidade.com.br\\\/new\\\/\",\"logo\":{\"@type\":\"ImageObject\",\"inLanguage\":\"pt-BR\",\"@id\":\"https:\\\/\\\/www.pcncontabilidade.com.br\\\/new\\\/#\\\/schema\\\/logo\\\/image\\\/\",\"url\":\"http:\\\/\\\/www.pcncontabilidade.com.br\\\/new\\\/wp-content\\\/uploads\\\/2021\\\/03\\\/logoBranco-2-e1615847764799.png\",\"contentUrl\":\"http:\\\/\\\/www.pcncontabilidade.com.br\\\/new\\\/wp-content\\\/uploads\\\/2021\\\/03\\\/logoBranco-2-e1615847764799.png\",\"width\":200,\"height\":70,\"caption\":\"PCN Contabilidade\"},\"image\":{\"@id\":\"https:\\\/\\\/www.pcncontabilidade.com.br\\\/new\\\/#\\\/schema\\\/logo\\\/image\\\/\"}}]}<\/script>\n<!-- \/ Yoast SEO plugin. -->","yoast_head_json":{"title":"PCN Contabilidade | Legaliza\u00e7\u00e3o de Empresas","description":"% Legaliza\u00e7\u00e3o de Empresas","robots":{"index":"index","follow":"follow","max-snippet":"max-snippet:-1","max-image-preview":"max-image-preview:large","max-video-preview":"max-video-preview:-1"},"canonical":"https:\/\/www.pcncontabilidade.com.br\/new\/legalizacao-de-empresas\/","og_locale":"pt_BR","og_type":"article","og_title":"PCN Contabilidade | Legaliza\u00e7\u00e3o de Empresas","og_description":"% Legaliza\u00e7\u00e3o de Empresas","og_url":"https:\/\/www.pcncontabilidade.com.br\/new\/legalizacao-de-empresas\/","article_modified_time":"2021-12-20T21:45:36+00:00","og_image":[{"url":"http:\/\/www.pcncontabilidade.com.br\/new\/wp-content\/uploads\/2021\/03\/10-Legalizacao.png","type":"","width":"","height":""}],"twitter_card":"summary_large_image","twitter_misc":{"Est. tempo de leitura":"1 minuto"},"schema":{"@context":"https:\/\/schema.org","@graph":[{"@type":"WebPage","@id":"https:\/\/www.pcncontabilidade.com.br\/new\/legalizacao-de-empresas\/","url":"https:\/\/www.pcncontabilidade.com.br\/new\/legalizacao-de-empresas\/","name":"PCN Contabilidade | Legaliza\u00e7\u00e3o de Empresas","isPartOf":{"@id":"https:\/\/www.pcncontabilidade.com.br\/new\/#website"},"primaryImageOfPage":{"@id":"https:\/\/www.pcncontabilidade.com.br\/new\/legalizacao-de-empresas\/#primaryimage"},"image":{"@id":"https:\/\/www.pcncontabilidade.com.br\/new\/legalizacao-de-empresas\/#primaryimage"},"thumbnailUrl":"http:\/\/www.pcncontabilidade.com.br\/new\/wp-content\/uploads\/2021\/03\/10-Legalizacao.png","datePublished":"2021-03-16T15:07:06+00:00","dateModified":"2021-12-20T21:45:36+00:00","description":"% Legaliza\u00e7\u00e3o de Empresas","breadcrumb":{"@id":"https:\/\/www.pcncontabilidade.com.br\/new\/legalizacao-de-empresas\/#breadcrumb"},"inLanguage":"pt-BR","potentialAction":[{"@type":"ReadAction","target":["https:\/\/www.pcncontabilidade.com.br\/new\/legalizacao-de-empresas\/"]}]},{"@type":"ImageObject","inLanguage":"pt-BR","@id":"https:\/\/www.pcncontabilidade.com.br\/new\/legalizacao-de-empresas\/#primaryimage","url":"https:\/\/www.pcncontabilidade.com.br\/new\/wp-content\/uploads\/2021\/03\/10-Legalizacao.png","contentUrl":"https:\/\/www.pcncontabilidade.com.br\/new\/wp-content\/uploads\/2021\/03\/10-Legalizacao.png","width":512,"height":512},{"@type":"BreadcrumbList","@id":"https:\/\/www.pcncontabilidade.com.br\/new\/legalizacao-de-empresas\/#breadcrumb","itemListElement":[{"@type":"ListItem","position":1,"name":"In\u00edcio","item":"https:\/\/www.pcncontabilidade.com.br\/new\/"},{"@type":"ListItem","position":2,"name":"Legaliza\u00e7\u00e3o de Empresas"}]},{"@type":"WebSite","@id":"https:\/\/www.pcncontabilidade.com.br\/new\/#website","url":"https:\/\/www.pcncontabilidade.com.br\/new\/","name":"","description":"Contabilidade de sucesso","publisher":{"@id":"https:\/\/www.pcncontabilidade.com.br\/new\/#organization"},"potentialAction":[{"@type":"SearchAction","target":{"@type":"EntryPoint","urlTemplate":"https:\/\/www.pcncontabilidade.com.br\/new\/?s={search_term_string}"},"query-input":{"@type":"PropertyValueSpecification","valueRequired":true,"valueName":"search_term_string"}}],"inLanguage":"pt-BR"},{"@type":"Organization","@id":"https:\/\/www.pcncontabilidade.com.br\/new\/#organization","name":"PCN Contabilidade","url":"https:\/\/www.pcncontabilidade.com.br\/new\/","logo":{"@type":"ImageObject","inLanguage":"pt-BR","@id":"https:\/\/www.pcncontabilidade.com.br\/new\/#\/schema\/logo\/image\/","url":"http:\/\/www.pcncontabilidade.com.br\/new\/wp-content\/uploads\/2021\/03\/logoBranco-2-e1615847764799.png","contentUrl":"http:\/\/www.pcncontabilidade.com.br\/new\/wp-content\/uploads\/2021\/03\/logoBranco-2-e1615847764799.png","width":200,"height":70,"caption":"PCN Contabilidade"},"image":{"@id":"https:\/\/www.pcncontabilidade.com.br\/new\/#\/schema\/logo\/image\/"}}]}},"_links":{"self":[{"href":"https:\/\/www.pcncontabilidade.com.br\/new\/wp-json\/wp\/v2\/pages\/208","targetHints":{"allow":["GET"]}}],"collection":[{"href":"https:\/\/www.pcncontabilidade.com.br\/new\/wp-json\/wp\/v2\/pages"}],"about":[{"href":"https:\/\/www.pcncontabilidade.com.br\/new\/wp-json\/wp\/v2\/types\/page"}],"author":[{"embeddable":true,"href":"https:\/\/www.pcncontabilidade.com.br\/new\/wp-json\/wp\/v2\/users\/1"}],"replies":[{"embeddable":true,"href":"https:\/\/www.pcncontabilidade.com.br\/new\/wp-json\/wp\/v2\/comments?post=208"}],"version-history":[{"count":6,"href":"https:\/\/www.pcncontabilidade.com.br\/new\/wp-json\/wp\/v2\/pages\/208\/revisions"}],"predecessor-version":[{"id":511,"href":"https:\/\/www.pcncontabilidade.com.br\/new\/wp-json\/wp\/v2\/pages\/208\/revisions\/511"}],"wp:attachment":[{"href":"https:\/\/www.pcncontabilidade.com.br\/new\/wp-json\/wp\/v2\/media?parent=208"}],"curies":[{"name":"wp","href":"https:\/\/api.w.org\/{rel}","templated":true}]}}