{"id":2,"date":"2021-03-12T17:08:52","date_gmt":"2021-03-12T20:08:52","guid":{"rendered":"http:\/\/www.pcncontabilidade.com.br\/new\/?page_id=2"},"modified":"2022-01-04T16:36:15","modified_gmt":"2022-01-04T19:36:15","slug":"negocios_digitais","status":"publish","type":"page","link":"https:\/\/www.pcncontabilidade.com.br\/new\/negocios_digitais\/","title":{"rendered":"Mercado Digital"},"content":{"rendered":"\n<pre class=\"wp-block-verse has-medium-font-size\">Nossa contabilidade \u00e9 especializada em infoprodutos, afiliados, E-Commerce e Youtubers. Atendemos diversos neg\u00f3cios 100% digitais.<\/pre>\n\n\n\n<hr class=\"wp-block-separator has-text-color has-background has-vivid-cyan-blue-background-color has-vivid-cyan-blue-color is-style-wide\"\/>\n\n\n\n<div class=\"wp-block-group\"><div class=\"wp-block-group__inner-container is-layout-flow wp-block-group-is-layout-flow\">\n<div class=\"wp-block-columns is-layout-flex wp-container-core-columns-is-layout-9d6595d7 wp-block-columns-is-layout-flex\">\n<div class=\"wp-block-column is-layout-flow wp-block-column-is-layout-flow\" style=\"flex-basis:100%\">\n<div class=\"wp-block-columns is-layout-flex wp-container-core-columns-is-layout-9d6595d7 wp-block-columns-is-layout-flex\">\n<div class=\"wp-block-column is-layout-flow wp-block-column-is-layout-flow\">\n<div class=\"wp-block-media-text alignwide is-stacked-on-mobile is-image-fill\"><figure class=\"wp-block-media-text__media\" style=\"background-image:url(https:\/\/www.pcncontabilidade.com.br\/new\/wp-content\/uploads\/2021\/03\/contabilidade.png);background-position:50% 50%\"><img loading=\"lazy\" decoding=\"async\" width=\"1024\" height=\"907\" src=\"https:\/\/www.pcncontabilidade.com.br\/new\/wp-content\/uploads\/2021\/03\/contabilidade.png\" alt=\"\" class=\"wp-image-127 size-full\" srcset=\"https:\/\/www.pcncontabilidade.com.br\/new\/wp-content\/uploads\/2021\/03\/contabilidade.png 1024w, https:\/\/www.pcncontabilidade.com.br\/new\/wp-content\/uploads\/2021\/03\/contabilidade-300x266.png 300w, https:\/\/www.pcncontabilidade.com.br\/new\/wp-content\/uploads\/2021\/03\/contabilidade-768x680.png 768w\" sizes=\"auto, (max-width: 1024px) 100vw, 1024px\" \/><\/figure><div class=\"wp-block-media-text__content\">\n<h2 class=\"wp-block-heading\">Contabilidade Digital para o neg\u00f3cio Online<\/h2>\n\n\n\n<p>Mantenha seu neg\u00f3cio digital legalizado e evite problemas com o fisco. Atendemos com integra\u00e7\u00e3o as plataformas digitais do mercado.<\/p>\n\n\n\n<p>Para lojas de e-commerce ou quem atua com dropshipping oferecemos todo o suporte para adequa\u00e7\u00e3o das atividades ao regramento tribut\u00e1rio nacional e assim as suas vendas na internet s\u00e3o tributadas de maneira mais adequada.<\/p>\n\n\n\n<p>A nossa solu\u00e7\u00e3o de Contabilidade Integrada para Infoprodutores (Contabilidade + Automa\u00e7\u00e3o de Notas Fiscais) que vai permitir a diminui\u00e7\u00e3o de riscos de fiscaliza\u00e7\u00e3o e penalidades legais.<\/p>\n\n\n\n<p>J\u00e1 para Youtubers ou influenciador digitais, o nosso servi\u00e7o de contabilidade digital mant\u00e9m os rendimentos recebidos de Adsense e outras formas de monetiza\u00e7\u00e3o de Canais de YouTube regularizado.<\/p>\n<\/div><\/div>\n<\/div>\n<\/div>\n<\/div>\n<\/div>\n<\/div><\/div>\n\n\n\n<hr class=\"wp-block-separator is-style-wide\"\/>\n\n\n\n<figure class=\"wp-block-gallery columns-3 wp-block-gallery-1 is-layout-flex wp-block-gallery-is-layout-flex\">\n<ul class=\"blocks-gallery-grid\">\n<li class=\"blocks-gallery-item\">\n\t<figure>\n\t<a href=\"https:\/\/www.pcncontabilidade.com.br\/new\/youtuber-e-influenciador-digital\/\"><img loading=\"lazy\" decoding=\"async\" width=\"991\" height=\"1024\" src=\"https:\/\/www.pcncontabilidade.com.br\/new\/wp-content\/uploads\/2021\/03\/youtuber-991x1024.png\" alt=\"\" data-id=\"157\" data-full-url=\"https:\/\/www.pcncontabilidade.com.br\/new\/wp-content\/uploads\/2021\/03\/youtuber.png\" data-link=\"https:\/\/www.pcncontabilidade.com.br\/new\/negocios_digitais\/youtuber\/\" class=\"wp-image-157\" srcset=\"https:\/\/www.pcncontabilidade.com.br\/new\/wp-content\/uploads\/2021\/03\/youtuber-991x1024.png 991w, https:\/\/www.pcncontabilidade.com.br\/new\/wp-content\/uploads\/2021\/03\/youtuber-290x300.png 290w, https:\/\/www.pcncontabilidade.com.br\/new\/wp-content\/uploads\/2021\/03\/youtuber-768x794.png 768w, https:\/\/www.pcncontabilidade.com.br\/new\/wp-content\/uploads\/2021\/03\/youtuber-1486x1536.png 1486w, https:\/\/www.pcncontabilidade.com.br\/new\/wp-content\/uploads\/2021\/03\/youtuber-1981x2048.png 1981w\" sizes=\"auto, (max-width: 991px) 100vw, 991px\" \/>\n\t<\/figure> <\/a>\n<\/li>\n\n<li class=\"blocks-gallery-item\">\n<figure>\n\t<a href=\"https:\/\/www.pcncontabilidade.com.br\/new\/contabilidade-para-e-commerce\/\"> <img loading=\"lazy\" decoding=\"async\" width=\"1024\" height=\"1022\" src=\"https:\/\/www.pcncontabilidade.com.br\/new\/wp-content\/uploads\/2021\/03\/Ecommerce-1-1024x1022.png\" alt=\"\" data-id=\"158\" data-full-url=\"https:\/\/www.pcncontabilidade.com.br\/new\/wp-content\/uploads\/2021\/03\/Ecommerce-1.png\" data-link=\"https:\/\/www.pcncontabilidade.com.br\/new\/negocios_digitais\/ecommerce-1\/\" class=\"wp-image-158\" srcset=\"https:\/\/www.pcncontabilidade.com.br\/new\/wp-content\/uploads\/2021\/03\/Ecommerce-1-1024x1022.png 1024w, https:\/\/www.pcncontabilidade.com.br\/new\/wp-content\/uploads\/2021\/03\/Ecommerce-1-300x300.png 300w, https:\/\/www.pcncontabilidade.com.br\/new\/wp-content\/uploads\/2021\/03\/Ecommerce-1-150x150.png 150w, https:\/\/www.pcncontabilidade.com.br\/new\/wp-content\/uploads\/2021\/03\/Ecommerce-1-768x767.png 768w, https:\/\/www.pcncontabilidade.com.br\/new\/wp-content\/uploads\/2021\/03\/Ecommerce-1-1536x1533.png 1536w, https:\/\/www.pcncontabilidade.com.br\/new\/wp-content\/uploads\/2021\/03\/Ecommerce-1-2048x2044.png 2048w\" sizes=\"auto, (max-width: 1024px) 100vw, 1024px\" \/> <\/a>\n<\/figure>\n<\/li>\n\n<li class=\"blocks-gallery-item\">\n\t<figure>\n\t<a href=\"https:\/\/www.pcncontabilidade.com.br\/new\/contabilidade-para-infoprodutor-e-afiliado\/\"><img loading=\"lazy\" decoding=\"async\" width=\"1024\" height=\"1024\" src=\"https:\/\/www.pcncontabilidade.com.br\/new\/wp-content\/uploads\/2021\/03\/afiliados-1024x1024.png\" alt=\"\" data-id=\"159\" data-full-url=\"https:\/\/www.pcncontabilidade.com.br\/new\/wp-content\/uploads\/2021\/03\/afiliados.png\" data-link=\"https:\/\/www.pcncontabilidade.com.br\/new\/negocios_digitais\/afiliados\/\" class=\"wp-image-159\" srcset=\"https:\/\/www.pcncontabilidade.com.br\/new\/wp-content\/uploads\/2021\/03\/afiliados-1024x1024.png 1024w, https:\/\/www.pcncontabilidade.com.br\/new\/wp-content\/uploads\/2021\/03\/afiliados-300x300.png 300w, https:\/\/www.pcncontabilidade.com.br\/new\/wp-content\/uploads\/2021\/03\/afiliados-150x150.png 150w, https:\/\/www.pcncontabilidade.com.br\/new\/wp-content\/uploads\/2021\/03\/afiliados-768x768.png 768w, https:\/\/www.pcncontabilidade.com.br\/new\/wp-content\/uploads\/2021\/03\/afiliados-1536x1536.png 1536w, https:\/\/www.pcncontabilidade.com.br\/new\/wp-content\/uploads\/2021\/03\/afiliados-2048x2048.png 2048w\" sizes=\"auto, (max-width: 1024px) 100vw, 1024px\" \/>\n\t<\/figure> <\/a>\n<\/li>\n<\/ul>\n<\/figure>\n\n\n\n<div class=\"wp-block-columns is-layout-flex wp-container-core-columns-is-layout-9d6595d7 wp-block-columns-is-layout-flex\"><\/div>\n\n\n\n<hr class=\"wp-block-separator\"\/>\n\n\n\n<h2 class=\"wp-block-heading\">Depoimentos<\/h2>\n\n\n\t\t<div class=\"wppsac-wrap wppsac-slick-slider-wrp wppsac-clearfix \" data-conf=\"{&quot;dots&quot;:&quot;true&quot;,&quot;arrows&quot;:&quot;true&quot;,&quot;autoplay&quot;:&quot;true&quot;,&quot;autoplay_interval&quot;:3000,&quot;speed&quot;:500,&quot;rtl&quot;:&quot;false&quot;,&quot;lazyload&quot;:&quot;&quot;}\">\r\n\t\t\t<div id=\"wppsac-post-slider-1\" class=\"wppsac-post-slider-init wppsac-post-slider design-4\">\r\n\t\t\t\t<div class=\"wppsac-post-slides\">\r\n\t<div class=\"wppsac-post-list\">\r\n\t\t<div class=\"wppsac-post-list-content\">\r\n\t\t\t\t\t\t<div class=\"wp-medium-5 wpcolumns\">\r\n\t\t\t\t<div class=\"wppsac-post-image-bg\">\r\n\t\t\t\t\t<a href=\"https:\/\/www.pcncontabilidade.com.br\/new\/2022\/01\/04\/ana-ama\/\">\r\n\t\t\t\t\t\t<img decoding=\"async\" class=\"wppsac-post-image\"  src=\"https:\/\/www.pcncontabilidade.com.br\/new\/wp-content\/uploads\/2022\/01\/anaAma.png\" alt=\"Ana Ama\" \/>\r\n\t\t\t\t\t<\/a>\r\n\t\t\t\t<\/div>\r\n\t\t\t<\/div>\r\n\t\t\t\r\n\t\t\t<div class=\" wp-medium-7  wpcolumns\">\r\n\t\t\t\t\r\n\t\t\t\t<h2 class=\"wppsac-post-title\">\r\n\t\t\t\t\t<a href=\"https:\/\/www.pcncontabilidade.com.br\/new\/2022\/01\/04\/ana-ama\/\">Ana Ama<\/a>\r\n\t\t\t\t<\/h2>\r\n\r\n\t\t\t\t\t\t\t\t<div class=\"wppsac-post-content\">\r\n\t\t\t\t\t<div class=\"wppsac-sub-content\">Trabalhamos com a PCN CONTABILIDADE desde o in\u00edcio da nossa empresa e sem d\u00favida foi uma decis\u00e3o de vital import\u00e2ncia para o SUCESSO do nosso neg\u00f3cio. O Paulo e a equipe s\u00e3o fant\u00e1sticos, para quem est\u00e1 come\u00e7ando a empreender surgem muitas d\u00favidas\u00a0relacionadas a parte cont\u00e1bil e em nosso caso em todos os momentos que precisamos, fomos\u00a0 muito bem orientados a tomar as melhores decis\u00f5es. Recomendamos e temos total CONFIAN\u00c7A no trabalho desempenhado pela PCN CONTABILIDADE.<\/div>\r\n\r\n\t\t\t\t\t\t\t\t\t<\/div>\r\n\t\t\t\t\t\t\t<\/div>\r\n\t\t<\/div>\r\n\t<\/div>\r\n<\/div><div class=\"wppsac-post-slides\">\r\n\t<div class=\"wppsac-post-list\">\r\n\t\t<div class=\"wppsac-post-list-content\">\r\n\t\t\t\t\t\t<div class=\"wp-medium-5 wpcolumns\">\r\n\t\t\t\t<div class=\"wppsac-post-image-bg\">\r\n\t\t\t\t\t<a href=\"https:\/\/www.pcncontabilidade.com.br\/new\/2022\/01\/04\/luciana-fiaux-socia-diretora-da-realize-comunicacao-e-treinamento\/\">\r\n\t\t\t\t\t\t<img decoding=\"async\" class=\"wppsac-post-image\"  src=\"https:\/\/www.pcncontabilidade.com.br\/new\/wp-content\/uploads\/2022\/01\/Fiaux.png\" alt=\"Luciana Fiaux &#8211; S\u00f3cia Diretora da Realize Comunica\u00e7\u00e3o e Treinamento\" \/>\r\n\t\t\t\t\t<\/a>\r\n\t\t\t\t<\/div>\r\n\t\t\t<\/div>\r\n\t\t\t\r\n\t\t\t<div class=\" wp-medium-7  wpcolumns\">\r\n\t\t\t\t\r\n\t\t\t\t<h2 class=\"wppsac-post-title\">\r\n\t\t\t\t\t<a href=\"https:\/\/www.pcncontabilidade.com.br\/new\/2022\/01\/04\/luciana-fiaux-socia-diretora-da-realize-comunicacao-e-treinamento\/\">Luciana Fiaux &#8211; S\u00f3cia Diretora da Realize Comunica\u00e7\u00e3o e Treinamento<\/a>\r\n\t\t\t\t<\/h2>\r\n\r\n\t\t\t\t\t\t\t\t<div class=\"wppsac-post-content\">\r\n\t\t\t\t\t<div class=\"wppsac-sub-content\">A PCN Contabilidade nos atende desde agosto de 2018 e tem sido fundamental para o crescimento da minha empresa desde ent\u00e3o. Uma equipe atenciosa, competente, \u00e9tica e \u00e1gil, liderada pelo Paulo Cassiano, que sempre est\u00e1 \u00e0 disposi\u00e7\u00e3o pra investigar minhas reais necessidades, auxiliar no direcionamento das minhas prioridades e resolver eventuais problemas e pend\u00eancias. Para assuntos de contabilidade e at\u00e9 mesmo pra esclarecer d\u00favidas sobre determinadas quest\u00f5es de legisla\u00e7\u00e3o, super recomendo o trabalho da PCN.<\/div>\r\n\r\n\t\t\t\t\t\t\t\t\t<\/div>\r\n\t\t\t\t\t\t\t<\/div>\r\n\t\t<\/div>\r\n\t<\/div>\r\n<\/div><div class=\"wppsac-post-slides\">\r\n\t<div class=\"wppsac-post-list\">\r\n\t\t<div class=\"wppsac-post-list-content\">\r\n\t\t\t\t\t\t<div class=\"wp-medium-5 wpcolumns\">\r\n\t\t\t\t<div class=\"wppsac-post-image-bg\">\r\n\t\t\t\t\t<a href=\"https:\/\/www.pcncontabilidade.com.br\/new\/2021\/12\/20\/gedasio-sft\/\">\r\n\t\t\t\t\t\t<img decoding=\"async\" class=\"wppsac-post-image\"  src=\"https:\/\/www.pcncontabilidade.com.br\/new\/wp-content\/uploads\/2021\/12\/WhatsApp-Image-2021-12-20-at-12.57.52-e1640033742829.jpeg\" alt=\"Gedasio &#8211; SFT\" \/>\r\n\t\t\t\t\t<\/a>\r\n\t\t\t\t<\/div>\r\n\t\t\t<\/div>\r\n\t\t\t\r\n\t\t\t<div class=\" wp-medium-7  wpcolumns\">\r\n\t\t\t\t\r\n\t\t\t\t<h2 class=\"wppsac-post-title\">\r\n\t\t\t\t\t<a href=\"https:\/\/www.pcncontabilidade.com.br\/new\/2021\/12\/20\/gedasio-sft\/\">Gedasio &#8211; SFT<\/a>\r\n\t\t\t\t<\/h2>\r\n\r\n\t\t\t\t\t\t\t\t<div class=\"wppsac-post-content\">\r\n\t\t\t\t\t<div class=\"wppsac-sub-content\">Minha parceria com a PCN Contabilidade j\u00e1 existe h\u00e1 alguns anos e s\u00f3 tenho a agradecer. Sempre ajudando da melhor maneira, principalmente por entenderem do mercado de marketing digital, que \u00e9 o qual eu trabalho e tem poucas empresas\u00a0de contabilidade especializadas. Super recomendo.<\/div>\r\n\r\n\t\t\t\t\t\t\t\t\t<\/div>\r\n\t\t\t\t\t\t\t<\/div>\r\n\t\t<\/div>\r\n\t<\/div>\r\n<\/div>\t\t\t<\/div>\r\n\t\t<\/div>\r\n\t\n","protected":false},"excerpt":{"rendered":"<p>Nossa contabilidade \u00e9 especializada em infoprodutos, afiliados, E-Commerce e Youtubers. Atendemos diversos neg\u00f3cios 100% digitais. Contabilidade Digital para o neg\u00f3cio Online Mantenha seu neg\u00f3cio digital legalizado e evite problemas com o fisco. Atendemos com integra\u00e7\u00e3o as plataformas digitais do mercado. Para lojas de e-commerce ou quem atua com dropshipping oferecemos todo o suporte para adequa\u00e7\u00e3o das atividades ao regramento tribut\u00e1rio nacional e assim as suas&hellip; <\/p>\n","protected":false},"author":1,"featured_media":368,"parent":0,"menu_order":0,"comment_status":"closed","ping_status":"open","template":"","meta":{"_mi_skip_tracking":false,"footnotes":""},"class_list":["post-2","page","type-page","status-publish","has-post-thumbnail","hentry","clearfix"],"yoast_head":"<!-- This site is optimized with the Yoast SEO plugin v27.5 - https:\/\/yoast.com\/product\/yoast-seo-wordpress\/ -->\n<title>PCN Contabilidade | Mercado Digital<\/title>\n<meta name=\"description\" content=\"% Mercado Digital | CONTABILIDADE DIGITAL PARA NEG\u00d3CIOS ONLINE | Mantenha seu neg\u00f3cio digital legalizado e evite problemas com o fisco. Atendemos todas as plataformas digitais do mercado\" \/>\n<meta name=\"robots\" content=\"index, follow, max-snippet:-1, max-image-preview:large, max-video-preview:-1\" \/>\n<link rel=\"canonical\" href=\"https:\/\/www.pcncontabilidade.com.br\/new\/negocios_digitais\/\" \/>\n<meta property=\"og:locale\" content=\"pt_BR\" \/>\n<meta property=\"og:type\" content=\"article\" \/>\n<meta property=\"og:description\" content=\"% Mercado Digital | CONTABILIDADE DIGITAL PARA NEG\u00d3CIOS ONLINE | Mantenha seu neg\u00f3cio digital legalizado e evite problemas com o fisco. Atendemos todas as plataformas digitais do mercado\" \/>\n<meta property=\"og:url\" content=\"https:\/\/www.pcncontabilidade.com.br\/new\/negocios_digitais\/\" \/>\n<meta property=\"article:modified_time\" content=\"2022-01-04T19:36:15+00:00\" \/>\n<meta property=\"og:image\" content=\"https:\/\/www.pcncontabilidade.com.br\/new\/wp-content\/uploads\/2021\/03\/My-Post.png\" \/>\n\t<meta property=\"og:image:width\" content=\"1600\" \/>\n\t<meta property=\"og:image:height\" content=\"750\" \/>\n\t<meta property=\"og:image:type\" content=\"image\/png\" \/>\n<meta name=\"twitter:card\" content=\"summary_large_image\" \/>\n<meta name=\"twitter:label1\" content=\"Est. tempo de leitura\" \/>\n\t<meta name=\"twitter:data1\" content=\"2 minutos\" \/>\n<script type=\"application\/ld+json\" class=\"yoast-schema-graph\">{\"@context\":\"https:\\\/\\\/schema.org\",\"@graph\":[{\"@type\":\"WebPage\",\"@id\":\"https:\\\/\\\/www.pcncontabilidade.com.br\\\/new\\\/negocios_digitais\\\/\",\"url\":\"https:\\\/\\\/www.pcncontabilidade.com.br\\\/new\\\/negocios_digitais\\\/\",\"name\":\"PCN Contabilidade | Mercado Digital\",\"isPartOf\":{\"@id\":\"https:\\\/\\\/www.pcncontabilidade.com.br\\\/new\\\/#website\"},\"primaryImageOfPage\":{\"@id\":\"https:\\\/\\\/www.pcncontabilidade.com.br\\\/new\\\/negocios_digitais\\\/#primaryimage\"},\"image\":{\"@id\":\"https:\\\/\\\/www.pcncontabilidade.com.br\\\/new\\\/negocios_digitais\\\/#primaryimage\"},\"thumbnailUrl\":\"https:\\\/\\\/www.pcncontabilidade.com.br\\\/new\\\/wp-content\\\/uploads\\\/2021\\\/12\\\/Digital-1-300x251-1.png\",\"datePublished\":\"2021-03-12T20:08:52+00:00\",\"dateModified\":\"2022-01-04T19:36:15+00:00\",\"description\":\"% Mercado Digital | CONTABILIDADE DIGITAL PARA NEG\u00d3CIOS ONLINE | Mantenha seu neg\u00f3cio digital legalizado e evite problemas com o fisco. Atendemos todas as plataformas digitais do mercado\",\"breadcrumb\":{\"@id\":\"https:\\\/\\\/www.pcncontabilidade.com.br\\\/new\\\/negocios_digitais\\\/#breadcrumb\"},\"inLanguage\":\"pt-BR\",\"potentialAction\":[{\"@type\":\"ReadAction\",\"target\":[\"https:\\\/\\\/www.pcncontabilidade.com.br\\\/new\\\/negocios_digitais\\\/\"]}]},{\"@type\":\"ImageObject\",\"inLanguage\":\"pt-BR\",\"@id\":\"https:\\\/\\\/www.pcncontabilidade.com.br\\\/new\\\/negocios_digitais\\\/#primaryimage\",\"url\":\"https:\\\/\\\/www.pcncontabilidade.com.br\\\/new\\\/wp-content\\\/uploads\\\/2021\\\/12\\\/Digital-1-300x251-1.png\",\"contentUrl\":\"https:\\\/\\\/www.pcncontabilidade.com.br\\\/new\\\/wp-content\\\/uploads\\\/2021\\\/12\\\/Digital-1-300x251-1.png\",\"width\":300,\"height\":293},{\"@type\":\"BreadcrumbList\",\"@id\":\"https:\\\/\\\/www.pcncontabilidade.com.br\\\/new\\\/negocios_digitais\\\/#breadcrumb\",\"itemListElement\":[{\"@type\":\"ListItem\",\"position\":1,\"name\":\"In\u00edcio\",\"item\":\"https:\\\/\\\/www.pcncontabilidade.com.br\\\/new\\\/\"},{\"@type\":\"ListItem\",\"position\":2,\"name\":\"Mercado Digital\"}]},{\"@type\":\"WebSite\",\"@id\":\"https:\\\/\\\/www.pcncontabilidade.com.br\\\/new\\\/#website\",\"url\":\"https:\\\/\\\/www.pcncontabilidade.com.br\\\/new\\\/\",\"name\":\"\",\"description\":\"Contabilidade de sucesso\",\"publisher\":{\"@id\":\"https:\\\/\\\/www.pcncontabilidade.com.br\\\/new\\\/#organization\"},\"potentialAction\":[{\"@type\":\"SearchAction\",\"target\":{\"@type\":\"EntryPoint\",\"urlTemplate\":\"https:\\\/\\\/www.pcncontabilidade.com.br\\\/new\\\/?s={search_term_string}\"},\"query-input\":{\"@type\":\"PropertyValueSpecification\",\"valueRequired\":true,\"valueName\":\"search_term_string\"}}],\"inLanguage\":\"pt-BR\"},{\"@type\":\"Organization\",\"@id\":\"https:\\\/\\\/www.pcncontabilidade.com.br\\\/new\\\/#organization\",\"name\":\"PCN Contabilidade\",\"url\":\"https:\\\/\\\/www.pcncontabilidade.com.br\\\/new\\\/\",\"logo\":{\"@type\":\"ImageObject\",\"inLanguage\":\"pt-BR\",\"@id\":\"https:\\\/\\\/www.pcncontabilidade.com.br\\\/new\\\/#\\\/schema\\\/logo\\\/image\\\/\",\"url\":\"http:\\\/\\\/www.pcncontabilidade.com.br\\\/new\\\/wp-content\\\/uploads\\\/2021\\\/03\\\/logoBranco-2-e1615847764799.png\",\"contentUrl\":\"http:\\\/\\\/www.pcncontabilidade.com.br\\\/new\\\/wp-content\\\/uploads\\\/2021\\\/03\\\/logoBranco-2-e1615847764799.png\",\"width\":200,\"height\":70,\"caption\":\"PCN Contabilidade\"},\"image\":{\"@id\":\"https:\\\/\\\/www.pcncontabilidade.com.br\\\/new\\\/#\\\/schema\\\/logo\\\/image\\\/\"}}]}<\/script>\n<!-- \/ Yoast SEO plugin. -->","yoast_head_json":{"title":"PCN Contabilidade | Mercado Digital","description":"% Mercado Digital | CONTABILIDADE DIGITAL PARA NEG\u00d3CIOS ONLINE | Mantenha seu neg\u00f3cio digital legalizado e evite problemas com o fisco. Atendemos todas as plataformas digitais do mercado","robots":{"index":"index","follow":"follow","max-snippet":"max-snippet:-1","max-image-preview":"max-image-preview:large","max-video-preview":"max-video-preview:-1"},"canonical":"https:\/\/www.pcncontabilidade.com.br\/new\/negocios_digitais\/","og_locale":"pt_BR","og_type":"article","og_description":"% Mercado Digital | CONTABILIDADE DIGITAL PARA NEG\u00d3CIOS ONLINE | Mantenha seu neg\u00f3cio digital legalizado e evite problemas com o fisco. Atendemos todas as plataformas digitais do mercado","og_url":"https:\/\/www.pcncontabilidade.com.br\/new\/negocios_digitais\/","article_modified_time":"2022-01-04T19:36:15+00:00","og_image":[{"width":1600,"height":750,"url":"https:\/\/www.pcncontabilidade.com.br\/new\/wp-content\/uploads\/2021\/03\/My-Post.png","type":"image\/png"}],"twitter_card":"summary_large_image","twitter_misc":{"Est. tempo de leitura":"2 minutos"},"schema":{"@context":"https:\/\/schema.org","@graph":[{"@type":"WebPage","@id":"https:\/\/www.pcncontabilidade.com.br\/new\/negocios_digitais\/","url":"https:\/\/www.pcncontabilidade.com.br\/new\/negocios_digitais\/","name":"PCN Contabilidade | Mercado Digital","isPartOf":{"@id":"https:\/\/www.pcncontabilidade.com.br\/new\/#website"},"primaryImageOfPage":{"@id":"https:\/\/www.pcncontabilidade.com.br\/new\/negocios_digitais\/#primaryimage"},"image":{"@id":"https:\/\/www.pcncontabilidade.com.br\/new\/negocios_digitais\/#primaryimage"},"thumbnailUrl":"https:\/\/www.pcncontabilidade.com.br\/new\/wp-content\/uploads\/2021\/12\/Digital-1-300x251-1.png","datePublished":"2021-03-12T20:08:52+00:00","dateModified":"2022-01-04T19:36:15+00:00","description":"% Mercado Digital | CONTABILIDADE DIGITAL PARA NEG\u00d3CIOS ONLINE | Mantenha seu neg\u00f3cio digital legalizado e evite problemas com o fisco. Atendemos todas as plataformas digitais do mercado","breadcrumb":{"@id":"https:\/\/www.pcncontabilidade.com.br\/new\/negocios_digitais\/#breadcrumb"},"inLanguage":"pt-BR","potentialAction":[{"@type":"ReadAction","target":["https:\/\/www.pcncontabilidade.com.br\/new\/negocios_digitais\/"]}]},{"@type":"ImageObject","inLanguage":"pt-BR","@id":"https:\/\/www.pcncontabilidade.com.br\/new\/negocios_digitais\/#primaryimage","url":"https:\/\/www.pcncontabilidade.com.br\/new\/wp-content\/uploads\/2021\/12\/Digital-1-300x251-1.png","contentUrl":"https:\/\/www.pcncontabilidade.com.br\/new\/wp-content\/uploads\/2021\/12\/Digital-1-300x251-1.png","width":300,"height":293},{"@type":"BreadcrumbList","@id":"https:\/\/www.pcncontabilidade.com.br\/new\/negocios_digitais\/#breadcrumb","itemListElement":[{"@type":"ListItem","position":1,"name":"In\u00edcio","item":"https:\/\/www.pcncontabilidade.com.br\/new\/"},{"@type":"ListItem","position":2,"name":"Mercado Digital"}]},{"@type":"WebSite","@id":"https:\/\/www.pcncontabilidade.com.br\/new\/#website","url":"https:\/\/www.pcncontabilidade.com.br\/new\/","name":"","description":"Contabilidade de sucesso","publisher":{"@id":"https:\/\/www.pcncontabilidade.com.br\/new\/#organization"},"potentialAction":[{"@type":"SearchAction","target":{"@type":"EntryPoint","urlTemplate":"https:\/\/www.pcncontabilidade.com.br\/new\/?s={search_term_string}"},"query-input":{"@type":"PropertyValueSpecification","valueRequired":true,"valueName":"search_term_string"}}],"inLanguage":"pt-BR"},{"@type":"Organization","@id":"https:\/\/www.pcncontabilidade.com.br\/new\/#organization","name":"PCN Contabilidade","url":"https:\/\/www.pcncontabilidade.com.br\/new\/","logo":{"@type":"ImageObject","inLanguage":"pt-BR","@id":"https:\/\/www.pcncontabilidade.com.br\/new\/#\/schema\/logo\/image\/","url":"http:\/\/www.pcncontabilidade.com.br\/new\/wp-content\/uploads\/2021\/03\/logoBranco-2-e1615847764799.png","contentUrl":"http:\/\/www.pcncontabilidade.com.br\/new\/wp-content\/uploads\/2021\/03\/logoBranco-2-e1615847764799.png","width":200,"height":70,"caption":"PCN Contabilidade"},"image":{"@id":"https:\/\/www.pcncontabilidade.com.br\/new\/#\/schema\/logo\/image\/"}}]}},"_links":{"self":[{"href":"https:\/\/www.pcncontabilidade.com.br\/new\/wp-json\/wp\/v2\/pages\/2","targetHints":{"allow":["GET"]}}],"collection":[{"href":"https:\/\/www.pcncontabilidade.com.br\/new\/wp-json\/wp\/v2\/pages"}],"about":[{"href":"https:\/\/www.pcncontabilidade.com.br\/new\/wp-json\/wp\/v2\/types\/page"}],"author":[{"embeddable":true,"href":"https:\/\/www.pcncontabilidade.com.br\/new\/wp-json\/wp\/v2\/users\/1"}],"replies":[{"embeddable":true,"href":"https:\/\/www.pcncontabilidade.com.br\/new\/wp-json\/wp\/v2\/comments?post=2"}],"version-history":[{"count":72,"href":"https:\/\/www.pcncontabilidade.com.br\/new\/wp-json\/wp\/v2\/pages\/2\/revisions"}],"predecessor-version":[{"id":590,"href":"https:\/\/www.pcncontabilidade.com.br\/new\/wp-json\/wp\/v2\/pages\/2\/revisions\/590"}],"wp:featuredmedia":[{"embeddable":true,"href":"https:\/\/www.pcncontabilidade.com.br\/new\/wp-json\/wp\/v2\/media\/368"}],"wp:attachment":[{"href":"https:\/\/www.pcncontabilidade.com.br\/new\/wp-json\/wp\/v2\/media?parent=2"}],"curies":[{"name":"wp","href":"https:\/\/api.w.org\/{rel}","templated":true}]}}