{"id":192,"date":"2021-03-16T11:51:13","date_gmt":"2021-03-16T14:51:13","guid":{"rendered":"http:\/\/www.pcncontabilidade.com.br\/new\/?page_id=192"},"modified":"2022-01-04T16:39:06","modified_gmt":"2022-01-04T19:39:06","slug":"microempreendedor-individual","status":"publish","type":"page","link":"https:\/\/www.pcncontabilidade.com.br\/new\/microempreendedor-individual\/","title":{"rendered":"Microempreendedor individual"},"content":{"rendered":"\n<p>O Microempreendedor Individual foi criado para que os trabalhadores informais estejam dentro da Legalidade e, principalmente, promover esta formaliza\u00e7\u00e3o com uma carga tribut\u00e1ria reduzida.<\/p>\n\n\n\n<hr class=\"wp-block-separator is-style-wide\"\/>\n\n\n\n<div class=\"wp-block-media-text alignwide is-stacked-on-mobile is-vertically-aligned-top is-image-fill\"><figure class=\"wp-block-media-text__media\" style=\"background-image:url(https:\/\/www.pcncontabilidade.com.br\/new\/wp-content\/uploads\/2021\/03\/mei-2-1024x673.png);background-position:60% 28.000000000000004%\"><img loading=\"lazy\" decoding=\"async\" width=\"1024\" height=\"673\" src=\"https:\/\/www.pcncontabilidade.com.br\/new\/wp-content\/uploads\/2021\/03\/mei-2-1024x673.png\" alt=\"\" class=\"wp-image-193 size-full\" srcset=\"https:\/\/www.pcncontabilidade.com.br\/new\/wp-content\/uploads\/2021\/03\/mei-2-1024x673.png 1024w, https:\/\/www.pcncontabilidade.com.br\/new\/wp-content\/uploads\/2021\/03\/mei-2-300x197.png 300w, https:\/\/www.pcncontabilidade.com.br\/new\/wp-content\/uploads\/2021\/03\/mei-2-768x504.png 768w, https:\/\/www.pcncontabilidade.com.br\/new\/wp-content\/uploads\/2021\/03\/mei-2-1536x1009.png 1536w, https:\/\/www.pcncontabilidade.com.br\/new\/wp-content\/uploads\/2021\/03\/mei-2-2048x1345.png 2048w\" sizes=\"auto, (max-width: 1024px) 100vw, 1024px\" \/><\/figure><div class=\"wp-block-media-text__content\">\n<p class=\"has-drop-cap\">Nossos servi\u00e7os oferecidos ao MEI \u2013 Microempreendedor Individual s\u00e3o realizados de forma particular e a contrata\u00e7\u00e3o dos mesmos implica em investimentos.<br>Enfatizamos que alguns dos servi\u00e7os disponibilizados podem ser realizados de forma independente e gratuita, atrav\u00e9s de ebooks e v\u00eddeos disponibilizados em nosso site e nas nossa m\u00eddias digitais. Atrav\u00e9s deles e diretamente nos sites dos \u00d3rg\u00e3os Governamentais, sem o acompanhamento de um contador, o Micro empreendedor pode se regularizar, realizar altera\u00e7\u00f5es no seu CNPJ e at\u00e9 mesmo encontrar linhas de cr\u00e9dito.<\/p>\n<\/div><\/div>\n\n\n\n<hr class=\"wp-block-separator\"\/>\n\n\n\t\t<div class=\"wppsac-wrap wppsac-slick-slider-wrp wppsac-clearfix \" data-conf=\"{&quot;dots&quot;:&quot;true&quot;,&quot;arrows&quot;:&quot;true&quot;,&quot;autoplay&quot;:&quot;true&quot;,&quot;autoplay_interval&quot;:3000,&quot;speed&quot;:500,&quot;rtl&quot;:&quot;false&quot;,&quot;lazyload&quot;:&quot;&quot;}\">\r\n\t\t\t<div id=\"wppsac-post-slider-1\" class=\"wppsac-post-slider-init wppsac-post-slider design-4\">\r\n\t\t\t\t<div class=\"wppsac-post-slides\">\r\n\t<div class=\"wppsac-post-list\">\r\n\t\t<div class=\"wppsac-post-list-content\">\r\n\t\t\t\t\t\t<div class=\"wp-medium-5 wpcolumns\">\r\n\t\t\t\t<div class=\"wppsac-post-image-bg\">\r\n\t\t\t\t\t<a href=\"https:\/\/www.pcncontabilidade.com.br\/new\/2021\/12\/17\/atelier-dayse-moraes\/\">\r\n\t\t\t\t\t\t<img decoding=\"async\" class=\"wppsac-post-image\"  src=\"https:\/\/www.pcncontabilidade.com.br\/new\/wp-content\/uploads\/2022\/01\/Captura-de-tela-de-2022-01-06-20-25-47.png\" alt=\"Dayse Moraes, Atelier Criativo\" \/>\r\n\t\t\t\t\t<\/a>\r\n\t\t\t\t<\/div>\r\n\t\t\t<\/div>\r\n\t\t\t\r\n\t\t\t<div class=\" wp-medium-7  wpcolumns\">\r\n\t\t\t\t\r\n\t\t\t\t<h2 class=\"wppsac-post-title\">\r\n\t\t\t\t\t<a href=\"https:\/\/www.pcncontabilidade.com.br\/new\/2021\/12\/17\/atelier-dayse-moraes\/\">Dayse Moraes, Atelier Criativo<\/a>\r\n\t\t\t\t<\/h2>\r\n\r\n\t\t\t\t\t\t\t\t<div class=\"wppsac-post-content\">\r\n\t\t\t\t\t<div class=\"wppsac-sub-content\">Com a PCN Contabilidade, \u00e9 muito mais que uma presta\u00e7\u00e3o de servi\u00e7o, temos uma grande parceria, onde posso destacar todas as suas orienta\u00e7\u00f5es e infra estrutura para atender o meu neg\u00f3cio. Tenho na PCN um verdadeiro apoio especializado para cada necessidade fiscal, cont\u00e1bil e departamento pessoal.<\/div>\r\n\r\n\t\t\t\t\t\t\t\t\t<\/div>\r\n\t\t\t\t\t\t\t<\/div>\r\n\t\t<\/div>\r\n\t<\/div>\r\n<\/div>\t\t\t<\/div>\r\n\t\t<\/div>\r\n\t\n","protected":false},"excerpt":{"rendered":"<p>O Microempreendedor Individual foi criado para que os trabalhadores informais estejam dentro da Legalidade e, principalmente, promover esta formaliza\u00e7\u00e3o com uma carga tribut\u00e1ria reduzida. Nossos servi\u00e7os oferecidos ao MEI \u2013 Microempreendedor Individual s\u00e3o realizados de forma particular e a contrata\u00e7\u00e3o dos mesmos implica em investimentos.Enfatizamos que alguns dos servi\u00e7os disponibilizados podem ser realizados de forma independente e gratuita, atrav\u00e9s de ebooks e v\u00eddeos disponibilizados em&hellip; <\/p>\n","protected":false},"author":1,"featured_media":369,"parent":0,"menu_order":0,"comment_status":"closed","ping_status":"closed","template":"","meta":{"_mi_skip_tracking":false,"footnotes":""},"class_list":["post-192","page","type-page","status-publish","has-post-thumbnail","hentry","clearfix"],"yoast_head":"<!-- This site is optimized with the Yoast SEO plugin v27.5 - https:\/\/yoast.com\/product\/yoast-seo-wordpress\/ -->\n<title>PCN Contabilidade | Microempreendedor individual<\/title>\n<meta name=\"description\" content=\"% Microempreendedor individual\" \/>\n<meta name=\"robots\" content=\"index, follow, max-snippet:-1, max-image-preview:large, max-video-preview:-1\" \/>\n<link rel=\"canonical\" href=\"https:\/\/www.pcncontabilidade.com.br\/new\/microempreendedor-individual\/\" \/>\n<meta property=\"og:locale\" content=\"pt_BR\" \/>\n<meta property=\"og:type\" content=\"article\" \/>\n<meta property=\"og:title\" content=\"PCN Contabilidade | Microempreendedor individual\" \/>\n<meta property=\"og:description\" content=\"% Microempreendedor individual\" \/>\n<meta property=\"og:url\" content=\"https:\/\/www.pcncontabilidade.com.br\/new\/microempreendedor-individual\/\" \/>\n<meta property=\"article:modified_time\" content=\"2022-01-04T19:39:06+00:00\" \/>\n<meta property=\"og:image\" content=\"https:\/\/www.pcncontabilidade.com.br\/new\/wp-content\/uploads\/2021\/12\/MEI-1-235x300-1.png\" \/>\n\t<meta property=\"og:image:width\" content=\"300\" \/>\n\t<meta property=\"og:image:height\" content=\"293\" \/>\n\t<meta property=\"og:image:type\" content=\"image\/png\" \/>\n<meta name=\"twitter:card\" content=\"summary_large_image\" \/>\n<meta name=\"twitter:label1\" content=\"Est. tempo de leitura\" \/>\n\t<meta name=\"twitter:data1\" content=\"1 minuto\" \/>\n<script type=\"application\/ld+json\" class=\"yoast-schema-graph\">{\"@context\":\"https:\\\/\\\/schema.org\",\"@graph\":[{\"@type\":\"WebPage\",\"@id\":\"https:\\\/\\\/www.pcncontabilidade.com.br\\\/new\\\/microempreendedor-individual\\\/\",\"url\":\"https:\\\/\\\/www.pcncontabilidade.com.br\\\/new\\\/microempreendedor-individual\\\/\",\"name\":\"PCN Contabilidade | Microempreendedor individual\",\"isPartOf\":{\"@id\":\"https:\\\/\\\/www.pcncontabilidade.com.br\\\/new\\\/#website\"},\"primaryImageOfPage\":{\"@id\":\"https:\\\/\\\/www.pcncontabilidade.com.br\\\/new\\\/microempreendedor-individual\\\/#primaryimage\"},\"image\":{\"@id\":\"https:\\\/\\\/www.pcncontabilidade.com.br\\\/new\\\/microempreendedor-individual\\\/#primaryimage\"},\"thumbnailUrl\":\"https:\\\/\\\/www.pcncontabilidade.com.br\\\/new\\\/wp-content\\\/uploads\\\/2021\\\/12\\\/MEI-1-235x300-1.png\",\"datePublished\":\"2021-03-16T14:51:13+00:00\",\"dateModified\":\"2022-01-04T19:39:06+00:00\",\"description\":\"% Microempreendedor individual\",\"breadcrumb\":{\"@id\":\"https:\\\/\\\/www.pcncontabilidade.com.br\\\/new\\\/microempreendedor-individual\\\/#breadcrumb\"},\"inLanguage\":\"pt-BR\",\"potentialAction\":[{\"@type\":\"ReadAction\",\"target\":[\"https:\\\/\\\/www.pcncontabilidade.com.br\\\/new\\\/microempreendedor-individual\\\/\"]}]},{\"@type\":\"ImageObject\",\"inLanguage\":\"pt-BR\",\"@id\":\"https:\\\/\\\/www.pcncontabilidade.com.br\\\/new\\\/microempreendedor-individual\\\/#primaryimage\",\"url\":\"https:\\\/\\\/www.pcncontabilidade.com.br\\\/new\\\/wp-content\\\/uploads\\\/2021\\\/12\\\/MEI-1-235x300-1.png\",\"contentUrl\":\"https:\\\/\\\/www.pcncontabilidade.com.br\\\/new\\\/wp-content\\\/uploads\\\/2021\\\/12\\\/MEI-1-235x300-1.png\",\"width\":300,\"height\":293},{\"@type\":\"BreadcrumbList\",\"@id\":\"https:\\\/\\\/www.pcncontabilidade.com.br\\\/new\\\/microempreendedor-individual\\\/#breadcrumb\",\"itemListElement\":[{\"@type\":\"ListItem\",\"position\":1,\"name\":\"In\u00edcio\",\"item\":\"https:\\\/\\\/www.pcncontabilidade.com.br\\\/new\\\/\"},{\"@type\":\"ListItem\",\"position\":2,\"name\":\"Microempreendedor individual\"}]},{\"@type\":\"WebSite\",\"@id\":\"https:\\\/\\\/www.pcncontabilidade.com.br\\\/new\\\/#website\",\"url\":\"https:\\\/\\\/www.pcncontabilidade.com.br\\\/new\\\/\",\"name\":\"\",\"description\":\"Contabilidade de sucesso\",\"publisher\":{\"@id\":\"https:\\\/\\\/www.pcncontabilidade.com.br\\\/new\\\/#organization\"},\"potentialAction\":[{\"@type\":\"SearchAction\",\"target\":{\"@type\":\"EntryPoint\",\"urlTemplate\":\"https:\\\/\\\/www.pcncontabilidade.com.br\\\/new\\\/?s={search_term_string}\"},\"query-input\":{\"@type\":\"PropertyValueSpecification\",\"valueRequired\":true,\"valueName\":\"search_term_string\"}}],\"inLanguage\":\"pt-BR\"},{\"@type\":\"Organization\",\"@id\":\"https:\\\/\\\/www.pcncontabilidade.com.br\\\/new\\\/#organization\",\"name\":\"PCN Contabilidade\",\"url\":\"https:\\\/\\\/www.pcncontabilidade.com.br\\\/new\\\/\",\"logo\":{\"@type\":\"ImageObject\",\"inLanguage\":\"pt-BR\",\"@id\":\"https:\\\/\\\/www.pcncontabilidade.com.br\\\/new\\\/#\\\/schema\\\/logo\\\/image\\\/\",\"url\":\"http:\\\/\\\/www.pcncontabilidade.com.br\\\/new\\\/wp-content\\\/uploads\\\/2021\\\/03\\\/logoBranco-2-e1615847764799.png\",\"contentUrl\":\"http:\\\/\\\/www.pcncontabilidade.com.br\\\/new\\\/wp-content\\\/uploads\\\/2021\\\/03\\\/logoBranco-2-e1615847764799.png\",\"width\":200,\"height\":70,\"caption\":\"PCN Contabilidade\"},\"image\":{\"@id\":\"https:\\\/\\\/www.pcncontabilidade.com.br\\\/new\\\/#\\\/schema\\\/logo\\\/image\\\/\"}}]}<\/script>\n<!-- \/ Yoast SEO plugin. -->","yoast_head_json":{"title":"PCN Contabilidade | Microempreendedor individual","description":"% Microempreendedor individual","robots":{"index":"index","follow":"follow","max-snippet":"max-snippet:-1","max-image-preview":"max-image-preview:large","max-video-preview":"max-video-preview:-1"},"canonical":"https:\/\/www.pcncontabilidade.com.br\/new\/microempreendedor-individual\/","og_locale":"pt_BR","og_type":"article","og_title":"PCN Contabilidade | Microempreendedor individual","og_description":"% Microempreendedor individual","og_url":"https:\/\/www.pcncontabilidade.com.br\/new\/microempreendedor-individual\/","article_modified_time":"2022-01-04T19:39:06+00:00","og_image":[{"width":300,"height":293,"url":"https:\/\/www.pcncontabilidade.com.br\/new\/wp-content\/uploads\/2021\/12\/MEI-1-235x300-1.png","type":"image\/png"}],"twitter_card":"summary_large_image","twitter_misc":{"Est. tempo de leitura":"1 minuto"},"schema":{"@context":"https:\/\/schema.org","@graph":[{"@type":"WebPage","@id":"https:\/\/www.pcncontabilidade.com.br\/new\/microempreendedor-individual\/","url":"https:\/\/www.pcncontabilidade.com.br\/new\/microempreendedor-individual\/","name":"PCN Contabilidade | Microempreendedor individual","isPartOf":{"@id":"https:\/\/www.pcncontabilidade.com.br\/new\/#website"},"primaryImageOfPage":{"@id":"https:\/\/www.pcncontabilidade.com.br\/new\/microempreendedor-individual\/#primaryimage"},"image":{"@id":"https:\/\/www.pcncontabilidade.com.br\/new\/microempreendedor-individual\/#primaryimage"},"thumbnailUrl":"https:\/\/www.pcncontabilidade.com.br\/new\/wp-content\/uploads\/2021\/12\/MEI-1-235x300-1.png","datePublished":"2021-03-16T14:51:13+00:00","dateModified":"2022-01-04T19:39:06+00:00","description":"% Microempreendedor individual","breadcrumb":{"@id":"https:\/\/www.pcncontabilidade.com.br\/new\/microempreendedor-individual\/#breadcrumb"},"inLanguage":"pt-BR","potentialAction":[{"@type":"ReadAction","target":["https:\/\/www.pcncontabilidade.com.br\/new\/microempreendedor-individual\/"]}]},{"@type":"ImageObject","inLanguage":"pt-BR","@id":"https:\/\/www.pcncontabilidade.com.br\/new\/microempreendedor-individual\/#primaryimage","url":"https:\/\/www.pcncontabilidade.com.br\/new\/wp-content\/uploads\/2021\/12\/MEI-1-235x300-1.png","contentUrl":"https:\/\/www.pcncontabilidade.com.br\/new\/wp-content\/uploads\/2021\/12\/MEI-1-235x300-1.png","width":300,"height":293},{"@type":"BreadcrumbList","@id":"https:\/\/www.pcncontabilidade.com.br\/new\/microempreendedor-individual\/#breadcrumb","itemListElement":[{"@type":"ListItem","position":1,"name":"In\u00edcio","item":"https:\/\/www.pcncontabilidade.com.br\/new\/"},{"@type":"ListItem","position":2,"name":"Microempreendedor individual"}]},{"@type":"WebSite","@id":"https:\/\/www.pcncontabilidade.com.br\/new\/#website","url":"https:\/\/www.pcncontabilidade.com.br\/new\/","name":"","description":"Contabilidade de sucesso","publisher":{"@id":"https:\/\/www.pcncontabilidade.com.br\/new\/#organization"},"potentialAction":[{"@type":"SearchAction","target":{"@type":"EntryPoint","urlTemplate":"https:\/\/www.pcncontabilidade.com.br\/new\/?s={search_term_string}"},"query-input":{"@type":"PropertyValueSpecification","valueRequired":true,"valueName":"search_term_string"}}],"inLanguage":"pt-BR"},{"@type":"Organization","@id":"https:\/\/www.pcncontabilidade.com.br\/new\/#organization","name":"PCN Contabilidade","url":"https:\/\/www.pcncontabilidade.com.br\/new\/","logo":{"@type":"ImageObject","inLanguage":"pt-BR","@id":"https:\/\/www.pcncontabilidade.com.br\/new\/#\/schema\/logo\/image\/","url":"http:\/\/www.pcncontabilidade.com.br\/new\/wp-content\/uploads\/2021\/03\/logoBranco-2-e1615847764799.png","contentUrl":"http:\/\/www.pcncontabilidade.com.br\/new\/wp-content\/uploads\/2021\/03\/logoBranco-2-e1615847764799.png","width":200,"height":70,"caption":"PCN Contabilidade"},"image":{"@id":"https:\/\/www.pcncontabilidade.com.br\/new\/#\/schema\/logo\/image\/"}}]}},"_links":{"self":[{"href":"https:\/\/www.pcncontabilidade.com.br\/new\/wp-json\/wp\/v2\/pages\/192","targetHints":{"allow":["GET"]}}],"collection":[{"href":"https:\/\/www.pcncontabilidade.com.br\/new\/wp-json\/wp\/v2\/pages"}],"about":[{"href":"https:\/\/www.pcncontabilidade.com.br\/new\/wp-json\/wp\/v2\/types\/page"}],"author":[{"embeddable":true,"href":"https:\/\/www.pcncontabilidade.com.br\/new\/wp-json\/wp\/v2\/users\/1"}],"replies":[{"embeddable":true,"href":"https:\/\/www.pcncontabilidade.com.br\/new\/wp-json\/wp\/v2\/comments?post=192"}],"version-history":[{"count":8,"href":"https:\/\/www.pcncontabilidade.com.br\/new\/wp-json\/wp\/v2\/pages\/192\/revisions"}],"predecessor-version":[{"id":596,"href":"https:\/\/www.pcncontabilidade.com.br\/new\/wp-json\/wp\/v2\/pages\/192\/revisions\/596"}],"wp:featuredmedia":[{"embeddable":true,"href":"https:\/\/www.pcncontabilidade.com.br\/new\/wp-json\/wp\/v2\/media\/369"}],"wp:attachment":[{"href":"https:\/\/www.pcncontabilidade.com.br\/new\/wp-json\/wp\/v2\/media?parent=192"}],"curies":[{"name":"wp","href":"https:\/\/api.w.org\/{rel}","templated":true}]}}