{"id":161,"date":"2021-03-16T11:27:10","date_gmt":"2021-03-16T14:27:10","guid":{"rendered":"http:\/\/www.pcncontabilidade.com.br\/new\/?page_id=161"},"modified":"2021-12-23T16:30:17","modified_gmt":"2021-12-23T19:30:17","slug":"youtuber-e-influenciador-digital","status":"publish","type":"page","link":"https:\/\/www.pcncontabilidade.com.br\/new\/youtuber-e-influenciador-digital\/","title":{"rendered":"Youtuber e Influenciador Digital"},"content":{"rendered":"\n<div class=\"wp-block-columns is-layout-flex wp-container-core-columns-is-layout-9d6595d7 wp-block-columns-is-layout-flex\">\n<div class=\"wp-block-column is-layout-flow wp-block-column-is-layout-flow\">\n<div class=\"wp-block-media-text alignwide is-stacked-on-mobile is-vertically-aligned-top is-image-fill\"><figure class=\"wp-block-media-text__media\" style=\"background-image:url(https:\/\/www.pcncontabilidade.com.br\/new\/wp-content\/uploads\/2021\/03\/youtuber-991x1024.png);background-position:50% 50%\"><img loading=\"lazy\" decoding=\"async\" width=\"991\" height=\"1024\" src=\"https:\/\/www.pcncontabilidade.com.br\/new\/wp-content\/uploads\/2021\/03\/youtuber-991x1024.png\" alt=\"\" class=\"wp-image-157 size-full\" srcset=\"https:\/\/www.pcncontabilidade.com.br\/new\/wp-content\/uploads\/2021\/03\/youtuber-991x1024.png 991w, https:\/\/www.pcncontabilidade.com.br\/new\/wp-content\/uploads\/2021\/03\/youtuber-290x300.png 290w, https:\/\/www.pcncontabilidade.com.br\/new\/wp-content\/uploads\/2021\/03\/youtuber-768x794.png 768w, https:\/\/www.pcncontabilidade.com.br\/new\/wp-content\/uploads\/2021\/03\/youtuber-1486x1536.png 1486w, https:\/\/www.pcncontabilidade.com.br\/new\/wp-content\/uploads\/2021\/03\/youtuber-1981x2048.png 1981w\" sizes=\"auto, (max-width: 991px) 100vw, 991px\" \/><\/figure><div class=\"wp-block-media-text__content\">\n<h2 class=\"wp-block-heading\">Contabilidade para YouTubers<\/h2>\n\n\n\n<p>Se voc\u00ea \u00e9 um YouTuber ou influenciador digital oo nosso servi\u00e7o de contabilidade digital mant\u00e9m os recebidos de Adsense e outras formas de monetiza\u00e7\u00e3o de Canais de YouTube regularizado.<\/p>\n\n\n\n<p>A tributa\u00e7\u00e3o do YouTuber como pessoa f\u00edsica aumenta significativamente os custos do produtor de conte\u00fados para a plataforma do YouTube.<\/p>\n\n\n\n<p>Voc\u00ea pode solicitar um comparativo gratuitamente para identificar a diferen\u00e7a de impostos baseado na sua monetiza\u00e7\u00e3o atual recebido do Google.<\/p>\n\n\n\n<p>Ele vai te indicar a economia conquistada ap\u00f3s a abertura da sua empresa.<\/p>\n\n\n\n<p>N\u00f3s, PCN Contabilidade, somos a maior contabilidade especializada nesse segmento do Brasil atendendo dezenas de produtores de conte\u00fados monetizados no YouTube.<\/p>\n<\/div><\/div>\n<\/div>\n<\/div>\n\n\n\n<p><\/p>\n","protected":false},"excerpt":{"rendered":"","protected":false},"author":1,"featured_media":157,"parent":0,"menu_order":0,"comment_status":"closed","ping_status":"closed","template":"","meta":{"_mi_skip_tracking":false,"footnotes":""},"class_list":["post-161","page","type-page","status-publish","has-post-thumbnail","hentry","clearfix"],"yoast_head":"<!-- This site is optimized with the Yoast SEO plugin v27.5 - https:\/\/yoast.com\/product\/yoast-seo-wordpress\/ -->\n<title>PCN Contabilidade | Youtuber e Influenciador Digital<\/title>\n<meta name=\"description\" content=\"% Youtuber e Influenciador Digital\" \/>\n<meta name=\"robots\" content=\"index, follow, max-snippet:-1, max-image-preview:large, max-video-preview:-1\" \/>\n<link rel=\"canonical\" href=\"https:\/\/www.pcncontabilidade.com.br\/new\/youtuber-e-influenciador-digital\/\" \/>\n<meta property=\"og:locale\" content=\"pt_BR\" \/>\n<meta property=\"og:type\" content=\"article\" \/>\n<meta property=\"og:title\" content=\"PCN Contabilidade | Youtuber e Influenciador Digital\" \/>\n<meta property=\"og:description\" content=\"% Youtuber e Influenciador Digital\" \/>\n<meta property=\"og:url\" content=\"https:\/\/www.pcncontabilidade.com.br\/new\/youtuber-e-influenciador-digital\/\" \/>\n<meta property=\"article:modified_time\" content=\"2021-12-23T19:30:17+00:00\" \/>\n<meta property=\"og:image\" content=\"https:\/\/www.pcncontabilidade.com.br\/new\/wp-content\/uploads\/2021\/03\/youtuber.png\" \/>\n\t<meta property=\"og:image:width\" content=\"2580\" \/>\n\t<meta property=\"og:image:height\" content=\"2667\" \/>\n\t<meta property=\"og:image:type\" content=\"image\/png\" \/>\n<meta name=\"twitter:card\" content=\"summary_large_image\" \/>\n<script type=\"application\/ld+json\" class=\"yoast-schema-graph\">{\"@context\":\"https:\\\/\\\/schema.org\",\"@graph\":[{\"@type\":\"WebPage\",\"@id\":\"https:\\\/\\\/www.pcncontabilidade.com.br\\\/new\\\/youtuber-e-influenciador-digital\\\/\",\"url\":\"https:\\\/\\\/www.pcncontabilidade.com.br\\\/new\\\/youtuber-e-influenciador-digital\\\/\",\"name\":\"PCN Contabilidade | Youtuber e Influenciador Digital\",\"isPartOf\":{\"@id\":\"https:\\\/\\\/www.pcncontabilidade.com.br\\\/new\\\/#website\"},\"primaryImageOfPage\":{\"@id\":\"https:\\\/\\\/www.pcncontabilidade.com.br\\\/new\\\/youtuber-e-influenciador-digital\\\/#primaryimage\"},\"image\":{\"@id\":\"https:\\\/\\\/www.pcncontabilidade.com.br\\\/new\\\/youtuber-e-influenciador-digital\\\/#primaryimage\"},\"thumbnailUrl\":\"https:\\\/\\\/www.pcncontabilidade.com.br\\\/new\\\/wp-content\\\/uploads\\\/2021\\\/03\\\/youtuber.png\",\"datePublished\":\"2021-03-16T14:27:10+00:00\",\"dateModified\":\"2021-12-23T19:30:17+00:00\",\"description\":\"% Youtuber e Influenciador Digital\",\"breadcrumb\":{\"@id\":\"https:\\\/\\\/www.pcncontabilidade.com.br\\\/new\\\/youtuber-e-influenciador-digital\\\/#breadcrumb\"},\"inLanguage\":\"pt-BR\",\"potentialAction\":[{\"@type\":\"ReadAction\",\"target\":[\"https:\\\/\\\/www.pcncontabilidade.com.br\\\/new\\\/youtuber-e-influenciador-digital\\\/\"]}]},{\"@type\":\"ImageObject\",\"inLanguage\":\"pt-BR\",\"@id\":\"https:\\\/\\\/www.pcncontabilidade.com.br\\\/new\\\/youtuber-e-influenciador-digital\\\/#primaryimage\",\"url\":\"https:\\\/\\\/www.pcncontabilidade.com.br\\\/new\\\/wp-content\\\/uploads\\\/2021\\\/03\\\/youtuber.png\",\"contentUrl\":\"https:\\\/\\\/www.pcncontabilidade.com.br\\\/new\\\/wp-content\\\/uploads\\\/2021\\\/03\\\/youtuber.png\",\"width\":2580,\"height\":2667},{\"@type\":\"BreadcrumbList\",\"@id\":\"https:\\\/\\\/www.pcncontabilidade.com.br\\\/new\\\/youtuber-e-influenciador-digital\\\/#breadcrumb\",\"itemListElement\":[{\"@type\":\"ListItem\",\"position\":1,\"name\":\"In\u00edcio\",\"item\":\"https:\\\/\\\/www.pcncontabilidade.com.br\\\/new\\\/\"},{\"@type\":\"ListItem\",\"position\":2,\"name\":\"Youtuber e Influenciador Digital\"}]},{\"@type\":\"WebSite\",\"@id\":\"https:\\\/\\\/www.pcncontabilidade.com.br\\\/new\\\/#website\",\"url\":\"https:\\\/\\\/www.pcncontabilidade.com.br\\\/new\\\/\",\"name\":\"\",\"description\":\"Contabilidade de sucesso\",\"publisher\":{\"@id\":\"https:\\\/\\\/www.pcncontabilidade.com.br\\\/new\\\/#organization\"},\"potentialAction\":[{\"@type\":\"SearchAction\",\"target\":{\"@type\":\"EntryPoint\",\"urlTemplate\":\"https:\\\/\\\/www.pcncontabilidade.com.br\\\/new\\\/?s={search_term_string}\"},\"query-input\":{\"@type\":\"PropertyValueSpecification\",\"valueRequired\":true,\"valueName\":\"search_term_string\"}}],\"inLanguage\":\"pt-BR\"},{\"@type\":\"Organization\",\"@id\":\"https:\\\/\\\/www.pcncontabilidade.com.br\\\/new\\\/#organization\",\"name\":\"PCN Contabilidade\",\"url\":\"https:\\\/\\\/www.pcncontabilidade.com.br\\\/new\\\/\",\"logo\":{\"@type\":\"ImageObject\",\"inLanguage\":\"pt-BR\",\"@id\":\"https:\\\/\\\/www.pcncontabilidade.com.br\\\/new\\\/#\\\/schema\\\/logo\\\/image\\\/\",\"url\":\"http:\\\/\\\/www.pcncontabilidade.com.br\\\/new\\\/wp-content\\\/uploads\\\/2021\\\/03\\\/logoBranco-2-e1615847764799.png\",\"contentUrl\":\"http:\\\/\\\/www.pcncontabilidade.com.br\\\/new\\\/wp-content\\\/uploads\\\/2021\\\/03\\\/logoBranco-2-e1615847764799.png\",\"width\":200,\"height\":70,\"caption\":\"PCN Contabilidade\"},\"image\":{\"@id\":\"https:\\\/\\\/www.pcncontabilidade.com.br\\\/new\\\/#\\\/schema\\\/logo\\\/image\\\/\"}}]}<\/script>\n<!-- \/ Yoast SEO plugin. -->","yoast_head_json":{"title":"PCN Contabilidade | Youtuber e Influenciador Digital","description":"% Youtuber e Influenciador Digital","robots":{"index":"index","follow":"follow","max-snippet":"max-snippet:-1","max-image-preview":"max-image-preview:large","max-video-preview":"max-video-preview:-1"},"canonical":"https:\/\/www.pcncontabilidade.com.br\/new\/youtuber-e-influenciador-digital\/","og_locale":"pt_BR","og_type":"article","og_title":"PCN Contabilidade | Youtuber e Influenciador Digital","og_description":"% Youtuber e Influenciador Digital","og_url":"https:\/\/www.pcncontabilidade.com.br\/new\/youtuber-e-influenciador-digital\/","article_modified_time":"2021-12-23T19:30:17+00:00","og_image":[{"width":2580,"height":2667,"url":"https:\/\/www.pcncontabilidade.com.br\/new\/wp-content\/uploads\/2021\/03\/youtuber.png","type":"image\/png"}],"twitter_card":"summary_large_image","schema":{"@context":"https:\/\/schema.org","@graph":[{"@type":"WebPage","@id":"https:\/\/www.pcncontabilidade.com.br\/new\/youtuber-e-influenciador-digital\/","url":"https:\/\/www.pcncontabilidade.com.br\/new\/youtuber-e-influenciador-digital\/","name":"PCN Contabilidade | Youtuber e Influenciador Digital","isPartOf":{"@id":"https:\/\/www.pcncontabilidade.com.br\/new\/#website"},"primaryImageOfPage":{"@id":"https:\/\/www.pcncontabilidade.com.br\/new\/youtuber-e-influenciador-digital\/#primaryimage"},"image":{"@id":"https:\/\/www.pcncontabilidade.com.br\/new\/youtuber-e-influenciador-digital\/#primaryimage"},"thumbnailUrl":"https:\/\/www.pcncontabilidade.com.br\/new\/wp-content\/uploads\/2021\/03\/youtuber.png","datePublished":"2021-03-16T14:27:10+00:00","dateModified":"2021-12-23T19:30:17+00:00","description":"% Youtuber e Influenciador Digital","breadcrumb":{"@id":"https:\/\/www.pcncontabilidade.com.br\/new\/youtuber-e-influenciador-digital\/#breadcrumb"},"inLanguage":"pt-BR","potentialAction":[{"@type":"ReadAction","target":["https:\/\/www.pcncontabilidade.com.br\/new\/youtuber-e-influenciador-digital\/"]}]},{"@type":"ImageObject","inLanguage":"pt-BR","@id":"https:\/\/www.pcncontabilidade.com.br\/new\/youtuber-e-influenciador-digital\/#primaryimage","url":"https:\/\/www.pcncontabilidade.com.br\/new\/wp-content\/uploads\/2021\/03\/youtuber.png","contentUrl":"https:\/\/www.pcncontabilidade.com.br\/new\/wp-content\/uploads\/2021\/03\/youtuber.png","width":2580,"height":2667},{"@type":"BreadcrumbList","@id":"https:\/\/www.pcncontabilidade.com.br\/new\/youtuber-e-influenciador-digital\/#breadcrumb","itemListElement":[{"@type":"ListItem","position":1,"name":"In\u00edcio","item":"https:\/\/www.pcncontabilidade.com.br\/new\/"},{"@type":"ListItem","position":2,"name":"Youtuber e Influenciador Digital"}]},{"@type":"WebSite","@id":"https:\/\/www.pcncontabilidade.com.br\/new\/#website","url":"https:\/\/www.pcncontabilidade.com.br\/new\/","name":"","description":"Contabilidade de sucesso","publisher":{"@id":"https:\/\/www.pcncontabilidade.com.br\/new\/#organization"},"potentialAction":[{"@type":"SearchAction","target":{"@type":"EntryPoint","urlTemplate":"https:\/\/www.pcncontabilidade.com.br\/new\/?s={search_term_string}"},"query-input":{"@type":"PropertyValueSpecification","valueRequired":true,"valueName":"search_term_string"}}],"inLanguage":"pt-BR"},{"@type":"Organization","@id":"https:\/\/www.pcncontabilidade.com.br\/new\/#organization","name":"PCN Contabilidade","url":"https:\/\/www.pcncontabilidade.com.br\/new\/","logo":{"@type":"ImageObject","inLanguage":"pt-BR","@id":"https:\/\/www.pcncontabilidade.com.br\/new\/#\/schema\/logo\/image\/","url":"http:\/\/www.pcncontabilidade.com.br\/new\/wp-content\/uploads\/2021\/03\/logoBranco-2-e1615847764799.png","contentUrl":"http:\/\/www.pcncontabilidade.com.br\/new\/wp-content\/uploads\/2021\/03\/logoBranco-2-e1615847764799.png","width":200,"height":70,"caption":"PCN Contabilidade"},"image":{"@id":"https:\/\/www.pcncontabilidade.com.br\/new\/#\/schema\/logo\/image\/"}}]}},"_links":{"self":[{"href":"https:\/\/www.pcncontabilidade.com.br\/new\/wp-json\/wp\/v2\/pages\/161","targetHints":{"allow":["GET"]}}],"collection":[{"href":"https:\/\/www.pcncontabilidade.com.br\/new\/wp-json\/wp\/v2\/pages"}],"about":[{"href":"https:\/\/www.pcncontabilidade.com.br\/new\/wp-json\/wp\/v2\/types\/page"}],"author":[{"embeddable":true,"href":"https:\/\/www.pcncontabilidade.com.br\/new\/wp-json\/wp\/v2\/users\/1"}],"replies":[{"embeddable":true,"href":"https:\/\/www.pcncontabilidade.com.br\/new\/wp-json\/wp\/v2\/comments?post=161"}],"version-history":[{"count":1,"href":"https:\/\/www.pcncontabilidade.com.br\/new\/wp-json\/wp\/v2\/pages\/161\/revisions"}],"predecessor-version":[{"id":164,"href":"https:\/\/www.pcncontabilidade.com.br\/new\/wp-json\/wp\/v2\/pages\/161\/revisions\/164"}],"wp:featuredmedia":[{"embeddable":true,"href":"https:\/\/www.pcncontabilidade.com.br\/new\/wp-json\/wp\/v2\/media\/157"}],"wp:attachment":[{"href":"https:\/\/www.pcncontabilidade.com.br\/new\/wp-json\/wp\/v2\/media?parent=161"}],"curies":[{"name":"wp","href":"https:\/\/api.w.org\/{rel}","templated":true}]}}